{"id":4758,"date":"2019-09-09T17:06:01","date_gmt":"2019-09-09T15:06:01","guid":{"rendered":"https:\/\/bee2beep.com\/riservatezza\/"},"modified":"2022-03-25T13:58:25","modified_gmt":"2022-03-25T12:58:25","slug":"riservatezza","status":"publish","type":"page","link":"https:\/\/bee2beep.com\/it\/riservatezza\/","title":{"rendered":"Privacy e cookie"},"content":{"rendered":"<div class=\"fusion-fullwidth fullwidth-box fusion-builder-row-1 fusion-flex-container nonhundred-percent-fullwidth non-hundred-percent-height-scrolling\" style=\"--awb-border-radius-top-left:0px;--awb-border-radius-top-right:0px;--awb-border-radius-bottom-right:0px;--awb-border-radius-bottom-left:0px;--awb-flex-wrap:wrap;\" ><div class=\"fusion-builder-row fusion-row fusion-flex-align-items-flex-start fusion-flex-justify-content-center fusion-flex-content-wrap\" style=\"max-width:1144px;margin-left: calc(-4% \/ 2 );margin-right: calc(-4% \/ 2 );\"><div class=\"fusion-layout-column fusion_builder_column fusion-builder-column-0 fusion_builder_column_1_1 1_1 fusion-flex-column\" style=\"--awb-bg-size:cover;--awb-width-large:100%;--awb-margin-top-large:0px;--awb-spacing-right-large:1.92%;--awb-margin-bottom-large:0px;--awb-spacing-left-large:1.92%;--awb-width-medium:100%;--awb-spacing-right-medium:1.92%;--awb-spacing-left-medium:1.92%;--awb-width-small:100%;--awb-spacing-right-small:1.92%;--awb-spacing-left-small:1.92%;\"><div class=\"fusion-column-wrapper fusion-column-has-shadow fusion-flex-justify-content-center fusion-content-layout-column\"><div class=\"fusion-text fusion-text-1\" style=\"--awb-content-alignment:center;--awb-text-transform:none;\"><h1>Privacy e cookie<\/h1>\n<\/div><div class=\"fusion-text fusion-text-2\" style=\"--awb-text-transform:none;\"><div class=\"fusion-text fusion-text-2\">\n<p>Questa politica sulla privacy definisce e ti informa del modo in cui Bee2Beep, in qualit\u00e0 di titolare del trattamento, utilizza e protegge le informazioni che trasmetti quando utilizzi il sito bee2beep.io (di seguito &#8220;il Sito&#8221;).<\/p>\n<p>La presente informativa sulla privacy pu\u00f2 essere modificata o integrata in qualsiasi momento da Bee2Beep. La data del suo aggiornamento sar\u00e0 poi espressamente specificata. Queste modifiche sono vincolanti per te non appena vengono messe online e ti consigliamo di consultarle regolarmente.<\/p>\n<p>Utilizzando il Sito, acconsenti espressamente alla nostra politica sulla privacy, di cui dichiari di aver letto perfettamente.<\/p>\n<p><strong>1. Informazioni raccolte<\/strong><br \/>\nBee2Beep raccoglie informazioni personali su di te quando ti iscrivi alla newsletter o invii un modulo di contatto. Le informazioni raccolte sono il tuo cognome, nome, indirizzo e-mail e numero di telefono.<br \/>\nInfine, riceviamo e registriamo automaticamente le informazioni dal tuo computer e browser, incluso il tuo indirizzo IP, quando visiti il Sito.<\/p>\n<p><strong>2. Finalit\u00e0 della raccolta delle informazioni<\/strong><\/p>\n<p>Tutte le informazioni che raccogliamo da te vengono utilizzate per:<\/p>\n<p>\u2022 Informarti su prodotti, programmi, servizi e promozioni che potrebbero interessarti, previa autorizzazione,<br \/>\n\u2022 Migliorare le prestazioni del nostro Sito,<br \/>\n\u2022 Personalizza la tua esperienza sul Sito e soddisfa le tue esigenze individuali<\/p>\n<p>Questo trattamento \u00e8 necessario per l&#8217;adempimento dei nostri obblighi contrattuali e si basa sul nostro legittimo interesse a migliorare i nostri servizi e comprendere le aspettative degli utenti del Sito.<\/p>\n<p><strong>3. Periodo di validit\u00e0<\/strong><\/p>\n<p>Bee2Beep conserva i dati personali solo per il tempo necessario alle operazioni per le quali sono stati raccolti.<br \/>\nNello specifico:<br \/>\n\u2022 I dati del potenziale cliente, ovvero le persone che hanno inviato un modulo, sono conservati per un periodo di due anni dalla loro raccolta o dall&#8217;ultimo collegamento del potenziale cliente al Sito.<br \/>\n\u2022 Le informazioni memorizzate nei terminali degli utenti (cookie) o qualsiasi altro elemento utilizzato per identificare gli utenti e consentirne la tracciabilit\u00e0 sono conservati per dodici mesi.<\/p>\n<p><strong>4. Riservatezza<\/strong><\/p>\n<p>Bee2Beep \u00e8 l&#8217;unico proprietario delle informazioni raccolte sul Sito. Le tue informazioni personali non saranno vendute, scambiate, trasferite o cedute a un&#8217;altra societ\u00e0 per scopi commerciali, senza il tuo consenso.<\/p>\n<p>Tali dati potranno, tuttavia, essere affidati a subappaltatori per la corretta esecuzione degli ordini effettuati o a soggetti terzi preposti alla gestione e\/o al funzionamento del Sito, che non sono in alcun modo autorizzati ad utilizzarli per scopi diversi da quello strettamente missione o per vendere, scambiare o trasferire i tuoi dati a terzi.<\/p>\n<p>I suoi dati potranno anche essere condivisi con terzi, solo nei limiti autorizzati (a) ai sensi delle leggi applicabili, (b) per adempiere al procedimento legale, (c) per rispondere alle richieste del governo e delle autorit\u00e0 pubbliche anche quando queste si trovano al di fuori del tuo paese di residenza, (d) per garantire il rispetto dei nostri termini e condizioni di vendita e utilizzo, (e) per proteggere i nostri diritti e interessi e quelli di altre persone o utenti del Sito.<\/p>\n<p>I suoi dati non nominativi, cio\u00e8 dati che non consentono la sua identificazione, potranno eventualmente essere forniti a terzi per finalit\u00e0 statistiche, di marketing o pubblicitarie. Gli articoli su questo sito possono includere contenuti incorporati (ad es. video, immagini, articoli, ecc.). I contenuti incorporati da altri siti si comportano come se il visitatore arrivasse a quell&#8217;altro sito. Questi siti Web potrebbero raccogliere dati su di te, utilizzare cookie, incorporare strumenti di tracciamento di terze parti, tracciare le tue interazioni con questo contenuto incorporato se hai un account collegato al loro sito Web.<\/p>\n<div class=\"fusion-privacy-element fusion-privacy-element-1\">\n<div class=\"fusion-privacy-form-intro\">\n<p>Ti diamo la possibilit\u00e0 di scegliere se accettare o meno il contenuto di queste applicazioni di terze parti. Tutto quello che devi fare \u00e8 deselezionare le caselle sottostanti e nessun dato di queste terze parti verr\u00e0 quindi accettato. Puoi annullare la tua decisione quando vuoi selezionando o deselezionando le caselle sottostanti e facendo clic sul pulsante di aggiornamento.<\/p>\n<\/p>\n<\/div>\n<form id=\"fusion-privacy-form-1\" method=\"post\" class=\"fusion-privacy-form fusion-privacy-form-floated\">\n<ul>\n<li><label for=\"youtube\"><input name=\"consents&#091;&#093;\" type=\"checkbox\" value=\"youtube\" id=\"youtube\">Youtube<\/label><\/li>\n<li><label for=\"gmaps\"><input name=\"consents&#091;&#093;\" type=\"checkbox\" value=\"gmaps\" id=\"gmaps\">Google Maps<\/label><\/li>\n<li><label for=\"tracking\"><input name=\"consents&#091;&#093;\" type=\"checkbox\" value=\"tracking\" id=\"tracking\">Monitoraggio dei cookie<\/label><\/li>\n<\/ul>\n<p><input type=\"hidden\" name=\"_wp_http_referer\" value=\"\/confidentialite-et-cookie\/\"><input type=\"hidden\" name=\"privacyformid\" value=\"1\"><input type=\"hidden\" name=\"consents&#091;&#093;\" value=\"consent\"><input class=\"fusion-button fusion-button-default fusion-button-default-size\" type=\"submit\" value=\"Update\"><\/form>\n<\/div>\n<p><strong>5. Protezione delle informazioni<\/strong><\/p>\n<p>Garantiamo che qualsiasi fornitore di servizi o subappaltatore che potremmo utilizzare nel contesto della raccolta e del trattamento dei dati che ci comunicate fornisca garanzie adeguate in termini di riservatezza, utilizzo e protezione dei dati.<\/p>\n<p>I computer e i server utilizzati per archiviare le informazioni di identificazione personale sono mantenuti in un ambiente sicuro.<\/p>\n<p><strong>6. Diritto di accesso, rettifica e opposizione<\/strong><\/p>\n<p>Hai il diritto di accesso, limitazione, rettifica, cancellazione e opposizione all&#8217;uso dei tuoi dati personali trasmessi al Sito.<\/p>\n<p>Qualsiasi richiesta in tal senso deve essere indirizzata al titolare del Sito inviando una email a contact@bee2beep.io<\/p>\n<p>Visto il nostro obbligo di sicurezza e riservatezza nel trattamento dei dati personali, ogni richiesta dovr\u00e0 essere accompagnata da fotocopia o scansione del proprio documento di identit\u00e0 (carta d&#8217;identit\u00e0, passaporto, patente).<\/p>\n<p>Ti risponderemo entro massimo un mese dal ricevimento della tua richiesta.<\/p>\n<p>Per assisterti nelle tue procedure, la CNIL ha sviluppato lettere modello che ti consentono di richiedere:<\/p>\n<p>\u2013 Accesso ai dati personali:<br \/>\nhttps:\/\/www.cnil.fr\/fr\/modele\/courrier\/exercer-son-droit-dacces<\/p>\n<p>\u2013 Rettifica, aggiornamento, blocco o cancellazione dei tuoi dati personali:<br \/>\nhttps:\/\/www.cnil.fr\/fr\/modele\/courrier\/rectifier-des-donnees-inexactes-obsoletes-ou-perimees<\/p>\n<p>\u2013 Opposizione al trattamento dei tuoi dati personali per un motivo legittimo o quando i tuoi dati vengono utilizzati a fini di prospezione commerciale:<br \/>\nhttps:\/\/www.cnil.fr\/fr\/modele\/courrier\/supprimer-des-informations-vous-concernant-dun-site-internet<\/p>\n<p><strong>7. Cookie Policy<\/strong><br \/>\nQuando ti colleghi al Sito, Bee2Beep potrebbe procedere all&#8217;implementazione di un cookie sul disco rigido del tuo terminale al fine di garantirti una navigazione fluida e ottimale sul Sito. I \u201ccookie\u201d (detti anche \u201ccookie di connessione\u201d) ci consentono di riconoscere il tuo computer, tablet o cellulare allo scopo di personalizzare i servizi che ti offriamo attraverso il Sito.<\/p>\n<p>Per informarti di ci\u00f2, viene visualizzato un banner nella parte inferiore del tuo schermo quando ti colleghi al Sito. Puoi rifiutare il deposito di cookie sul tuo terminale in qualsiasi momento configurando il tuo browser internet. In tal caso, tuttavia, non possiamo garantire il funzionamento ottimale del Sito e non possiamo essere ritenuti responsabili per eventuali conseguenze legate all&#8217;alterazione delle tue condizioni di navigazione sul Sito che risulterebbe dalla tua scelta di rifiutare o bloccare i cookie necessari per il suo corretto funzionamento.<\/p>\n<p>Pour vous guider dans vos param\u00e9trages, la CNIL a mis au point une page d\u00e9di\u00e9e \u00e0 la maitrise des cookies, consultable \u00e0 travers le lien suivant : https:\/\/www.cnil.fr\/fr\/cookies-les-outils-pour-les -padroneggiare.<\/p>\n<p>Le informazioni raccolte tramite i cookie non consentono in alcun modo di essere identificati per nome e hanno il solo scopo di aiutarci a migliorare le prestazioni del Sito.<\/p>\n<p>In accordo con le raccomandazioni della CNIL, i cookie strettamente necessari al funzionamento del Sito non sono soggetti ad alcun obbligo preventivo da parte tua. \u00c8 invece necessario il Suo espresso consenso prima dell&#8217;utilizzo dei cookie emessi da terze parti, che sono soggette alle politiche di riservatezza di queste ultime, consultabili sui loro siti web. Questi cookie possono essere cookie di misurazione dell&#8217;audience, cookie pubblicitari o cookie di condivisione dei social network.<\/p>\n<p><strong>8. Rimedi<\/strong><\/p>\n<p>Se ritieni che non stiamo rispettando i nostri obblighi in merito alla raccolta e al trattamento dei tuoi dati personali, puoi inviare un reclamo alla CNIL per posta o elettronicamente tramite il seguente link: https:\/\/www.cnil .fr\/fr \/reclami\/internet.<\/p>\n<p>\u2013 luglio 2022 \u2013<\/p>\n<\/div>\n<\/div><\/div><\/div><\/div><\/div>\n","protected":false},"excerpt":{"rendered":"","protected":false},"author":1,"featured_media":0,"parent":0,"menu_order":0,"comment_status":"closed","ping_status":"closed","template":"100-width.php","meta":{"footnotes":""},"class_list":["post-4758","page","type-page","status-publish","hentry"],"yoast_head":"<!-- This site is optimized with the Yoast SEO plugin v27.4 - https:\/\/yoast.com\/product\/yoast-seo-wordpress\/ -->\n<title>Privacy e cookie<\/title>\n<meta name=\"robots\" content=\"index, follow, max-snippet:-1, max-image-preview:large, max-video-preview:-1\" \/>\n<link rel=\"canonical\" href=\"https:\/\/bee2beep.com\/it\/riservatezza\/\" \/>\n<meta property=\"og:locale\" content=\"it_IT\" \/>\n<meta property=\"og:type\" content=\"article\" \/>\n<meta property=\"og:title\" content=\"Privacy e cookie\" \/>\n<meta property=\"og:url\" content=\"https:\/\/bee2beep.com\/it\/riservatezza\/\" \/>\n<meta property=\"og:site_name\" content=\"Bee2Beep\" \/>\n<meta property=\"article:modified_time\" content=\"2022-03-25T12:58:25+00:00\" \/>\n<meta name=\"twitter:card\" content=\"summary_large_image\" \/>\n<script type=\"application\/ld+json\" class=\"yoast-schema-graph\">{\"@context\":\"https:\\\/\\\/schema.org\",\"@graph\":[{\"@type\":\"WebPage\",\"@id\":\"https:\\\/\\\/bee2beep.com\\\/it\\\/riservatezza\\\/\",\"url\":\"https:\\\/\\\/bee2beep.com\\\/it\\\/riservatezza\\\/\",\"name\":\"Privacy e cookie\",\"isPartOf\":{\"@id\":\"https:\\\/\\\/bee2beep.com\\\/it\\\/#website\"},\"datePublished\":\"2019-09-09T15:06:01+00:00\",\"dateModified\":\"2022-03-25T12:58:25+00:00\",\"inLanguage\":\"it-IT\",\"potentialAction\":[{\"@type\":\"ReadAction\",\"target\":[\"https:\\\/\\\/bee2beep.com\\\/it\\\/riservatezza\\\/\"]}]},{\"@type\":\"WebSite\",\"@id\":\"https:\\\/\\\/bee2beep.com\\\/it\\\/#website\",\"url\":\"https:\\\/\\\/bee2beep.com\\\/it\\\/\",\"name\":\"Bee2Beep\",\"description\":\"\",\"potentialAction\":[{\"@type\":\"SearchAction\",\"target\":{\"@type\":\"EntryPoint\",\"urlTemplate\":\"https:\\\/\\\/bee2beep.com\\\/it\\\/?s={search_term_string}\"},\"query-input\":{\"@type\":\"PropertyValueSpecification\",\"valueRequired\":true,\"valueName\":\"search_term_string\"}}],\"inLanguage\":\"it-IT\"}]}<\/script>\n<!-- \/ Yoast SEO plugin. -->","yoast_head_json":{"title":"Privacy e cookie","robots":{"index":"index","follow":"follow","max-snippet":"max-snippet:-1","max-image-preview":"max-image-preview:large","max-video-preview":"max-video-preview:-1"},"canonical":"https:\/\/bee2beep.com\/it\/riservatezza\/","og_locale":"it_IT","og_type":"article","og_title":"Privacy e cookie","og_url":"https:\/\/bee2beep.com\/it\/riservatezza\/","og_site_name":"Bee2Beep","article_modified_time":"2022-03-25T12:58:25+00:00","twitter_card":"summary_large_image","schema":{"@context":"https:\/\/schema.org","@graph":[{"@type":"WebPage","@id":"https:\/\/bee2beep.com\/it\/riservatezza\/","url":"https:\/\/bee2beep.com\/it\/riservatezza\/","name":"Privacy e cookie","isPartOf":{"@id":"https:\/\/bee2beep.com\/it\/#website"},"datePublished":"2019-09-09T15:06:01+00:00","dateModified":"2022-03-25T12:58:25+00:00","inLanguage":"it-IT","potentialAction":[{"@type":"ReadAction","target":["https:\/\/bee2beep.com\/it\/riservatezza\/"]}]},{"@type":"WebSite","@id":"https:\/\/bee2beep.com\/it\/#website","url":"https:\/\/bee2beep.com\/it\/","name":"Bee2Beep","description":"","potentialAction":[{"@type":"SearchAction","target":{"@type":"EntryPoint","urlTemplate":"https:\/\/bee2beep.com\/it\/?s={search_term_string}"},"query-input":{"@type":"PropertyValueSpecification","valueRequired":true,"valueName":"search_term_string"}}],"inLanguage":"it-IT"}]}},"_links":{"self":[{"href":"https:\/\/bee2beep.com\/it\/wp-json\/wp\/v2\/pages\/4758","targetHints":{"allow":["GET"]}}],"collection":[{"href":"https:\/\/bee2beep.com\/it\/wp-json\/wp\/v2\/pages"}],"about":[{"href":"https:\/\/bee2beep.com\/it\/wp-json\/wp\/v2\/types\/page"}],"author":[{"embeddable":true,"href":"https:\/\/bee2beep.com\/it\/wp-json\/wp\/v2\/users\/1"}],"replies":[{"embeddable":true,"href":"https:\/\/bee2beep.com\/it\/wp-json\/wp\/v2\/comments?post=4758"}],"version-history":[{"count":2,"href":"https:\/\/bee2beep.com\/it\/wp-json\/wp\/v2\/pages\/4758\/revisions"}],"predecessor-version":[{"id":4764,"href":"https:\/\/bee2beep.com\/it\/wp-json\/wp\/v2\/pages\/4758\/revisions\/4764"}],"wp:attachment":[{"href":"https:\/\/bee2beep.com\/it\/wp-json\/wp\/v2\/media?parent=4758"}],"curies":[{"name":"wp","href":"https:\/\/api.w.org\/{rel}","templated":true}]}}