{"id":4071,"date":"2022-01-19T10:05:31","date_gmt":"2022-01-19T09:05:31","guid":{"rendered":"https:\/\/bee2beep.com\/faq-escala-colmena-antirrobo-conectada\/"},"modified":"2023-02-22T18:54:42","modified_gmt":"2023-02-22T17:54:42","slug":"faq-productos","status":"publish","type":"page","link":"https:\/\/bee2beep.com\/es\/faq-productos\/","title":{"rendered":"FAQ BEE2BEEP"},"content":{"rendered":"<div class=\"fusion-fullwidth fullwidth-box fusion-builder-row-1 fusion-flex-container nonhundred-percent-fullwidth non-hundred-percent-height-scrolling\" style=\"--awb-border-radius-top-left:0px;--awb-border-radius-top-right:0px;--awb-border-radius-bottom-right:0px;--awb-border-radius-bottom-left:0px;--awb-flex-wrap:wrap;\" ><div class=\"fusion-builder-row fusion-row fusion-flex-align-items-flex-start fusion-flex-content-wrap\" style=\"max-width:1144px;margin-left: calc(-4% \/ 2 );margin-right: calc(-4% \/ 2 );\"><div class=\"fusion-layout-column fusion_builder_column fusion-builder-column-0 fusion_builder_column_1_1 1_1 fusion-flex-column\" style=\"--awb-bg-size:cover;--awb-width-large:100%;--awb-margin-top-large:0px;--awb-spacing-right-large:1.92%;--awb-margin-bottom-large:0px;--awb-spacing-left-large:1.92%;--awb-width-medium:100%;--awb-order-medium:0;--awb-spacing-right-medium:1.92%;--awb-spacing-left-medium:1.92%;--awb-width-small:100%;--awb-order-small:0;--awb-spacing-right-small:1.92%;--awb-spacing-left-small:1.92%;\"><div class=\"fusion-column-wrapper fusion-column-has-shadow fusion-flex-justify-content-flex-start fusion-content-layout-column\"><div class=\"fusion-title title fusion-title-1 fusion-sep-none fusion-title-text fusion-title-size-one\" style=\"--awb-margin-top-small:0px;--awb-margin-right-small:0px;--awb-margin-bottom-small:20px;--awb-margin-left-small:0px;\"><h1 class=\"fusion-title-heading title-heading-left\" style=\"margin:0;\">Preguntas frecuentes B\u00e1scula conectada a colmena<\/h1><\/div><div class=\"fusion-text fusion-text-1\" style=\"--awb-text-transform:none;\"><p><strong><span id=\"p0\">1.<\/span> <span id=\"p1\">\u00bfCu\u00e1l es la duraci\u00f3n de la bater\u00eda de las b\u00e1sculas conectadas?<\/span><\/strong><\/p>\n<p><span id=\"p2\">Las <span id=\"47\">b\u00e1sculas Bee2beep<\/span> y <span id=\"48\">Bee2beep<\/span> Pro funcionan con una <span id=\"49\">bater\u00eda<\/span> AA de 3,6 V que <span id=\"50\">tiene<\/span> una vida \u00fatil m\u00ednima de 9 meses.<\/span> <span id=\"p3\">Despu\u00e9s de que se agote, solo necesita cambiar la bater\u00eda.<\/span><\/p>\n<p>&nbsp;<\/p>\n<p><strong><span id=\"p4\">2.<\/span> <span id=\"p76\">\u00bfCon qu\u00e9 frecuencia se env\u00edan los datos?<\/span><\/strong><\/p>\n<p><span id=\"p6\">Los datos se env\u00edan cada 30 segundos a una puerta de enlace que los procesa directamente.<\/span><\/p>\n<p>&nbsp;<\/p>\n<p><strong><span id=\"p7\">3.<\/span> <span id=\"p8\">\u00bfC\u00f3mo acceder a la interfaz?<\/span><\/strong><\/p>\n<p><span id=\"p78\">Puedes conectarte a cualquier navegador web <span id=\"p77\">(Chrome, Safari, Mozilla)<\/span> para consultar los datos de tu b\u00e1scula conectada.<\/span> <span id=\"p11\">Para ello, debe dirigirse a la puerta de enlace:<\/span> <span id=\"p12\"><span id=\"42\" class=\"s-rg-t\">https:\/\/solution<\/span> .<\/span> <span id=\"p13\"><span id=\"43\" class=\"s-rg-t\">Bee2Beep<\/span> .<\/span> <span id=\"p14\"><span id=\"44\" class=\"s-rg-t\">com\/<\/span> accesible desde el sitio web.<\/span> <span id=\"p15\">Te invitamos a agregarlo a tus favoritos.<\/span><\/p>\n<p>&nbsp;<\/p>\n<p><strong><span id=\"p17\">4.<\/span> <span id=\"p79\">\u00bfLas olas son peligrosas para la colonia?<\/span><\/strong><\/p>\n<p><span id=\"p80\">Nuestros productos han sido probados por apicultores durante varias temporadas.<\/span><span id=\"p20\"> Las ondas enviadas por la b\u00e1scula solo se env\u00edan al enviar datos, que duran solo unos segundos.<\/span><span id=\"p21\"> El resto del tiempo, su b\u00e1scula est\u00e1 en modo de suspensi\u00f3n para ahorrar energ\u00eda de la bater\u00eda.<\/span><span id=\"p22\"> <\/span><\/p>\n<p>&nbsp;<\/p>\n<p><strong><span id=\"p23\">5.<\/span> <span id=\"p81\">\u00bfCu\u00e1ntas colmenas puedo tener en mi interfaz?<\/span><\/strong><\/p>\n<p><span id=\"p82\">Su interfaz de software no est\u00e1 limitada y puede alojar tantas colmenas como desee.<\/span><\/p>\n<p>&nbsp;<\/p>\n<p><strong><span id=\"p26\">6.<\/span> <span id=\"p27\">\u00bfQu\u00e9 tan precisas son las escalas?<\/span><\/strong><\/p>\n<p><span id=\"p28\">El peso m\u00e1ximo soportado es de 200 kg, y su precisi\u00f3n es de <span id=\"53\" class=\"s-rg-t\">+\/-<\/span> 50 g para la <span id=\"54\" class=\"s-rg-t\">b\u00e1scula Bee2beep<\/span> PRO &#8211; Origine France <span id=\"55\" class=\"s-bl-t\">Garantie<\/span><\/span><\/p>\n<p><span id=\"p29\">El peso m\u00e1ximo soportado por la b\u00e1scula <span id=\"56\" class=\"s-rg-t\">Bee2beep<\/span> es de <span id=\"57\" class=\"s-bl-t\">150kg<\/span> con una precisi\u00f3n tambi\u00e9n de + o &#8211; <span id=\"58\" class=\"s-bl-t\">100g<\/span><\/span><\/p>\n<p><span id=\"p30\">Todas nuestras b\u00e1sculas est\u00e1n fabricadas en Francia, <span id=\"59\">certificadas<\/span> Origine France Garantie y probadas con metrolog\u00eda antes de ser almacenadas.<\/span><\/p>\n<p>&nbsp;<\/p>\n<p><strong><span id=\"p31\">7.<\/span> <span id=\"p32\">\u00bfCon qu\u00e9 tipos de soportes son compatibles las b\u00e1sculas?<\/span><\/strong><\/p>\n<p><span id=\"p33\">Las b\u00e1sculas conectadas <span id=\"61\" class=\"s-rg-t\">Bee2beep<\/span> son adaptables a todo tipo de soportes.<\/span><span id=\"p34\"> La b\u00e1scula <span id=\"63\" class=\"s-rg-t\">Bee2beep<\/span> es f\u00e1cil de instalar con sus 4 esp\u00e1rragos de pesaje y se coloca r\u00e1pidamente en tarimas, bloques de hormig\u00f3n, vigas, vigas <span id=\"65\" class=\"s-bl-t\">,<\/span> <span id=\"64\" class=\"s-bl-t\">etc.<\/span><\/span><span id=\"p35\"> La <span id=\"66\" class=\"s-rg-t\">b\u00e1scula Bee2beep<\/span> PRO, por otro lado, tiene una distancia entre ejes fija que le da restricciones en las instalaciones de vigas, pero se adapta perfectamente a paletas o soportes s\u00f3lidos.<\/span><span id=\"p36\">  <\/span><\/p>\n<p>&nbsp;<br \/>\n<strong><span id=\"p37\">8.<\/span> <span id=\"p83\">\u00bfFuncionan las balanzas bajo todo tipo de colmenas?<\/span><\/strong><\/p>\n<p><span id=\"p39\">Las b\u00e1sculas conectadas <span id=\"71\" class=\"s-rg-t\">Bee2beep<\/span> pueden aceptar todos los formatos de colmena convencionales, excepto las colmenas de Kenia.<\/span><span id=\"p40\"> <\/span><\/p>\n<\/div><\/div><\/div><\/div><\/div>\n","protected":false},"excerpt":{"rendered":"","protected":false},"author":4,"featured_media":0,"parent":0,"menu_order":0,"comment_status":"closed","ping_status":"closed","template":"","meta":{"footnotes":""},"class_list":["post-4071","page","type-page","status-publish","hentry"],"yoast_head":"<!-- This site is optimized with the Yoast SEO plugin v27.4 - https:\/\/yoast.com\/product\/yoast-seo-wordpress\/ -->\n<title>FAQ BEE2BEEP<\/title>\n<meta name=\"robots\" content=\"index, follow, max-snippet:-1, max-image-preview:large, max-video-preview:-1\" \/>\n<link rel=\"canonical\" href=\"https:\/\/bee2beep.com\/es\/faq-productos\/\" \/>\n<meta property=\"og:locale\" content=\"es_ES\" \/>\n<meta property=\"og:type\" content=\"article\" \/>\n<meta property=\"og:title\" content=\"FAQ BEE2BEEP\" \/>\n<meta property=\"og:url\" content=\"https:\/\/bee2beep.com\/es\/faq-productos\/\" \/>\n<meta property=\"og:site_name\" content=\"Bee2Beep\" \/>\n<meta property=\"article:modified_time\" content=\"2023-02-22T17:54:42+00:00\" \/>\n<meta name=\"twitter:card\" content=\"summary_large_image\" \/>\n<script type=\"application\/ld+json\" class=\"yoast-schema-graph\">{\"@context\":\"https:\\\/\\\/schema.org\",\"@graph\":[{\"@type\":\"WebPage\",\"@id\":\"https:\\\/\\\/bee2beep.com\\\/es\\\/faq-productos\\\/\",\"url\":\"https:\\\/\\\/bee2beep.com\\\/es\\\/faq-productos\\\/\",\"name\":\"FAQ BEE2BEEP\",\"isPartOf\":{\"@id\":\"https:\\\/\\\/bee2beep.com\\\/es\\\/#website\"},\"datePublished\":\"2022-01-19T09:05:31+00:00\",\"dateModified\":\"2023-02-22T17:54:42+00:00\",\"inLanguage\":\"es\",\"potentialAction\":[{\"@type\":\"ReadAction\",\"target\":[\"https:\\\/\\\/bee2beep.com\\\/es\\\/faq-productos\\\/\"]}]},{\"@type\":\"WebSite\",\"@id\":\"https:\\\/\\\/bee2beep.com\\\/es\\\/#website\",\"url\":\"https:\\\/\\\/bee2beep.com\\\/es\\\/\",\"name\":\"Bee2Beep\",\"description\":\"\",\"potentialAction\":[{\"@type\":\"SearchAction\",\"target\":{\"@type\":\"EntryPoint\",\"urlTemplate\":\"https:\\\/\\\/bee2beep.com\\\/es\\\/?s={search_term_string}\"},\"query-input\":{\"@type\":\"PropertyValueSpecification\",\"valueRequired\":true,\"valueName\":\"search_term_string\"}}],\"inLanguage\":\"es\"}]}<\/script>\n<!-- \/ Yoast SEO plugin. -->","yoast_head_json":{"title":"FAQ BEE2BEEP","robots":{"index":"index","follow":"follow","max-snippet":"max-snippet:-1","max-image-preview":"max-image-preview:large","max-video-preview":"max-video-preview:-1"},"canonical":"https:\/\/bee2beep.com\/es\/faq-productos\/","og_locale":"es_ES","og_type":"article","og_title":"FAQ BEE2BEEP","og_url":"https:\/\/bee2beep.com\/es\/faq-productos\/","og_site_name":"Bee2Beep","article_modified_time":"2023-02-22T17:54:42+00:00","twitter_card":"summary_large_image","schema":{"@context":"https:\/\/schema.org","@graph":[{"@type":"WebPage","@id":"https:\/\/bee2beep.com\/es\/faq-productos\/","url":"https:\/\/bee2beep.com\/es\/faq-productos\/","name":"FAQ BEE2BEEP","isPartOf":{"@id":"https:\/\/bee2beep.com\/es\/#website"},"datePublished":"2022-01-19T09:05:31+00:00","dateModified":"2023-02-22T17:54:42+00:00","inLanguage":"es","potentialAction":[{"@type":"ReadAction","target":["https:\/\/bee2beep.com\/es\/faq-productos\/"]}]},{"@type":"WebSite","@id":"https:\/\/bee2beep.com\/es\/#website","url":"https:\/\/bee2beep.com\/es\/","name":"Bee2Beep","description":"","potentialAction":[{"@type":"SearchAction","target":{"@type":"EntryPoint","urlTemplate":"https:\/\/bee2beep.com\/es\/?s={search_term_string}"},"query-input":{"@type":"PropertyValueSpecification","valueRequired":true,"valueName":"search_term_string"}}],"inLanguage":"es"}]}},"_links":{"self":[{"href":"https:\/\/bee2beep.com\/es\/wp-json\/wp\/v2\/pages\/4071","targetHints":{"allow":["GET"]}}],"collection":[{"href":"https:\/\/bee2beep.com\/es\/wp-json\/wp\/v2\/pages"}],"about":[{"href":"https:\/\/bee2beep.com\/es\/wp-json\/wp\/v2\/types\/page"}],"author":[{"embeddable":true,"href":"https:\/\/bee2beep.com\/es\/wp-json\/wp\/v2\/users\/4"}],"replies":[{"embeddable":true,"href":"https:\/\/bee2beep.com\/es\/wp-json\/wp\/v2\/comments?post=4071"}],"version-history":[{"count":3,"href":"https:\/\/bee2beep.com\/es\/wp-json\/wp\/v2\/pages\/4071\/revisions"}],"predecessor-version":[{"id":9465,"href":"https:\/\/bee2beep.com\/es\/wp-json\/wp\/v2\/pages\/4071\/revisions\/9465"}],"wp:attachment":[{"href":"https:\/\/bee2beep.com\/es\/wp-json\/wp\/v2\/media?parent=4071"}],"curies":[{"name":"wp","href":"https:\/\/api.w.org\/{rel}","templated":true}]}}