{"id":4056,"date":"2021-12-22T00:32:33","date_gmt":"2021-12-21T23:32:33","guid":{"rendered":"https:\/\/bee2beep.com\/entrega-y-devoluciones\/"},"modified":"2022-03-25T12:23:43","modified_gmt":"2022-03-25T11:23:43","slug":"entrega-y-devoluciones","status":"publish","type":"page","link":"https:\/\/bee2beep.com\/es\/entrega-y-devoluciones\/","title":{"rendered":"Entrega y devoluciones"},"content":{"rendered":"<div class=\"fusion-fullwidth fullwidth-box fusion-builder-row-1 fusion-flex-container nonhundred-percent-fullwidth non-hundred-percent-height-scrolling ctnr-simple\" style=\"--awb-border-radius-top-left:0px;--awb-border-radius-top-right:0px;--awb-border-radius-bottom-right:0px;--awb-border-radius-bottom-left:0px;--awb-min-height:90vh;--awb-flex-wrap:wrap;\" ><div class=\"fusion-builder-row fusion-row fusion-flex-align-items-flex-start fusion-flex-justify-content-center fusion-flex-content-wrap\" style=\"max-width:1144px;margin-left: calc(-4% \/ 2 );margin-right: calc(-4% \/ 2 );\"><div class=\"fusion-layout-column fusion_builder_column fusion-builder-column-0 fusion_builder_column_1_1 1_1 fusion-flex-column col-inside\" style=\"--awb-bg-size:cover;--awb-width-large:100%;--awb-margin-top-large:0px;--awb-spacing-right-large:1.92%;--awb-margin-bottom-large:0px;--awb-spacing-left-large:1.92%;--awb-width-medium:100%;--awb-order-medium:0;--awb-spacing-right-medium:1.92%;--awb-spacing-left-medium:1.92%;--awb-width-small:100%;--awb-order-small:0;--awb-spacing-right-small:1.92%;--awb-spacing-left-small:1.92%;\"><div class=\"fusion-column-wrapper fusion-column-has-shadow fusion-flex-justify-content-center fusion-content-layout-column\"><div class=\"fusion-title title fusion-title-1 fusion-sep-none fusion-title-text fusion-title-size-one\" style=\"--awb-margin-top-small:0px;--awb-margin-right-small:0px;--awb-margin-bottom-small:20px;--awb-margin-left-small:0px;\"><h1 class=\"fusion-title-heading title-heading-left\" style=\"margin:0;\">Entrega y devoluciones: las condiciones<\/h1><\/div><div class=\"fusion-text fusion-text-1\" style=\"--awb-content-alignment:left;--awb-text-transform:none;\"><h3>Entrega Francia<\/h3>\n<p>Entrega gratuita y con seguimiento en Francia para todos nuestros productos en 4 a 6 d\u00edas h\u00e1biles.<\/p>\n<h3>Entrega Uni\u00f3n Europea<\/h3>\n<p>Entregamos nuestros productos en toda la Uni\u00f3n Europea.<br \/>\nEl pa\u00eds de facturaci\u00f3n es Francia, lugar del domicilio social de la empresa.<\/p>\n<p><strong>Precios e IVA<\/strong><br \/>\nNuestros precios incluyen todos los impuestos y est\u00e1n indicados en Euros (\u20ac).<br \/>\nDurante una entrega en Francia metropolitana, los precios tienen en cuenta el IVA franc\u00e9s en vigor.<br \/>\nCualquier cambio en la tasa de IVA podr\u00eda verse reflejado inmediatamente en nuestros precios.<br \/>\nEn el caso de una venta fuera del territorio franc\u00e9s a una Empresa, la venta ser\u00e1 sin IVA.<br \/>\nEn este caso, se requiere un n\u00famero de IVA intracomunitario para ingresar el pedido.<br \/>\nEn el caso de una venta a un particular, la venta ser\u00e1 con IVA franc\u00e9s (20%).<\/p>\n<p>A menos que se especifique lo contrario para el env\u00edo, nosotros mismos elegimos el tipo y la ruta de env\u00edo. Los gastos de embalaje, flete, puerto, aduana y seguro corren a cargo del comprador. El embalaje se factura a precio de coste y no se puede retirar. El seguro se contrata \u00fanicamente a petici\u00f3n expresa del adquirente.<br \/>\nNos reservamos el derecho de modificar nuestros precios, m\u00e1s particularmente en el caso de que los precios de costo se modifiquen principalmente por razones salariales o de costos o incluso cambios en los costos administrativos, contribuciones o impuestos hasta la fecha de entrega.<\/p>\n<p>Nuestras entregas se realizan por UPS, GLS o Colissimo con seguimiento.<br \/>\nHemos elegido estos m\u00e9todos de entrega por su eficacia en t\u00e9rminos de trazabilidad y seguridad. Cada uno de estos m\u00e9todos de env\u00edo ofrece seguimiento en l\u00ednea del paquete.<\/p>\n<p>Sitios de UPS y Colissimo:<br \/>\nhttps:\/\/www.ups.com\/track?loc=fr_FR&#038;requester=WT\/<br \/>\nhttps:\/\/www.laposte.fr\/colissimo<\/p>\n<\/div><\/div><\/div><\/div><\/div>\n","protected":false},"excerpt":{"rendered":"","protected":false},"author":1,"featured_media":0,"parent":0,"menu_order":0,"comment_status":"closed","ping_status":"closed","template":"100-width.php","meta":{"footnotes":""},"class_list":["post-4056","page","type-page","status-publish","hentry"],"yoast_head":"<!-- This site is optimized with the Yoast SEO plugin v27.5 - https:\/\/yoast.com\/product\/yoast-seo-wordpress\/ -->\n<title>Entrega y devoluciones<\/title>\n<meta name=\"robots\" content=\"index, follow, max-snippet:-1, max-image-preview:large, max-video-preview:-1\" \/>\n<link rel=\"canonical\" href=\"https:\/\/bee2beep.com\/es\/entrega-y-devoluciones\/\" \/>\n<meta property=\"og:locale\" content=\"es_ES\" \/>\n<meta property=\"og:type\" content=\"article\" \/>\n<meta property=\"og:title\" content=\"Entrega y devoluciones\" \/>\n<meta property=\"og:url\" content=\"https:\/\/bee2beep.com\/es\/entrega-y-devoluciones\/\" \/>\n<meta property=\"og:site_name\" content=\"Bee2Beep\" \/>\n<meta property=\"article:modified_time\" content=\"2022-03-25T11:23:43+00:00\" \/>\n<meta name=\"twitter:card\" content=\"summary_large_image\" \/>\n<script type=\"application\/ld+json\" class=\"yoast-schema-graph\">{\"@context\":\"https:\\\/\\\/schema.org\",\"@graph\":[{\"@type\":\"WebPage\",\"@id\":\"https:\\\/\\\/bee2beep.com\\\/es\\\/entrega-y-devoluciones\\\/\",\"url\":\"https:\\\/\\\/bee2beep.com\\\/es\\\/entrega-y-devoluciones\\\/\",\"name\":\"Entrega y devoluciones\",\"isPartOf\":{\"@id\":\"https:\\\/\\\/bee2beep.com\\\/es\\\/#website\"},\"datePublished\":\"2021-12-21T23:32:33+00:00\",\"dateModified\":\"2022-03-25T11:23:43+00:00\",\"inLanguage\":\"es\",\"potentialAction\":[{\"@type\":\"ReadAction\",\"target\":[\"https:\\\/\\\/bee2beep.com\\\/es\\\/entrega-y-devoluciones\\\/\"]}]},{\"@type\":\"WebSite\",\"@id\":\"https:\\\/\\\/bee2beep.com\\\/es\\\/#website\",\"url\":\"https:\\\/\\\/bee2beep.com\\\/es\\\/\",\"name\":\"Bee2Beep\",\"description\":\"\",\"potentialAction\":[{\"@type\":\"SearchAction\",\"target\":{\"@type\":\"EntryPoint\",\"urlTemplate\":\"https:\\\/\\\/bee2beep.com\\\/es\\\/?s={search_term_string}\"},\"query-input\":{\"@type\":\"PropertyValueSpecification\",\"valueRequired\":true,\"valueName\":\"search_term_string\"}}],\"inLanguage\":\"es\"}]}<\/script>\n<!-- \/ Yoast SEO plugin. -->","yoast_head_json":{"title":"Entrega y devoluciones","robots":{"index":"index","follow":"follow","max-snippet":"max-snippet:-1","max-image-preview":"max-image-preview:large","max-video-preview":"max-video-preview:-1"},"canonical":"https:\/\/bee2beep.com\/es\/entrega-y-devoluciones\/","og_locale":"es_ES","og_type":"article","og_title":"Entrega y devoluciones","og_url":"https:\/\/bee2beep.com\/es\/entrega-y-devoluciones\/","og_site_name":"Bee2Beep","article_modified_time":"2022-03-25T11:23:43+00:00","twitter_card":"summary_large_image","schema":{"@context":"https:\/\/schema.org","@graph":[{"@type":"WebPage","@id":"https:\/\/bee2beep.com\/es\/entrega-y-devoluciones\/","url":"https:\/\/bee2beep.com\/es\/entrega-y-devoluciones\/","name":"Entrega y devoluciones","isPartOf":{"@id":"https:\/\/bee2beep.com\/es\/#website"},"datePublished":"2021-12-21T23:32:33+00:00","dateModified":"2022-03-25T11:23:43+00:00","inLanguage":"es","potentialAction":[{"@type":"ReadAction","target":["https:\/\/bee2beep.com\/es\/entrega-y-devoluciones\/"]}]},{"@type":"WebSite","@id":"https:\/\/bee2beep.com\/es\/#website","url":"https:\/\/bee2beep.com\/es\/","name":"Bee2Beep","description":"","potentialAction":[{"@type":"SearchAction","target":{"@type":"EntryPoint","urlTemplate":"https:\/\/bee2beep.com\/es\/?s={search_term_string}"},"query-input":{"@type":"PropertyValueSpecification","valueRequired":true,"valueName":"search_term_string"}}],"inLanguage":"es"}]}},"_links":{"self":[{"href":"https:\/\/bee2beep.com\/es\/wp-json\/wp\/v2\/pages\/4056","targetHints":{"allow":["GET"]}}],"collection":[{"href":"https:\/\/bee2beep.com\/es\/wp-json\/wp\/v2\/pages"}],"about":[{"href":"https:\/\/bee2beep.com\/es\/wp-json\/wp\/v2\/types\/page"}],"author":[{"embeddable":true,"href":"https:\/\/bee2beep.com\/es\/wp-json\/wp\/v2\/users\/1"}],"replies":[{"embeddable":true,"href":"https:\/\/bee2beep.com\/es\/wp-json\/wp\/v2\/comments?post=4056"}],"version-history":[{"count":2,"href":"https:\/\/bee2beep.com\/es\/wp-json\/wp\/v2\/pages\/4056\/revisions"}],"predecessor-version":[{"id":4060,"href":"https:\/\/bee2beep.com\/es\/wp-json\/wp\/v2\/pages\/4056\/revisions\/4060"}],"wp:attachment":[{"href":"https:\/\/bee2beep.com\/es\/wp-json\/wp\/v2\/media?parent=4056"}],"curies":[{"name":"wp","href":"https:\/\/api.w.org\/{rel}","templated":true}]}}