{"id":4025,"date":"2019-09-09T17:06:01","date_gmt":"2019-09-09T15:06:01","guid":{"rendered":"https:\/\/bee2beep.com\/confidencialidad\/"},"modified":"2022-03-25T12:23:39","modified_gmt":"2022-03-25T11:23:39","slug":"confidencialidad","status":"publish","type":"page","link":"https:\/\/bee2beep.com\/es\/confidencialidad\/","title":{"rendered":"Privacidad y cookies"},"content":{"rendered":"<div class=\"fusion-fullwidth fullwidth-box fusion-builder-row-1 fusion-flex-container nonhundred-percent-fullwidth non-hundred-percent-height-scrolling\" style=\"--awb-border-radius-top-left:0px;--awb-border-radius-top-right:0px;--awb-border-radius-bottom-right:0px;--awb-border-radius-bottom-left:0px;--awb-flex-wrap:wrap;\" ><div class=\"fusion-builder-row fusion-row fusion-flex-align-items-flex-start fusion-flex-justify-content-center fusion-flex-content-wrap\" style=\"max-width:1144px;margin-left: calc(-4% \/ 2 );margin-right: calc(-4% \/ 2 );\"><div class=\"fusion-layout-column fusion_builder_column fusion-builder-column-0 fusion_builder_column_1_1 1_1 fusion-flex-column\" style=\"--awb-bg-size:cover;--awb-width-large:100%;--awb-margin-top-large:0px;--awb-spacing-right-large:1.92%;--awb-margin-bottom-large:0px;--awb-spacing-left-large:1.92%;--awb-width-medium:100%;--awb-spacing-right-medium:1.92%;--awb-spacing-left-medium:1.92%;--awb-width-small:100%;--awb-spacing-right-small:1.92%;--awb-spacing-left-small:1.92%;\"><div class=\"fusion-column-wrapper fusion-column-has-shadow fusion-flex-justify-content-center fusion-content-layout-column\"><div class=\"fusion-text fusion-text-1\" style=\"--awb-content-alignment:center;--awb-text-transform:none;\"><h1>Privacidad y cookies<\/h1>\n<\/div><div class=\"fusion-text fusion-text-2\" style=\"--awb-text-transform:none;\"><div class=\"fusion-text fusion-text-2\">\n<p>Esta pol\u00edtica de privacidad define y le informa la forma en que Bee2Beep, como controlador de datos, usa y protege la informaci\u00f3n que usted transmite cuando utiliza el sitio bee2beep.io (en adelante, \u201cel Sitio\u201d).<\/p>\n<p>Esta pol\u00edtica de privacidad puede ser modificada o complementada en cualquier momento por Bee2Beep. A continuaci\u00f3n, se especificar\u00e1 expresamente la fecha de su actualizaci\u00f3n. Estas modificaciones son vinculantes para usted desde el momento en que se ponen en l\u00ednea y le recomendamos que las consulte regularmente.<\/p>\n<p>Al utilizar el Sitio, usted consiente expresamente nuestra pol\u00edtica de privacidad, de la cual declara haber le\u00eddo perfectamente.<\/p>\n<p><strong>1. Informaci\u00f3n recopilada<\/strong><br \/>\nBee2Beep recopila informaci\u00f3n personal sobre usted cuando se suscribe al bolet\u00edn o env\u00eda un formulario de contacto. La informaci\u00f3n recopilada es su apellido, nombre, direcci\u00f3n de correo electr\u00f3nico y n\u00famero de tel\u00e9fono.<br \/>\nFinalmente, recibimos y registramos autom\u00e1ticamente informaci\u00f3n de su computadora y navegador, incluida su direcci\u00f3n IP, cuando visita el Sitio.<\/p>\n<p><strong>2. Finalidades de la recogida de informaci\u00f3n<\/strong><\/p>\n<p>Toda la informaci\u00f3n que recopilamos de usted se utiliza para:<\/p>\n<p>\u2022 Informarle sobre productos, programas, servicios y promociones que puedan ser de su inter\u00e9s, sujeto a su previa autorizaci\u00f3n,<br \/>\n\u2022 Mejorar el rendimiento de nuestro Sitio,<br \/>\n\u2022 Personalice su experiencia en el Sitio y satisfaga sus necesidades individuales<\/p>\n<p>Este procesamiento es necesario para el cumplimiento de nuestras obligaciones contractuales y se basa en nuestro inter\u00e9s leg\u00edtimo en mejorar nuestros servicios y comprender las expectativas de los usuarios del Sitio.<\/p>\n<p><strong>3. Vida \u00fatil<\/strong><\/p>\n<p>Bee2Beep solo conserva los datos personales durante el tiempo necesario para las operaciones para las que fueron recopilados.<br \/>\nEn particular :<br \/>\n\u2022 Los datos de los prospectos, es decir, las personas que han enviado un formulario, se conservan durante un per\u00edodo de dos a\u00f1os desde su recopilaci\u00f3n o desde la \u00faltima conexi\u00f3n del prospecto al Sitio.<br \/>\n\u2022 La informaci\u00f3n almacenada en los terminales de los usuarios (cookies) o cualquier otro elemento utilizado para identificar a los usuarios y permitir su trazabilidad se conservan durante doce meses.<\/p>\n<p><strong>4. Confidencialidad<\/strong><\/p>\n<p>Bee2Beep es el \u00fanico propietario de la informaci\u00f3n recopilada en el Sitio. Su informaci\u00f3n personal no se vender\u00e1, intercambiar\u00e1, transferir\u00e1 ni entregar\u00e1 a otra empresa con fines comerciales sin su consentimiento.<\/p>\n<p>Estos datos pueden, sin embargo, ser confiados a subcontratistas para la correcta ejecuci\u00f3n de los pedidos realizados o a terceros responsables de la gesti\u00f3n y\/o explotaci\u00f3n del Sitio, que en ning\u00fan caso est\u00e1n autorizados a utilizarlos para fines distintos del estrictamente propio de su misi\u00f3n o vender, intercambiar o transferir sus datos a terceros.<\/p>\n<p>Sus datos tambi\u00e9n pueden ser compartidos con terceros, solo dentro de los l\u00edmites autorizados (a) bajo las leyes aplicables, (b) para cumplir con el proceso legal, (c) para responder a solicitudes de autoridades gubernamentales y p\u00fablicas, incluso cuando estas se encuentren fuera de su pa\u00eds de residencia, (d) para garantizar el cumplimiento de nuestros t\u00e9rminos y condiciones de venta y uso, (e) para proteger nuestros derechos e intereses y los de otras personas o usuarios del Sitio.<\/p>\n<p>Sus datos no nominativos, es decir, datos que no permiten su identificaci\u00f3n, pueden ser eventualmente facilitados a terceros con fines estad\u00edsticos, de marketing o publicitarios. Los art\u00edculos en este sitio pueden incluir contenido incrustado (por ejemplo, videos, im\u00e1genes, art\u00edculos, etc.). El contenido incrustado de otros sitios se comporta de la misma manera que si el visitante viniera a ese otro sitio. Estos sitios web podr\u00edan recopilar datos sobre usted, utilizar cookies, incorporar herramientas de seguimiento de terceros, realizar un seguimiento de sus interacciones con este contenido incrustado si tiene una cuenta conectada a su sitio web.<\/p>\n<div class=\"fusion-privacy-element fusion-privacy-element-1\">\n<div class=\"fusion-privacy-form-intro\">\n<p>Le ofrecemos la opci\u00f3n de aceptar o no el contenido de estas aplicaciones de terceros. Todo lo que tiene que hacer es desmarcar las casillas a continuaci\u00f3n y no se aceptar\u00e1n datos de estos terceros. Puede reconsiderar su decisi\u00f3n cuando lo desee marcando o desmarcando las casillas a continuaci\u00f3n y haciendo clic en el bot\u00f3n de actualizaci\u00f3n.<\/p>\n<\/p>\n<\/div>\n<form id=\"fusion-privacy-form-1\" method=\"post\" class=\"fusion-privacy-form fusion-privacy-form-floated\">\n<ul>\n<li><label for=\"youtube\"><input name=\"consents&#091;&#093;\" type=\"checkbox\" value=\"youtube\" id=\"youtube\">YouTube<\/label><\/li>\n<li><label for=\"gmaps\"><input name=\"consents&#091;&#093;\" type=\"checkbox\" value=\"gmaps\" id=\"gmaps\">mapas de Google<\/label><\/li>\n<li><label for=\"tracking\"><input name=\"consents&#091;&#093;\" type=\"checkbox\" value=\"tracking\" id=\"tracking\">Seguimiento de cookies<\/label><\/li>\n<\/ul>\n<p><input type=\"hidden\" name=\"_wp_http_referer\" value=\"\/confidentialite-et-cookie\/\"><input type=\"hidden\" name=\"privacyformid\" value=\"1\"><input type=\"hidden\" name=\"consents&#091;&#093;\" value=\"consent\"><input class=\"fusion-button fusion-button-default fusion-button-default-size\" type=\"submit\" value=\"Update\"><\/form>\n<\/div>\n<p><strong>5. Protecci\u00f3n de la informaci\u00f3n<\/strong><\/p>\n<p>Nos aseguramos de que cualquier proveedor de servicios o subcontratista que podamos utilizar en el contexto de la recopilaci\u00f3n y el procesamiento de los datos que nos comunica proporcione las garant\u00edas adecuadas en t\u00e9rminos de confidencialidad, uso y protecci\u00f3n de datos.<\/p>\n<p>Las computadoras y los servidores utilizados para almacenar informaci\u00f3n de identificaci\u00f3n personal se mantienen en un entorno seguro.<\/p>\n<p><strong>6. Derecho de acceso, rectificaci\u00f3n y oposici\u00f3n<\/strong><\/p>\n<p>Tiene derecho de acceso, limitaci\u00f3n, rectificaci\u00f3n, supresi\u00f3n y oposici\u00f3n al uso de sus datos personales transmitidos al Sitio.<\/p>\n<p>Cualquier solicitud a este efecto debe dirigirse al controlador del sitio enviando un correo electr\u00f3nico a contact@bee2beep.io<\/p>\n<p>Dada nuestra obligaci\u00f3n de seguridad y confidencialidad en el tratamiento de los datos personales, toda solicitud deber\u00e1 ir acompa\u00f1ada de una fotocopia o escaneo de su documento de identidad (DNI, pasaporte, permiso de conducir).<\/p>\n<p>Le responderemos en el plazo m\u00e1ximo de un mes desde la recepci\u00f3n de su solicitud.<\/p>\n<p>Para asistirlo en sus tr\u00e1mites, la CNIL ha desarrollado cartas modelo que le permiten solicitar:<\/p>\n<p>\u2013 Acceso a datos personales:<br \/>\nhttps:\/\/www.cnil.fr\/fr\/modele\/courrier\/exercer-son-droit-dacces<\/p>\n<p>\u2013 Rectificaci\u00f3n, actualizaci\u00f3n, bloqueo o supresi\u00f3n de sus datos personales:<br \/>\nhttps:\/\/www.cnil.fr\/fr\/modele\/courrier\/rectifier-des-donnees-inexactes-obsoletes-ou-perimees<\/p>\n<p>\u2013 Oposici\u00f3n al tratamiento de sus datos personales por motivo leg\u00edtimo o cuando sus datos sean utilizados con fines de prospecci\u00f3n comercial:<br \/>\nhttps:\/\/www.cnil.fr\/fr\/modele\/courrier\/supprimer-des-informations-vous-concernant-dun-site-internet<\/p>\n<p><strong>7. Pol\u00edtica de cookies<\/strong><br \/>\nCuando usted se conecta al Sitio, Bee2Beep puede proceder a la implementaci\u00f3n de una cookie en el disco duro de su terminal con el fin de garantizarle una navegaci\u00f3n fluida y \u00f3ptima en el Sitio. Las \u201ccookies\u201d (tambi\u00e9n llamadas \u201ccookies de conexi\u00f3n\u201d) nos permiten reconocer su computadora, tableta o tel\u00e9fono m\u00f3vil con el fin de personalizar los servicios que le ofrecemos a trav\u00e9s del Sitio.<\/p>\n<p>Para informarle de esto, se muestra un banner en la parte inferior de su pantalla cuando se conecta al Sitio. Puede rechazar el dep\u00f3sito de cookies en su terminal en cualquier momento configurando su navegador de Internet. Sin embargo, en tal caso, no podemos garantizar el funcionamiento \u00f3ptimo del Sitio y no podemos responsabilizarnos de las consecuencias vinculadas a la alteraci\u00f3n de sus condiciones de navegaci\u00f3n en el Sitio que resultar\u00edan de su elecci\u00f3n de rechazar o bloquear las cookies necesarias para su correcto funcionamiento.<\/p>\n<p>Para guiarlo en su configuraci\u00f3n, la CNIL ha desarrollado una p\u00e1gina dedicada al control de las cookies, que se puede consultar a trav\u00e9s del siguiente enlace: https:\/\/www.cnil.fr\/fr\/cookies-les-outils-pour-les -para dominar.<\/p>\n<p>La informaci\u00f3n recopilada por medio de cookies no permite de ninguna manera identificarlo por su nombre y solo tiene como objetivo ayudarnos a mejorar el rendimiento del Sitio.<\/p>\n<p>De acuerdo con las recomendaciones de la CNIL, las cookies estrictamente necesarias para el funcionamiento del Sitio no est\u00e1n sujetas a ninguna obligaci\u00f3n previa por su parte. Por otro lado, se requiere su consentimiento expreso previo al uso de cookies emitidas por terceros, las cuales est\u00e1n sujetas a las pol\u00edticas de confidencialidad de estos \u00faltimos, las cuales pueden ser consultadas en sus sitios web. Estas cookies pueden ser cookies de medici\u00f3n de audiencia, cookies publicitarias o cookies para compartir en redes sociales.<\/p>\n<p><strong>8. Remedios<\/strong><\/p>\n<p>Si cree que no respetamos nuestras obligaciones con respecto a la recopilaci\u00f3n y el procesamiento de sus datos personales, puede enviar una queja a la CNIL por correo o electr\u00f3nicamente a trav\u00e9s del siguiente enlace: https:\/\/www.cnil .fr\/fr \/quejas\/internet.<\/p>\n<p>\u2013 julio de 2022 \u2013<\/p>\n<\/div>\n<\/div><\/div><\/div><\/div><\/div>\n","protected":false},"excerpt":{"rendered":"","protected":false},"author":1,"featured_media":0,"parent":0,"menu_order":0,"comment_status":"closed","ping_status":"closed","template":"100-width.php","meta":{"footnotes":""},"class_list":["post-4025","page","type-page","status-publish","hentry"],"yoast_head":"<!-- This site is optimized with the Yoast SEO plugin v27.4 - https:\/\/yoast.com\/product\/yoast-seo-wordpress\/ -->\n<title>Privacidad y cookies<\/title>\n<meta name=\"robots\" content=\"index, follow, max-snippet:-1, max-image-preview:large, max-video-preview:-1\" \/>\n<link rel=\"canonical\" href=\"https:\/\/bee2beep.com\/es\/confidencialidad\/\" \/>\n<meta property=\"og:locale\" content=\"es_ES\" \/>\n<meta property=\"og:type\" content=\"article\" \/>\n<meta property=\"og:title\" content=\"Privacidad y cookies\" \/>\n<meta property=\"og:url\" content=\"https:\/\/bee2beep.com\/es\/confidencialidad\/\" \/>\n<meta property=\"og:site_name\" content=\"Bee2Beep\" \/>\n<meta property=\"article:modified_time\" content=\"2022-03-25T11:23:39+00:00\" \/>\n<meta name=\"twitter:card\" content=\"summary_large_image\" \/>\n<script type=\"application\/ld+json\" class=\"yoast-schema-graph\">{\"@context\":\"https:\\\/\\\/schema.org\",\"@graph\":[{\"@type\":\"WebPage\",\"@id\":\"https:\\\/\\\/bee2beep.com\\\/es\\\/confidencialidad\\\/\",\"url\":\"https:\\\/\\\/bee2beep.com\\\/es\\\/confidencialidad\\\/\",\"name\":\"Privacidad y cookies\",\"isPartOf\":{\"@id\":\"https:\\\/\\\/bee2beep.com\\\/es\\\/#website\"},\"datePublished\":\"2019-09-09T15:06:01+00:00\",\"dateModified\":\"2022-03-25T11:23:39+00:00\",\"inLanguage\":\"es\",\"potentialAction\":[{\"@type\":\"ReadAction\",\"target\":[\"https:\\\/\\\/bee2beep.com\\\/es\\\/confidencialidad\\\/\"]}]},{\"@type\":\"WebSite\",\"@id\":\"https:\\\/\\\/bee2beep.com\\\/es\\\/#website\",\"url\":\"https:\\\/\\\/bee2beep.com\\\/es\\\/\",\"name\":\"Bee2Beep\",\"description\":\"\",\"potentialAction\":[{\"@type\":\"SearchAction\",\"target\":{\"@type\":\"EntryPoint\",\"urlTemplate\":\"https:\\\/\\\/bee2beep.com\\\/es\\\/?s={search_term_string}\"},\"query-input\":{\"@type\":\"PropertyValueSpecification\",\"valueRequired\":true,\"valueName\":\"search_term_string\"}}],\"inLanguage\":\"es\"}]}<\/script>\n<!-- \/ Yoast SEO plugin. -->","yoast_head_json":{"title":"Privacidad y cookies","robots":{"index":"index","follow":"follow","max-snippet":"max-snippet:-1","max-image-preview":"max-image-preview:large","max-video-preview":"max-video-preview:-1"},"canonical":"https:\/\/bee2beep.com\/es\/confidencialidad\/","og_locale":"es_ES","og_type":"article","og_title":"Privacidad y cookies","og_url":"https:\/\/bee2beep.com\/es\/confidencialidad\/","og_site_name":"Bee2Beep","article_modified_time":"2022-03-25T11:23:39+00:00","twitter_card":"summary_large_image","schema":{"@context":"https:\/\/schema.org","@graph":[{"@type":"WebPage","@id":"https:\/\/bee2beep.com\/es\/confidencialidad\/","url":"https:\/\/bee2beep.com\/es\/confidencialidad\/","name":"Privacidad y cookies","isPartOf":{"@id":"https:\/\/bee2beep.com\/es\/#website"},"datePublished":"2019-09-09T15:06:01+00:00","dateModified":"2022-03-25T11:23:39+00:00","inLanguage":"es","potentialAction":[{"@type":"ReadAction","target":["https:\/\/bee2beep.com\/es\/confidencialidad\/"]}]},{"@type":"WebSite","@id":"https:\/\/bee2beep.com\/es\/#website","url":"https:\/\/bee2beep.com\/es\/","name":"Bee2Beep","description":"","potentialAction":[{"@type":"SearchAction","target":{"@type":"EntryPoint","urlTemplate":"https:\/\/bee2beep.com\/es\/?s={search_term_string}"},"query-input":{"@type":"PropertyValueSpecification","valueRequired":true,"valueName":"search_term_string"}}],"inLanguage":"es"}]}},"_links":{"self":[{"href":"https:\/\/bee2beep.com\/es\/wp-json\/wp\/v2\/pages\/4025","targetHints":{"allow":["GET"]}}],"collection":[{"href":"https:\/\/bee2beep.com\/es\/wp-json\/wp\/v2\/pages"}],"about":[{"href":"https:\/\/bee2beep.com\/es\/wp-json\/wp\/v2\/types\/page"}],"author":[{"embeddable":true,"href":"https:\/\/bee2beep.com\/es\/wp-json\/wp\/v2\/users\/1"}],"replies":[{"embeddable":true,"href":"https:\/\/bee2beep.com\/es\/wp-json\/wp\/v2\/comments?post=4025"}],"version-history":[{"count":2,"href":"https:\/\/bee2beep.com\/es\/wp-json\/wp\/v2\/pages\/4025\/revisions"}],"predecessor-version":[{"id":4035,"href":"https:\/\/bee2beep.com\/es\/wp-json\/wp\/v2\/pages\/4025\/revisions\/4035"}],"wp:attachment":[{"href":"https:\/\/bee2beep.com\/es\/wp-json\/wp\/v2\/media?parent=4025"}],"curies":[{"name":"wp","href":"https:\/\/api.w.org\/{rel}","templated":true}]}}