{"id":4000,"date":"2019-12-04T19:57:50","date_gmt":"2019-12-04T18:57:50","guid":{"rendered":"https:\/\/bee2beep.com\/blog\/"},"modified":"2022-03-25T12:23:35","modified_gmt":"2022-03-25T11:23:35","slug":"blog","status":"publish","type":"page","link":"https:\/\/bee2beep.com\/es\/blog\/","title":{"rendered":"Blog"},"content":{"rendered":"<div class=\"fusion-fullwidth fullwidth-box fusion-builder-row-1 fusion-flex-container nonhundred-percent-fullwidth non-hundred-percent-height-scrolling\" style=\"--awb-border-radius-top-left:0px;--awb-border-radius-top-right:0px;--awb-border-radius-bottom-right:0px;--awb-border-radius-bottom-left:0px;--awb-flex-wrap:wrap;\" ><div class=\"fusion-builder-row fusion-row fusion-flex-align-items-stretch fusion-flex-content-wrap\" style=\"max-width:1144px;margin-left: calc(-4% \/ 2 );margin-right: calc(-4% \/ 2 );\"><div class=\"fusion-layout-column fusion_builder_column fusion-builder-column-0 fusion_builder_column_1_1 1_1 fusion-flex-column fusion-flex-align-self-flex-start fusion-column-no-min-height\" style=\"--awb-bg-size:cover;--awb-width-large:100%;--awb-margin-top-large:0px;--awb-spacing-right-large:1.92%;--awb-margin-bottom-large:0px;--awb-spacing-left-large:1.92%;--awb-width-medium:100%;--awb-spacing-right-medium:1.92%;--awb-spacing-left-medium:1.92%;--awb-width-small:100%;--awb-spacing-right-small:1.92%;--awb-spacing-left-small:1.92%;\"><div class=\"fusion-column-wrapper fusion-column-has-shadow fusion-flex-justify-content-flex-start fusion-content-layout-column\"><div class=\"fusion-title title fusion-title-1 fusion-sep-none fusion-title-center fusion-title-text fusion-title-size-two\" style=\"--awb-margin-top-small:0px;--awb-margin-right-small:0px;--awb-margin-bottom-small:20px;--awb-margin-left-small:0px;\"><h2 class=\"fusion-title-heading title-heading-center\" style=\"margin:0;\">El blog Bee2Beep<\/h2><\/div><div class=\"fusion-text fusion-text-1 ss-titre\" style=\"--awb-content-alignment:center;--awb-text-transform:none;\"><p>Noticias &#8211; Publicaciones &#8211; Profundizando<\/p>\n<\/div><div class=\"fusion-blog-shortcode fusion-blog-shortcode-1 fusion-blog-archive fusion-blog-layout-grid-wrapper fusion-blog-infinite\"><style type=\"text\/css\">.fusion-blog-shortcode-1 .fusion-blog-layout-grid .fusion-post-grid{padding:20px;}.fusion-blog-shortcode-1 .fusion-posts-container{margin-left: -20px !important; margin-right:-20px !important;}<\/style><div class=\"fusion-posts-container fusion-posts-container-infinite fusion-blog-layout-grid fusion-blog-layout-grid-3 isotope\" data-pages=\"3\" data-grid-col-space=\"40\" style=\"margin: -20px -20px 0;min-height:500px;\"><article id=\"blog-1-post-10843\" class=\"fusion-post-grid post-10843 post type-post status-publish format-standard has-post-thumbnail hentry category-noticias\">\n<div class=\"fusion-post-wrapper\" style=\"background-color:rgba(255,255,255,0);border:1px solid #ebeaea;border-bottom-width:3px;\">\n\n\t\t\t<div class=\"fusion-flexslider flexslider fusion-flexslider-loading fusion-post-slideshow\" style=\"border-color:#ebeaea;\">\n\t\t<ul class=\"slides\">\n\t\t\t\n\t\t\t\t\t\t\t\t\t\t\t\t\t\t<li><div  class=\"fusion-image-wrapper\" aria-haspopup=\"true\">\n\t\t\t\t\t\t\t<a href=\"https:\/\/bee2beep.com\/es\/balances-connectees-eligibles-franceagrimer-la-revolution-apicole\/\" aria-label=\"FranciaAgriMer Balanzas conectadas elegibles: la revoluci\u00f3n de la apicultura\">\n\t\t\t\t\t\t\t<img decoding=\"async\" width=\"900\" height=\"514\" src=\"https:\/\/bee2beep.com\/wp-content\/uploads\/2023\/12\/balance-connectee-pour-ruche-bee2beep-eligible-france-agrimer.jpg\" class=\"attachment-full size-full wp-post-image\" alt=\"balance-connectee-pour-ruche-bee2beep-eligible-france-agrimer\" srcset=\"https:\/\/bee2beep.com\/wp-content\/uploads\/2023\/12\/balance-connectee-pour-ruche-bee2beep-eligible-france-agrimer-200x114.jpg 200w, https:\/\/bee2beep.com\/wp-content\/uploads\/2023\/12\/balance-connectee-pour-ruche-bee2beep-eligible-france-agrimer-400x228.jpg 400w, https:\/\/bee2beep.com\/wp-content\/uploads\/2023\/12\/balance-connectee-pour-ruche-bee2beep-eligible-france-agrimer-600x343.jpg 600w, https:\/\/bee2beep.com\/wp-content\/uploads\/2023\/12\/balance-connectee-pour-ruche-bee2beep-eligible-france-agrimer-800x457.jpg 800w, https:\/\/bee2beep.com\/wp-content\/uploads\/2023\/12\/balance-connectee-pour-ruche-bee2beep-eligible-france-agrimer.jpg 900w\" sizes=\"(min-width: 2200px) 100vw, (min-width: 784px) 340px, (min-width: 712px) 510px, (min-width: 640px) 712px, \" \/>\t\t\t<\/a>\n\t\t\t\t\t\t\t<\/div>\n<\/li>\n\t\t\t\n\t\t\t\n\t\t\t\t\t\t\t\t\t\t\t\t\t\t\t\t\t\t\t\t\t\t\t\t\t\t\t\t\t\t\t\t\t\t\t\t\t\t\t\t\t\t\t\t\t\t\t\t\t\t\t\t\t\t\t\t\t\t\t\t\t\t\t\t\t\t\t\t<\/ul>\n\t<\/div>\n\t<div class=\"fusion-post-content-wrapper\" style=\"padding:30px 25px 20px 25px;\"><div class=\"fusion-post-content post-content\"><h2 class=\"blog-shortcode-post-title entry-title\">FranciaAgriMer Balanzas conectadas elegibles: la revoluci\u00f3n de la apicultura<\/h2><p class=\"fusion-single-line-meta\"><span class=\"updated\" style=\"display:none;\">2023-12-15T16:53:33+01:00<\/span><span>15 diciembre 2023<\/span><span class=\"fusion-inline-sep\">|<\/span><a href=\"https:\/\/bee2beep.com\/es\/category\/noticias\/\" rel=\"category tag\">Noticias<\/a><span class=\"fusion-inline-sep\">|<\/span><\/p><div class=\"fusion-content-sep sep-double sep-solid\"><\/div><div class=\"fusion-post-content-container\"><p> En el mundo de la apicultura moderna, el uso de la tecnolog\u00eda para optimizar la gesti\u00f3n de las colmenas se ha convertido en un elemento clave. Con la inestimable ayuda de FranceAgriMer, los [...]<\/p><\/div><\/div><div class=\"fusion-meta-info\"><div class=\"fusion-alignleft\"><a class=\"fusion-read-more\" href=\"https:\/\/bee2beep.com\/es\/balances-connectees-eligibles-franceagrimer-la-revolution-apicole\/\" aria-label=\"More on FranciaAgriMer Balanzas conectadas elegibles: la revoluci\u00f3n de la apicultura\">Read More<\/a><\/div><\/div><\/div><div class=\"fusion-clearfix\"><\/div><\/div>\n<\/article>\n<article id=\"blog-1-post-9889\" class=\"fusion-post-grid post-9889 post type-post status-publish format-standard has-post-thumbnail hentry category-noticias\">\n<div class=\"fusion-post-wrapper\" style=\"background-color:rgba(255,255,255,0);border:1px solid #ebeaea;border-bottom-width:3px;\">\n\n\t\t\t<div class=\"fusion-flexslider flexslider fusion-flexslider-loading fusion-post-slideshow\" style=\"border-color:#ebeaea;\">\n\t\t<ul class=\"slides\">\n\t\t\t\n\t\t\t\t\t\t\t\t\t\t\t\t\t\t<li><div  class=\"fusion-image-wrapper\" aria-haspopup=\"true\">\n\t\t\t\t\t\t\t<a href=\"https:\/\/bee2beep.com\/es\/como-empezar-la-temporada-2023-apicultura-consejos-para-el-mes-de-abril\/\" aria-label=\"C\u00f3mo empezar la temporada ap\u00edcola 2023: consejos para abril\">\n\t\t\t\t\t\t\t<img decoding=\"async\" width=\"600\" height=\"500\" src=\"https:\/\/bee2beep.com\/wp-content\/uploads\/2022\/08\/Saison-apicole-2023.jpg\" class=\"attachment-full size-full wp-post-image\" alt=\"Saison apicole 2023\" srcset=\"https:\/\/bee2beep.com\/wp-content\/uploads\/2022\/08\/Saison-apicole-2023-200x167.jpg 200w, https:\/\/bee2beep.com\/wp-content\/uploads\/2022\/08\/Saison-apicole-2023-400x333.jpg 400w, https:\/\/bee2beep.com\/wp-content\/uploads\/2022\/08\/Saison-apicole-2023.jpg 600w\" sizes=\"(min-width: 2200px) 100vw, (min-width: 784px) 340px, (min-width: 712px) 510px, (min-width: 640px) 712px, \" \/>\t\t\t<\/a>\n\t\t\t\t\t\t\t<\/div>\n<\/li>\n\t\t\t\n\t\t\t\n\t\t\t\t\t\t\t\t\t\t\t\t\t\t\t\t\t\t\t\t\t\t\t\t\t\t\t\t\t\t\t\t\t\t\t\t\t\t\t\t\t\t\t\t\t\t\t\t\t\t\t\t\t\t\t\t\t\t\t\t\t\t\t\t\t\t\t\t<\/ul>\n\t<\/div>\n\t<div class=\"fusion-post-content-wrapper\" style=\"padding:30px 25px 20px 25px;\"><div class=\"fusion-post-content post-content\"><h2 class=\"blog-shortcode-post-title entry-title\">C\u00f3mo empezar la temporada ap\u00edcola 2023: consejos para abril<\/h2><p class=\"fusion-single-line-meta\"><span class=\"updated\" style=\"display:none;\">2023-04-03T16:29:56+02:00<\/span><span>3 abril 2023<\/span><span class=\"fusion-inline-sep\">|<\/span><a href=\"https:\/\/bee2beep.com\/es\/category\/noticias\/\" rel=\"category tag\">Noticias<\/a><span class=\"fusion-inline-sep\">|<\/span><\/p><div class=\"fusion-content-sep sep-double sep-solid\"><\/div><div class=\"fusion-post-content-container\"><p> Abril marca el inicio de la temporada ap\u00edcola para muchos apicultores. Es el momento en que las abejas empiezan a salir de la colmena para buscar alimento y traer polen para alimentar a [...]<\/p><\/div><\/div><div class=\"fusion-meta-info\"><div class=\"fusion-alignleft\"><a class=\"fusion-read-more\" href=\"https:\/\/bee2beep.com\/es\/como-empezar-la-temporada-2023-apicultura-consejos-para-el-mes-de-abril\/\" aria-label=\"More on C\u00f3mo empezar la temporada ap\u00edcola 2023: consejos para abril\">Read More<\/a><\/div><\/div><\/div><div class=\"fusion-clearfix\"><\/div><\/div>\n<\/article>\n<article id=\"blog-1-post-9589\" class=\"fusion-post-grid post-9589 post type-post status-publish format-standard has-post-thumbnail hentry category-profundizando\">\n<div class=\"fusion-post-wrapper\" style=\"background-color:rgba(255,255,255,0);border:1px solid #ebeaea;border-bottom-width:3px;\">\n\n\t\t\t<div class=\"fusion-flexslider flexslider fusion-flexslider-loading fusion-post-slideshow\" style=\"border-color:#ebeaea;\">\n\t\t<ul class=\"slides\">\n\t\t\t\n\t\t\t\t\t\t\t\t\t\t\t\t\t\t<li><div  class=\"fusion-image-wrapper\" aria-haspopup=\"true\">\n\t\t\t\t\t\t\t<a href=\"https:\/\/bee2beep.com\/es\/el-pescador-de-colmenas-conectado-una-herramienta-indispensable-para-todos-los-seguimientos-anuales-de-miami-y-el-invierno\/\" aria-label=\"La balanza de colmenas conectada, una herramienta esencial todo el a\u00f1o: seguimiento del flujo de miel y de la invernada\">\n\t\t\t\t\t\t\t<img decoding=\"async\" width=\"600\" height=\"500\" src=\"https:\/\/bee2beep.com\/wp-content\/uploads\/2022\/08\/Sans-titre-23-1.jpg\" class=\"attachment-full size-full wp-post-image\" alt=\"la balance connect\u00e9e pour ruche : article bee2beep beekeeper\" srcset=\"https:\/\/bee2beep.com\/wp-content\/uploads\/2022\/08\/Sans-titre-23-1-200x167.jpg 200w, https:\/\/bee2beep.com\/wp-content\/uploads\/2022\/08\/Sans-titre-23-1-400x333.jpg 400w, https:\/\/bee2beep.com\/wp-content\/uploads\/2022\/08\/Sans-titre-23-1.jpg 600w\" sizes=\"(min-width: 2200px) 100vw, (min-width: 784px) 340px, (min-width: 712px) 510px, (min-width: 640px) 712px, \" \/>\t\t\t<\/a>\n\t\t\t\t\t\t\t<\/div>\n<\/li>\n\t\t\t\n\t\t\t\n\t\t\t\t\t\t\t\t\t\t\t\t\t\t\t\t\t\t\t\t\t\t\t\t\t\t\t\t\t\t\t\t\t\t\t\t\t\t\t\t\t\t\t\t\t\t\t\t\t\t\t\t\t\t\t\t\t\t\t\t\t\t\t\t\t\t\t\t<\/ul>\n\t<\/div>\n\t<div class=\"fusion-post-content-wrapper\" style=\"padding:30px 25px 20px 25px;\"><div class=\"fusion-post-content post-content\"><h2 class=\"blog-shortcode-post-title entry-title\">La balanza de colmenas conectada, una herramienta esencial todo el a\u00f1o: seguimiento del flujo de miel y de la invernada<\/h2><p class=\"fusion-single-line-meta\"><span class=\"updated\" style=\"display:none;\">2023-02-22T18:54:57+01:00<\/span><span>11 agosto 2022<\/span><span class=\"fusion-inline-sep\">|<\/span><a href=\"https:\/\/bee2beep.com\/es\/category\/profundizando\/\" rel=\"category tag\">Profundizando<\/a><span class=\"fusion-inline-sep\">|<\/span><\/p><div class=\"fusion-content-sep sep-double sep-solid\"><\/div><div class=\"fusion-post-content-container\"><p>   Informaci\u00f3n \u00fatil sobre su colmena durante todo el a\u00f1o  La balanza de colmena conectada, \u00a1una herramienta para todos los apicultores! Tanto si se practica en aficionado o como profesionalLa apicultura [...]<\/p><\/div><\/div><div class=\"fusion-meta-info\"><div class=\"fusion-alignleft\"><a class=\"fusion-read-more\" href=\"https:\/\/bee2beep.com\/es\/el-pescador-de-colmenas-conectado-una-herramienta-indispensable-para-todos-los-seguimientos-anuales-de-miami-y-el-invierno\/\" aria-label=\"More on La balanza de colmenas conectada, una herramienta esencial todo el a\u00f1o: seguimiento del flujo de miel y de la invernada\">Read More<\/a><\/div><\/div><\/div><div class=\"fusion-clearfix\"><\/div><\/div>\n<\/article>\n<article id=\"blog-1-post-4156\" class=\"fusion-post-grid post-4156 post type-post status-publish format-standard has-post-thumbnail hentry category-noticias\">\n<div class=\"fusion-post-wrapper\" style=\"background-color:rgba(255,255,255,0);border:1px solid #ebeaea;border-bottom-width:3px;\">\n\n\t\t\t<div class=\"fusion-flexslider flexslider fusion-flexslider-loading fusion-post-slideshow\" style=\"border-color:#ebeaea;\">\n\t\t<ul class=\"slides\">\n\t\t\t\n\t\t\t\t\t\t\t\t\t\t\t\t\t\t<li><div  class=\"fusion-image-wrapper\" aria-haspopup=\"true\">\n\t\t\t\t\t\t\t<a href=\"https:\/\/bee2beep.com\/es\/eventos-conectados-saldo-2022\/\" aria-label=\"Los eventos de la escala conectada Bee2beep en 2022\">\n\t\t\t\t\t\t\t<img decoding=\"async\" width=\"800\" height=\"534\" src=\"https:\/\/bee2beep.com\/wp-content\/uploads\/2022\/03\/Les-evenements-de-la-balance-connectee-Bee2beep-en-2022.png\" class=\"attachment-full size-full wp-post-image\" alt=\"\" srcset=\"https:\/\/bee2beep.com\/wp-content\/uploads\/2022\/03\/Les-evenements-de-la-balance-connectee-Bee2beep-en-2022-200x134.png 200w, https:\/\/bee2beep.com\/wp-content\/uploads\/2022\/03\/Les-evenements-de-la-balance-connectee-Bee2beep-en-2022-400x267.png 400w, https:\/\/bee2beep.com\/wp-content\/uploads\/2022\/03\/Les-evenements-de-la-balance-connectee-Bee2beep-en-2022-600x401.png 600w, https:\/\/bee2beep.com\/wp-content\/uploads\/2022\/03\/Les-evenements-de-la-balance-connectee-Bee2beep-en-2022.png 800w\" sizes=\"(min-width: 2200px) 100vw, (min-width: 784px) 340px, (min-width: 712px) 510px, (min-width: 640px) 712px, \" \/>\t\t\t<\/a>\n\t\t\t\t\t\t\t<\/div>\n<\/li>\n\t\t\t\n\t\t\t\n\t\t\t\t\t\t\t\t\t\t\t\t\t\t\t\t\t\t\t\t\t\t\t\t\t\t\t\t\t\t\t\t\t\t\t\t\t\t\t\t\t\t\t\t\t\t\t\t\t\t\t\t\t\t\t\t\t\t\t\t\t\t\t\t\t\t\t\t<\/ul>\n\t<\/div>\n\t<div class=\"fusion-post-content-wrapper\" style=\"padding:30px 25px 20px 25px;\"><div class=\"fusion-post-content post-content\"><h2 class=\"blog-shortcode-post-title entry-title\">Los eventos de la escala conectada Bee2beep en 2022<\/h2><p class=\"fusion-single-line-meta\"><span class=\"updated\" style=\"display:none;\">2022-03-25T12:24:02+01:00<\/span><span>24 marzo 2022<\/span><span class=\"fusion-inline-sep\">|<\/span><a href=\"https:\/\/bee2beep.com\/es\/category\/noticias\/\" rel=\"category tag\">Noticias<\/a><span class=\"fusion-inline-sep\">|<\/span><\/p><div class=\"fusion-content-sep sep-double sep-solid\"><\/div><div class=\"fusion-post-content-container\"><p> \u00a1La b\u00e1scula conectada Bee2beep estar\u00e1 presente en varios eventos este a\u00f1o!     Eventos a escala conectados: ferias y exposiciones.   En 2022, Bee2beep desea presentar sus b\u00e1sculas conectadas en [...]<\/p><\/div><\/div><div class=\"fusion-meta-info\"><div class=\"fusion-alignleft\"><a class=\"fusion-read-more\" href=\"https:\/\/bee2beep.com\/es\/eventos-conectados-saldo-2022\/\" aria-label=\"More on Los eventos de la escala conectada Bee2beep en 2022\">Read More<\/a><\/div><\/div><\/div><div class=\"fusion-clearfix\"><\/div><\/div>\n<\/article>\n<article id=\"blog-1-post-4134\" class=\"fusion-post-grid post-4134 post type-post status-publish format-standard has-post-thumbnail hentry category-profundizando\">\n<div class=\"fusion-post-wrapper\" style=\"background-color:rgba(255,255,255,0);border:1px solid #ebeaea;border-bottom-width:3px;\">\n\n\t\t\t<div class=\"fusion-flexslider flexslider fusion-flexslider-loading fusion-post-slideshow\" style=\"border-color:#ebeaea;\">\n\t\t<ul class=\"slides\">\n\t\t\t\n\t\t\t\t\t\t\t\t\t\t\t\t\t\t<li><div  class=\"fusion-image-wrapper\" aria-haspopup=\"true\">\n\t\t\t\t\t\t\t<a href=\"https:\/\/bee2beep.com\/es\/sitio-conectado-a-escala\/\" aria-label=\"El sitio web de la b\u00e1scula conectada est\u00e1 evolucionando\">\n\t\t\t\t\t\t\t<img decoding=\"async\" width=\"319\" height=\"265\" src=\"https:\/\/bee2beep.com\/wp-content\/uploads\/2022\/01\/balance-connectee-Bee2beep-ruches-ruches-apiculture.png\" class=\"attachment-full size-full wp-post-image\" alt=\"\" srcset=\"https:\/\/bee2beep.com\/wp-content\/uploads\/2022\/01\/balance-connectee-Bee2beep-ruches-ruches-apiculture-200x166.png 200w, https:\/\/bee2beep.com\/wp-content\/uploads\/2022\/01\/balance-connectee-Bee2beep-ruches-ruches-apiculture.png 319w\" sizes=\"(min-width: 2200px) 100vw, (min-width: 784px) 340px, (min-width: 712px) 510px, (min-width: 640px) 712px, \" \/>\t\t\t<\/a>\n\t\t\t\t\t\t\t<\/div>\n<\/li>\n\t\t\t\n\t\t\t\n\t\t\t\t\t\t\t\t\t\t\t\t\t\t\t\t\t\t\t\t\t\t\t\t\t\t\t\t\t\t\t\t\t\t\t\t\t\t\t\t\t\t\t\t\t\t\t\t\t\t\t\t\t\t\t\t\t\t\t\t\t\t\t\t\t\t\t\t<\/ul>\n\t<\/div>\n\t<div class=\"fusion-post-content-wrapper\" style=\"padding:30px 25px 20px 25px;\"><div class=\"fusion-post-content post-content\"><h2 class=\"blog-shortcode-post-title entry-title\">El sitio web de la b\u00e1scula conectada est\u00e1 evolucionando<\/h2><p class=\"fusion-single-line-meta\"><span class=\"updated\" style=\"display:none;\">2022-03-25T12:23:58+01:00<\/span><span>26 enero 2022<\/span><span class=\"fusion-inline-sep\">|<\/span><a href=\"https:\/\/bee2beep.com\/es\/category\/profundizando\/\" rel=\"category tag\">Profundizando<\/a><span class=\"fusion-inline-sep\">|<\/span><\/p><div class=\"fusion-content-sep sep-double sep-solid\"><\/div><div class=\"fusion-post-content-container\"><p> Nuevo sitio web Bee2Beep para soluciones de b\u00e1sculas conectadas Nuevo spin-off digital con el lanzamiento de la nueva versi\u00f3n del sitio web Bee2Beep para colmenas conectadas y biomonitoreo de colmenas. Despu\u00e9s de varias [...]<\/p><\/div><\/div><div class=\"fusion-meta-info\"><div class=\"fusion-alignleft\"><a class=\"fusion-read-more\" href=\"https:\/\/bee2beep.com\/es\/sitio-conectado-a-escala\/\" aria-label=\"More on El sitio web de la b\u00e1scula conectada est\u00e1 evolucionando\">Read More<\/a><\/div><\/div><\/div><div class=\"fusion-clearfix\"><\/div><\/div>\n<\/article>\n<article id=\"blog-1-post-4142\" class=\"fusion-post-grid post-4142 post type-post status-publish format-standard has-post-thumbnail hentry category-profundizando\">\n<div class=\"fusion-post-wrapper\" style=\"background-color:rgba(255,255,255,0);border:1px solid #ebeaea;border-bottom-width:3px;\">\n\n\t\t\t<div class=\"fusion-flexslider flexslider fusion-flexslider-loading fusion-post-slideshow\" style=\"border-color:#ebeaea;\">\n\t\t<ul class=\"slides\">\n\t\t\t\n\t\t\t\t\t\t\t\t\t\t\t\t\t\t<li><div  class=\"fusion-image-wrapper\" aria-haspopup=\"true\">\n\t\t\t\t\t\t\t<a href=\"https:\/\/bee2beep.com\/es\/funcionamiento-colmena-temporada\/\" aria-label=\"\u00bfQu\u00e9 sucede en la colmena seg\u00fan las estaciones?\">\n\t\t\t\t\t\t\t<img decoding=\"async\" width=\"1350\" height=\"901\" src=\"https:\/\/bee2beep.com\/wp-content\/uploads\/2022\/01\/ruche-hiver.jpg\" class=\"attachment-full size-full wp-post-image\" alt=\"\" srcset=\"https:\/\/bee2beep.com\/wp-content\/uploads\/2022\/01\/ruche-hiver-200x133.jpg 200w, https:\/\/bee2beep.com\/wp-content\/uploads\/2022\/01\/ruche-hiver-400x267.jpg 400w, https:\/\/bee2beep.com\/wp-content\/uploads\/2022\/01\/ruche-hiver-600x400.jpg 600w, https:\/\/bee2beep.com\/wp-content\/uploads\/2022\/01\/ruche-hiver-800x534.jpg 800w, https:\/\/bee2beep.com\/wp-content\/uploads\/2022\/01\/ruche-hiver-1200x801.jpg 1200w, https:\/\/bee2beep.com\/wp-content\/uploads\/2022\/01\/ruche-hiver.jpg 1350w\" sizes=\"(min-width: 2200px) 100vw, (min-width: 784px) 340px, (min-width: 712px) 510px, (min-width: 640px) 712px, \" \/>\t\t\t<\/a>\n\t\t\t\t\t\t\t<\/div>\n<\/li>\n\t\t\t\n\t\t\t\n\t\t\t\t\t\t\t\t\t\t\t\t\t\t\t\t\t\t\t\t\t\t\t\t\t\t\t\t\t\t\t\t\t\t\t\t\t\t\t\t\t\t\t\t\t\t\t\t\t\t\t\t\t\t\t\t\t\t\t\t\t\t\t\t\t\t\t\t<\/ul>\n\t<\/div>\n\t<div class=\"fusion-post-content-wrapper\" style=\"padding:30px 25px 20px 25px;\"><div class=\"fusion-post-content post-content\"><h2 class=\"blog-shortcode-post-title entry-title\">\u00bfQu\u00e9 sucede en la colmena seg\u00fan las estaciones?<\/h2><p class=\"fusion-single-line-meta\"><span class=\"updated\" style=\"display:none;\">2022-03-25T12:24:00+01:00<\/span><span>19 noviembre 2021<\/span><span class=\"fusion-inline-sep\">|<\/span><a href=\"https:\/\/bee2beep.com\/es\/category\/profundizando\/\" rel=\"category tag\">Profundizando<\/a><span class=\"fusion-inline-sep\">|<\/span><\/p><div class=\"fusion-content-sep sep-double sep-solid\"><\/div><div class=\"fusion-post-content-container\"><p>\u00bfQu\u00e9 pasa en la colmena en invierno? Esta fase puede durar entre tres y seis meses, generalmente comienza al final de los flujos de miel. Entonces la actividad se reduce considerablemente, la reina deja [...]<\/p><\/div><\/div><div class=\"fusion-meta-info\"><div class=\"fusion-alignleft\"><a class=\"fusion-read-more\" href=\"https:\/\/bee2beep.com\/es\/funcionamiento-colmena-temporada\/\" aria-label=\"More on \u00bfQu\u00e9 sucede en la colmena seg\u00fan las estaciones?\">Read More<\/a><\/div><\/div><\/div><div class=\"fusion-clearfix\"><\/div><\/div>\n<\/article>\n<div class=\"fusion-clearfix\"><\/div><\/div><div class=\"fusion-infinite-scroll-trigger\"><\/div><div class=\"pagination infinite-scroll clearfix\" style=\"display:none;\"><span class=\"current\">1<\/span><a href=\"https:\/\/bee2beep.com\/es\/wp-json\/wp\/v2\/pages\/4000\/page\/2\/\" class=\"inactive\">2<\/a><a class=\"pagination-next\" rel=\"next\" href=\"https:\/\/bee2beep.com\/es\/wp-json\/wp\/v2\/pages\/4000\/page\/2\/\"><span class=\"page-text\">Next<\/span><span class=\"page-next\"><\/span><\/a><\/div><div class=\"fusion-clearfix\"><\/div><\/div><\/div><\/div><\/div><\/div>\n","protected":false},"excerpt":{"rendered":"","protected":false},"author":1,"featured_media":0,"parent":0,"menu_order":0,"comment_status":"closed","ping_status":"closed","template":"","meta":{"footnotes":""},"class_list":["post-4000","page","type-page","status-publish","hentry"],"yoast_head":"<!-- This site is optimized with the Yoast SEO plugin v27.5 - https:\/\/yoast.com\/product\/yoast-seo-wordpress\/ -->\n<title>Blog<\/title>\n<meta name=\"robots\" content=\"index, follow, max-snippet:-1, max-image-preview:large, max-video-preview:-1\" \/>\n<link rel=\"canonical\" href=\"https:\/\/bee2beep.com\/es\/blog\/\" \/>\n<meta property=\"og:locale\" content=\"es_ES\" \/>\n<meta property=\"og:type\" content=\"article\" \/>\n<meta property=\"og:title\" content=\"Blog\" \/>\n<meta property=\"og:url\" content=\"https:\/\/bee2beep.com\/es\/blog\/\" \/>\n<meta property=\"og:site_name\" content=\"Bee2Beep\" \/>\n<meta property=\"article:modified_time\" content=\"2022-03-25T11:23:35+00:00\" \/>\n<meta name=\"twitter:card\" content=\"summary_large_image\" \/>\n<script type=\"application\/ld+json\" class=\"yoast-schema-graph\">{\"@context\":\"https:\\\/\\\/schema.org\",\"@graph\":[{\"@type\":\"WebPage\",\"@id\":\"https:\\\/\\\/bee2beep.com\\\/es\\\/blog\\\/\",\"url\":\"https:\\\/\\\/bee2beep.com\\\/es\\\/blog\\\/\",\"name\":\"Blog\",\"isPartOf\":{\"@id\":\"https:\\\/\\\/bee2beep.com\\\/es\\\/#website\"},\"datePublished\":\"2019-12-04T18:57:50+00:00\",\"dateModified\":\"2022-03-25T11:23:35+00:00\",\"inLanguage\":\"es\",\"potentialAction\":[{\"@type\":\"ReadAction\",\"target\":[\"https:\\\/\\\/bee2beep.com\\\/es\\\/blog\\\/\"]}]},{\"@type\":\"WebSite\",\"@id\":\"https:\\\/\\\/bee2beep.com\\\/es\\\/#website\",\"url\":\"https:\\\/\\\/bee2beep.com\\\/es\\\/\",\"name\":\"Bee2Beep\",\"description\":\"\",\"potentialAction\":[{\"@type\":\"SearchAction\",\"target\":{\"@type\":\"EntryPoint\",\"urlTemplate\":\"https:\\\/\\\/bee2beep.com\\\/es\\\/?s={search_term_string}\"},\"query-input\":{\"@type\":\"PropertyValueSpecification\",\"valueRequired\":true,\"valueName\":\"search_term_string\"}}],\"inLanguage\":\"es\"}]}<\/script>\n<!-- \/ Yoast SEO plugin. -->","yoast_head_json":{"title":"Blog","robots":{"index":"index","follow":"follow","max-snippet":"max-snippet:-1","max-image-preview":"max-image-preview:large","max-video-preview":"max-video-preview:-1"},"canonical":"https:\/\/bee2beep.com\/es\/blog\/","og_locale":"es_ES","og_type":"article","og_title":"Blog","og_url":"https:\/\/bee2beep.com\/es\/blog\/","og_site_name":"Bee2Beep","article_modified_time":"2022-03-25T11:23:35+00:00","twitter_card":"summary_large_image","schema":{"@context":"https:\/\/schema.org","@graph":[{"@type":"WebPage","@id":"https:\/\/bee2beep.com\/es\/blog\/","url":"https:\/\/bee2beep.com\/es\/blog\/","name":"Blog","isPartOf":{"@id":"https:\/\/bee2beep.com\/es\/#website"},"datePublished":"2019-12-04T18:57:50+00:00","dateModified":"2022-03-25T11:23:35+00:00","inLanguage":"es","potentialAction":[{"@type":"ReadAction","target":["https:\/\/bee2beep.com\/es\/blog\/"]}]},{"@type":"WebSite","@id":"https:\/\/bee2beep.com\/es\/#website","url":"https:\/\/bee2beep.com\/es\/","name":"Bee2Beep","description":"","potentialAction":[{"@type":"SearchAction","target":{"@type":"EntryPoint","urlTemplate":"https:\/\/bee2beep.com\/es\/?s={search_term_string}"},"query-input":{"@type":"PropertyValueSpecification","valueRequired":true,"valueName":"search_term_string"}}],"inLanguage":"es"}]}},"_links":{"self":[{"href":"https:\/\/bee2beep.com\/es\/wp-json\/wp\/v2\/pages\/4000","targetHints":{"allow":["GET"]}}],"collection":[{"href":"https:\/\/bee2beep.com\/es\/wp-json\/wp\/v2\/pages"}],"about":[{"href":"https:\/\/bee2beep.com\/es\/wp-json\/wp\/v2\/types\/page"}],"author":[{"embeddable":true,"href":"https:\/\/bee2beep.com\/es\/wp-json\/wp\/v2\/users\/1"}],"replies":[{"embeddable":true,"href":"https:\/\/bee2beep.com\/es\/wp-json\/wp\/v2\/comments?post=4000"}],"version-history":[{"count":2,"href":"https:\/\/bee2beep.com\/es\/wp-json\/wp\/v2\/pages\/4000\/revisions"}],"predecessor-version":[{"id":4003,"href":"https:\/\/bee2beep.com\/es\/wp-json\/wp\/v2\/pages\/4000\/revisions\/4003"}],"wp:attachment":[{"href":"https:\/\/bee2beep.com\/es\/wp-json\/wp\/v2\/media?parent=4000"}],"curies":[{"name":"wp","href":"https:\/\/api.w.org\/{rel}","templated":true}]}}