{"id":3994,"date":"2019-09-09T17:08:43","date_gmt":"2019-09-09T15:08:43","guid":{"rendered":"https:\/\/bee2beep.com\/notas-legales\/"},"modified":"2025-06-11T14:58:49","modified_gmt":"2025-06-11T12:58:49","slug":"avisos-legales","status":"publish","type":"page","link":"https:\/\/bee2beep.com\/es\/avisos-legales\/","title":{"rendered":"Informaci\u00f3n legal"},"content":{"rendered":"<div class=\"fusion-fullwidth fullwidth-box fusion-builder-row-1 fusion-flex-container nonhundred-percent-fullwidth non-hundred-percent-height-scrolling lp\" style=\"--awb-border-radius-top-left:0px;--awb-border-radius-top-right:0px;--awb-border-radius-bottom-right:0px;--awb-border-radius-bottom-left:0px;--awb-flex-wrap:wrap;\" ><div class=\"fusion-builder-row fusion-row fusion-flex-align-items-flex-start fusion-flex-justify-content-center fusion-flex-content-wrap\" style=\"max-width:1144px;margin-left: calc(-4% \/ 2 );margin-right: calc(-4% \/ 2 );\"><div class=\"fusion-layout-column fusion_builder_column fusion-builder-column-0 fusion_builder_column_1_1 1_1 fusion-flex-column fusion-flex-align-self-flex-start fusion-column-no-min-height\" style=\"--awb-bg-size:cover;--awb-width-large:100%;--awb-margin-top-large:0px;--awb-spacing-right-large:1.92%;--awb-margin-bottom-large:0px;--awb-spacing-left-large:1.92%;--awb-width-medium:100%;--awb-order-medium:0;--awb-spacing-right-medium:1.92%;--awb-spacing-left-medium:1.92%;--awb-width-small:100%;--awb-order-small:0;--awb-spacing-right-small:1.92%;--awb-spacing-left-small:1.92%;\"><div class=\"fusion-column-wrapper fusion-column-has-shadow fusion-flex-justify-content-flex-start fusion-content-layout-column\"><div class=\"fusion-text fusion-text-1\" style=\"--awb-content-alignment:center;--awb-text-transform:none;\"><h1>Informaci\u00f3n legal<\/h1>\n<\/div><div class=\"fusion-text fusion-text-2\" style=\"--awb-text-transform:none;\"><p><strong>1. Presentaci\u00f3n del sitio:<\/strong><br \/>De conformidad con las disposiciones de los art\u00edculos 6-III y 19 de la Ley n\u00ba 2004-575 de 21 de junio de 2004 para la Confianza en la Econom\u00eda Digital, conocida como L.C.E.N., ponemos en conocimiento de los usuarios y visitantes del sitio: bee2beep.com vendedor de soluciones conectadas para apicultores con balanzas conectadas, GPS antirrobo, medidores de nivel, etc.<br \/>Informaci\u00f3n legal:<br \/>\u00a1Bee2Beep es una marca propiedad de SAS 4!<br \/>Sirena: 821 783 222<br \/>CIF: FR06821783222<br \/>Direcci\u00f3n de correo electr\u00f3nico: contact@bee2beep.com<\/p>\n<p>Directora de publicaci\u00f3n y RPD: Capucine DUBREUILLE<\/p>\n<p>El creador del sitio <a href=\"https:\/\/adesio.co\/\">es la agencia web Adesio<\/a><br \/>El Webmaster es: Adesio<br \/>Contacta con el Webmaster: info@adesio.co<br \/>El alojamiento del sitio es: 1&amp;1 internet SARL<br \/><strong>2. Descripci\u00f3n de los servicios prestados:<\/strong><br \/>El objetivo del sitio web bee2beep.io es proporcionar informaci\u00f3n relativa a todas las actividades de la empresa.<br \/>El propietario del sitio web se esfuerza por proporcionar informaci\u00f3n en el sitio web bee2beep.io lo m\u00e1s exacta posible. Sin embargo, no podr\u00e1 ser considerado responsable de las omisiones, inexactitudes o falta de actualizaci\u00f3n de dicha informaci\u00f3n, ya sean causadas por \u00e9l mismo o por terceros asociados que suministren dicha informaci\u00f3n.<br \/>Toda la informaci\u00f3n proporcionada en el sitio web bee2beep.io se facilita a t\u00edtulo meramente informativo, no es exhaustiva y est\u00e1 sujeta a cambios.  Se proporcionan sujetos a las modificaciones que se hayan realizado desde que se pusieron en l\u00ednea.<br \/><strong>3. Propiedad intelectual y falsificaci\u00f3n:<\/strong><br \/>El propietario del sitio es titular de los derechos de propiedad intelectual o posee los derechos de uso sobre todos los elementos accesibles en el sitio, en particular los textos, im\u00e1genes, gr\u00e1ficos, logotipos, iconos, sonidos, software&#8230;<br \/>Cualquier reproducci\u00f3n, representaci\u00f3n, modificaci\u00f3n, publicaci\u00f3n, adaptaci\u00f3n total o parcial de los elementos del sitio, cualquiera que sea el medio o el procedimiento utilizado, est\u00e1 prohibida, salvo autorizaci\u00f3n previa por escrito al correo electr\u00f3nico: contact@bee2beep.io.<br \/>Cualquier uso no autorizado del sitio o de cualquiera de estos elementos que contiene ser\u00e1 considerado como una infracci\u00f3n y perseguido de conformidad con lo dispuesto en los art\u00edculos L.335-2 y siguientes del C\u00f3digo de Propiedad Intelectual.<br \/><strong>4. Enlaces de hipertexto y cookies:<\/strong><br \/>Los sitios bee2beep.io y bee2beep.com contienen una serie de enlaces de hipertexto a otros sitios (socios, informaci\u00f3n, etc.) creados con la autorizaci\u00f3n del propietario del sitio. Sin embargo, el propietario del sitio no tiene la posibilidad de comprobar el contenido de los sitios visitados de esta forma y, por lo tanto, declina toda responsabilidad por cualquier riesgo de contenido il\u00edcito.<br \/>Se informa a los usuarios de que, durante sus visitas al sitio bee2beep.io, es posible que se instalen autom\u00e1ticamente una o varias cookies en su ordenador.  Una cookie es un peque\u00f1o archivo que no permite la identificaci\u00f3n del usuario, pero que registra informaci\u00f3n relativa a la navegaci\u00f3n de un ordenador en un sitio. Los datos obtenidos de este modo est\u00e1n destinados a facilitar la navegaci\u00f3n posterior por el sitio y tambi\u00e9n se utilizan para medir el n\u00famero de visitantes del sitio.<br \/>Puedes configurar tu navegador para que te avise cuando recibas una cookie y, si lo deseas, para rechazarla, tal y como se describe en la siguiente direcci\u00f3n: www.cnil.fr<br \/>Si rechazas la instalaci\u00f3n de una cookie, es posible que no puedas acceder a determinados servicios. No obstante, el usuario puede configurar su ordenador de la siguiente manera, para rechazar la instalaci\u00f3n de cookies.<br \/><strong>5. Protecci\u00f3n de los bienes y de las personas &#8211; gesti\u00f3n de los datos personales:<\/strong><br \/>Usuario: internauta que se conecta y utiliza el sitio antes mencionado: bee2beep.io<br \/>En Francia, los datos personales est\u00e1n protegidos, en particular, por la ley n\u00ba 78-87 de 6 de enero de 1978, la ley n\u00ba 2004-801 de 6 de agosto de 2004, el art\u00edculo L. 226-13 del C\u00f3digo Penal franc\u00e9s y la Directiva europea de 24 de octubre de 1995. 226-13 del C\u00f3digo Penal franc\u00e9s y la Directiva Europea de 24 de octubre de 1995.<br \/>En el sitio web bee2beep.io, el propietario del sitio web recoge informaci\u00f3n personal relativa al usuario \u00fanicamente a efectos de determinados servicios ofrecidos por el sitio web bee2beep.io. El usuario proporciona esta informaci\u00f3n con pleno conocimiento de causa, en particular cuando la introduce \u00e9l mismo. A continuaci\u00f3n, se informa a los usuarios del sitio web bee2beep.io de si est\u00e1n o no obligados a facilitar esta informaci\u00f3n.<br \/>De conformidad con las disposiciones de los art\u00edculos 38 y siguientes de la Ley 78-17 de 6 de enero de 1978 relativa a la Inform\u00e1tica, a los Ficheros y a las Libertades, todo usuario dispone de un derecho de acceso, rectificaci\u00f3n, supresi\u00f3n y oposici\u00f3n a los datos de car\u00e1cter personal que le conciernan. Para ejercer este derecho, env\u00eda tu solicitud a bee2beep.io por correo electr\u00f3nico o enviando una solicitud escrita y firmada, acompa\u00f1ada de una copia del documento de identidad con la firma del portador del documento, especificando la direcci\u00f3n a la que debe enviarse la respuesta.<br \/>No se publica ninguna informaci\u00f3n personal del usuario del sitio web bee2beep.io sin su conocimiento, ni se intercambia, transfiere o vende por ning\u00fan medio a terceros.  Solo la hip\u00f3tesis de la compra del sitio bee2beep.io al propietario del sitio y sus derechos permitir\u00eda la transmisi\u00f3n de dicha informaci\u00f3n al posible comprador que a su vez estar\u00eda sujeto a la misma obligaci\u00f3n de almacenar y modificar datos vis \u00e0 vis del usuario del sitio web bee2beep.io.<\/p>\n<\/div><\/div><\/div><\/div><\/div>\n","protected":false},"excerpt":{"rendered":"","protected":false},"author":1,"featured_media":0,"parent":0,"menu_order":0,"comment_status":"closed","ping_status":"closed","template":"100-width.php","meta":{"footnotes":""},"class_list":["post-3994","page","type-page","status-publish","hentry"],"yoast_head":"<!-- This site is optimized with the Yoast SEO plugin v27.4 - https:\/\/yoast.com\/product\/yoast-seo-wordpress\/ -->\n<title>Informaci\u00f3n legal<\/title>\n<meta name=\"robots\" content=\"index, follow, max-snippet:-1, max-image-preview:large, max-video-preview:-1\" \/>\n<link rel=\"canonical\" href=\"https:\/\/bee2beep.com\/es\/avisos-legales\/\" \/>\n<meta property=\"og:locale\" content=\"es_ES\" \/>\n<meta property=\"og:type\" content=\"article\" \/>\n<meta property=\"og:title\" content=\"Informaci\u00f3n legal\" \/>\n<meta property=\"og:url\" content=\"https:\/\/bee2beep.com\/es\/avisos-legales\/\" \/>\n<meta property=\"og:site_name\" content=\"Bee2Beep\" \/>\n<meta property=\"article:modified_time\" content=\"2025-06-11T12:58:49+00:00\" \/>\n<meta name=\"twitter:card\" content=\"summary_large_image\" \/>\n<script type=\"application\/ld+json\" class=\"yoast-schema-graph\">{\"@context\":\"https:\\\/\\\/schema.org\",\"@graph\":[{\"@type\":\"WebPage\",\"@id\":\"https:\\\/\\\/bee2beep.com\\\/es\\\/avisos-legales\\\/\",\"url\":\"https:\\\/\\\/bee2beep.com\\\/es\\\/avisos-legales\\\/\",\"name\":\"Informaci\u00f3n legal\",\"isPartOf\":{\"@id\":\"https:\\\/\\\/bee2beep.com\\\/es\\\/#website\"},\"datePublished\":\"2019-09-09T15:08:43+00:00\",\"dateModified\":\"2025-06-11T12:58:49+00:00\",\"inLanguage\":\"es\",\"potentialAction\":[{\"@type\":\"ReadAction\",\"target\":[\"https:\\\/\\\/bee2beep.com\\\/es\\\/avisos-legales\\\/\"]}]},{\"@type\":\"WebSite\",\"@id\":\"https:\\\/\\\/bee2beep.com\\\/es\\\/#website\",\"url\":\"https:\\\/\\\/bee2beep.com\\\/es\\\/\",\"name\":\"Bee2Beep\",\"description\":\"\",\"potentialAction\":[{\"@type\":\"SearchAction\",\"target\":{\"@type\":\"EntryPoint\",\"urlTemplate\":\"https:\\\/\\\/bee2beep.com\\\/es\\\/?s={search_term_string}\"},\"query-input\":{\"@type\":\"PropertyValueSpecification\",\"valueRequired\":true,\"valueName\":\"search_term_string\"}}],\"inLanguage\":\"es\"}]}<\/script>\n<!-- \/ Yoast SEO plugin. -->","yoast_head_json":{"title":"Informaci\u00f3n legal","robots":{"index":"index","follow":"follow","max-snippet":"max-snippet:-1","max-image-preview":"max-image-preview:large","max-video-preview":"max-video-preview:-1"},"canonical":"https:\/\/bee2beep.com\/es\/avisos-legales\/","og_locale":"es_ES","og_type":"article","og_title":"Informaci\u00f3n legal","og_url":"https:\/\/bee2beep.com\/es\/avisos-legales\/","og_site_name":"Bee2Beep","article_modified_time":"2025-06-11T12:58:49+00:00","twitter_card":"summary_large_image","schema":{"@context":"https:\/\/schema.org","@graph":[{"@type":"WebPage","@id":"https:\/\/bee2beep.com\/es\/avisos-legales\/","url":"https:\/\/bee2beep.com\/es\/avisos-legales\/","name":"Informaci\u00f3n legal","isPartOf":{"@id":"https:\/\/bee2beep.com\/es\/#website"},"datePublished":"2019-09-09T15:08:43+00:00","dateModified":"2025-06-11T12:58:49+00:00","inLanguage":"es","potentialAction":[{"@type":"ReadAction","target":["https:\/\/bee2beep.com\/es\/avisos-legales\/"]}]},{"@type":"WebSite","@id":"https:\/\/bee2beep.com\/es\/#website","url":"https:\/\/bee2beep.com\/es\/","name":"Bee2Beep","description":"","potentialAction":[{"@type":"SearchAction","target":{"@type":"EntryPoint","urlTemplate":"https:\/\/bee2beep.com\/es\/?s={search_term_string}"},"query-input":{"@type":"PropertyValueSpecification","valueRequired":true,"valueName":"search_term_string"}}],"inLanguage":"es"}]}},"_links":{"self":[{"href":"https:\/\/bee2beep.com\/es\/wp-json\/wp\/v2\/pages\/3994","targetHints":{"allow":["GET"]}}],"collection":[{"href":"https:\/\/bee2beep.com\/es\/wp-json\/wp\/v2\/pages"}],"about":[{"href":"https:\/\/bee2beep.com\/es\/wp-json\/wp\/v2\/types\/page"}],"author":[{"embeddable":true,"href":"https:\/\/bee2beep.com\/es\/wp-json\/wp\/v2\/users\/1"}],"replies":[{"embeddable":true,"href":"https:\/\/bee2beep.com\/es\/wp-json\/wp\/v2\/comments?post=3994"}],"version-history":[{"count":5,"href":"https:\/\/bee2beep.com\/es\/wp-json\/wp\/v2\/pages\/3994\/revisions"}],"predecessor-version":[{"id":11167,"href":"https:\/\/bee2beep.com\/es\/wp-json\/wp\/v2\/pages\/3994\/revisions\/11167"}],"wp:attachment":[{"href":"https:\/\/bee2beep.com\/es\/wp-json\/wp\/v2\/media?parent=3994"}],"curies":[{"name":"wp","href":"https:\/\/api.w.org\/{rel}","templated":true}]}}