{"id":4014,"date":"2021-12-06T06:48:25","date_gmt":"2021-12-06T05:48:25","guid":{"rendered":"https:\/\/bee2beep.com\/story-balance-connected-hive\/"},"modified":"2023-02-22T18:54:51","modified_gmt":"2023-02-22T17:54:51","slug":"story-balance-connected-hive","status":"publish","type":"page","link":"https:\/\/bee2beep.com\/en\/story-balance-connected-hive\/","title":{"rendered":"Our history"},"content":{"rendered":"<p><div class=\"fusion-fullwidth fullwidth-box fusion-builder-row-1 fusion-flex-container nonhundred-percent-fullwidth non-hundred-percent-height-scrolling ctnr-simple\" style=\"--awb-border-radius-top-left:0px;--awb-border-radius-top-right:0px;--awb-border-radius-bottom-right:0px;--awb-border-radius-bottom-left:0px;--awb-flex-wrap:wrap;\" ><div class=\"fusion-builder-row fusion-row fusion-flex-align-items-flex-start fusion-flex-justify-content-center fusion-flex-content-wrap\" style=\"max-width:1144px;margin-left: calc(-4% \/ 2 );margin-right: calc(-4% \/ 2 );\"><div class=\"fusion-layout-column fusion_builder_column fusion-builder-column-0 fusion_builder_column_1_1 1_1 fusion-flex-column col-inside\" style=\"--awb-bg-size:cover;--awb-width-large:100%;--awb-margin-top-large:0px;--awb-spacing-right-large:1.92%;--awb-margin-bottom-large:0px;--awb-spacing-left-large:1.92%;--awb-width-medium:100%;--awb-order-medium:0;--awb-spacing-right-medium:1.92%;--awb-spacing-left-medium:1.92%;--awb-width-small:100%;--awb-order-small:0;--awb-spacing-right-small:1.92%;--awb-spacing-left-small:1.92%;\"><div class=\"fusion-column-wrapper fusion-column-has-shadow fusion-flex-justify-content-center fusion-content-layout-column\"><div class=\"fusion-title title fusion-title-1 fusion-sep-none fusion-title-text fusion-title-size-one\" style=\"--awb-margin-top-small:0px;--awb-margin-right-small:0px;--awb-margin-bottom-small:20px;--awb-margin-left-small:0px;\"><h1 class=\"fusion-title-heading title-heading-left\" style=\"margin:0;\">Our history<\/h1><\/div><div class=\"fusion-text fusion-text-1\" style=\"--awb-text-transform:none;\"><p>The story of Bee2beep is first of all the idea of a student and amateur beekeeper in Deux S\u00e8vres: J\u00e9r\u00f4me Clerjeau<\/p>\n<p>Indeed, the idea of the connected scale was born during the year of his senior year in 2016. A beekeeper had beehives in his high school but had no means of controlling the good production or the health of the bees when the establishment was closed. After research and several studies, he developed first with friends and then with an industrialist, a simple and effective connected scale. Scales for beekeeping already existed but were sometimes too heavy and complex for amateur beekeepers or beekeeping companies seeking more mobility.<\/p>\n<p>Quickly, the Deux S\u00e8vres Bee Syndicate launched a test with 7 beekeepers of a connected scale for weighing hives on an LPWAN (Sigfox) communication protocol. The results turned out to be very conclusive. In 2018, the first <b>BEE2BEEP<\/b> STEEL scale was born. Then, at the end of 2019 followed the <strong>BEE2BEEP<\/strong> Light scale with the association of an industrialist of 77 specialist in weighing.<\/p>\n<p>In 2021, we are making a strategic choice to get closer to a company in the world of connected objects for agriculture that has an optimal platform to host our data: <strong>AGRILAB IO<\/strong><\/p>\n<p>Developed by the Dijon company FOUR DATA, software designer and specialist in the manufacture and integration of connected objects (under LPWAN protocol, NB-Iot \/ LTE-M, etc.), <a href=\"https:\/\/agrilab.io\/\">Agrilab io<\/a> is a turnkey connected solution for agriculture in the broad sense. Sharing similar values and technologically more advanced on the modular part of the IoT, this merger allows us to advance even further on the subjects of connected weighing, on the location of hives (anti-theft GPS) the monitoring of apiaries (sensors of temperatures, connected rain gauge) and monitoring of the honey house (honey stock in IBC, inventory management by connected gauge).<\/p>\n<\/div><\/div><\/div><div class=\"fusion-layout-column fusion_builder_column fusion-builder-column-1 fusion_builder_column_1_2 1_2 fusion-flex-column\" style=\"--awb-bg-size:cover;--awb-width-large:50%;--awb-margin-top-large:0px;--awb-spacing-right-large:3.84%;--awb-margin-bottom-large:0px;--awb-spacing-left-large:3.84%;--awb-width-medium:100%;--awb-order-medium:0;--awb-spacing-right-medium:1.92%;--awb-spacing-left-medium:1.92%;--awb-width-small:100%;--awb-order-small:0;--awb-spacing-right-small:1.92%;--awb-spacing-left-small:1.92%;\"><div class=\"fusion-column-wrapper fusion-column-has-shadow fusion-flex-justify-content-flex-start fusion-content-layout-column\"><div class=\"fusion-image-element \" style=\"text-align:center;--awb-caption-title-font-family:var(--h2_typography-font-family);--awb-caption-title-font-weight:var(--h2_typography-font-weight);--awb-caption-title-font-style:var(--h2_typography-font-style);--awb-caption-title-size:var(--h2_typography-font-size);--awb-caption-title-transform:var(--h2_typography-text-transform);--awb-caption-title-line-height:var(--h2_typography-line-height);--awb-caption-title-letter-spacing:var(--h2_typography-letter-spacing);\"><span class=\" fusion-imageframe imageframe-none imageframe-1 hover-type-none\"><img decoding=\"async\" width=\"562\" height=\"512\" title=\"equipe-bee2beep\" src=\"https:\/\/bee2beep.com\/wp-content\/uploads\/2021\/12\/equipe-bee2beep.jpg\" alt class=\"img-responsive wp-image-3766\" srcset=\"https:\/\/bee2beep.com\/wp-content\/uploads\/2021\/12\/equipe-bee2beep-200x182.jpg 200w, https:\/\/bee2beep.com\/wp-content\/uploads\/2021\/12\/equipe-bee2beep-400x364.jpg 400w, https:\/\/bee2beep.com\/wp-content\/uploads\/2021\/12\/equipe-bee2beep.jpg 562w\" sizes=\"(max-width: 1024px) 100vw, (max-width: 640px) 100vw, 562px\" \/><\/span><\/div><div class=\"fusion-text fusion-text-2 legende\" style=\"--awb-text-transform:none;\"><p>Jerome CLERJEAU<\/p>\n<\/div><\/div><\/div><div class=\"fusion-layout-column fusion_builder_column fusion-builder-column-2 fusion_builder_column_1_2 1_2 fusion-flex-column\" style=\"--awb-bg-size:cover;--awb-width-large:50%;--awb-margin-top-large:0px;--awb-spacing-right-large:3.84%;--awb-margin-bottom-large:0px;--awb-spacing-left-large:3.84%;--awb-width-medium:100%;--awb-order-medium:0;--awb-spacing-right-medium:1.92%;--awb-spacing-left-medium:1.92%;--awb-width-small:100%;--awb-order-small:0;--awb-spacing-right-small:1.92%;--awb-spacing-left-small:1.92%;\"><div class=\"fusion-column-wrapper fusion-column-has-shadow fusion-flex-justify-content-flex-start fusion-content-layout-column\"><div class=\"fusion-image-element \" style=\"text-align:center;--awb-caption-title-font-family:var(--h2_typography-font-family);--awb-caption-title-font-weight:var(--h2_typography-font-weight);--awb-caption-title-font-style:var(--h2_typography-font-style);--awb-caption-title-size:var(--h2_typography-font-size);--awb-caption-title-transform:var(--h2_typography-text-transform);--awb-caption-title-line-height:var(--h2_typography-line-height);--awb-caption-title-letter-spacing:var(--h2_typography-letter-spacing);\"><span class=\" fusion-imageframe imageframe-none imageframe-2 hover-type-none\"><img decoding=\"async\" width=\"683\" height=\"512\" title=\"equipe-four-data\" src=\"https:\/\/bee2beep.com\/wp-content\/uploads\/2021\/12\/equipe-four-data.jpg\" alt class=\"img-responsive wp-image-3768\" srcset=\"https:\/\/bee2beep.com\/wp-content\/uploads\/2021\/12\/equipe-four-data-200x150.jpg 200w, https:\/\/bee2beep.com\/wp-content\/uploads\/2021\/12\/equipe-four-data-400x300.jpg 400w, https:\/\/bee2beep.com\/wp-content\/uploads\/2021\/12\/equipe-four-data-600x450.jpg 600w, https:\/\/bee2beep.com\/wp-content\/uploads\/2021\/12\/equipe-four-data.jpg 683w\" sizes=\"(max-width: 1024px) 100vw, (max-width: 640px) 100vw, 600px\" \/><\/span><\/div><div class=\"fusion-text fusion-text-3 legende\" style=\"--awb-text-transform:none;\"><p>The Agrilab Io \/ Four Data team<\/p>\n<\/div><\/div><\/div><\/div><\/div><div class=\"fusion-fullwidth fullwidth-box fusion-builder-row-2 fusion-flex-container nonhundred-percent-fullwidth non-hundred-percent-height-scrolling ctnr-img-droite\" style=\"--awb-border-radius-top-left:0px;--awb-border-radius-top-right:0px;--awb-border-radius-bottom-right:0px;--awb-border-radius-bottom-left:0px;--awb-flex-wrap:wrap;\" ><div class=\"fusion-builder-row fusion-row fusion-flex-align-items-center fusion-flex-justify-content-center fusion-flex-content-wrap\" style=\"max-width:1144px;margin-left: calc(-4% \/ 2 );margin-right: calc(-4% \/ 2 );\"><div class=\"fusion-layout-column fusion_builder_column fusion-builder-column-3 fusion_builder_column_1_1 1_1 fusion-flex-column col-titre\" style=\"--awb-bg-size:cover;--awb-width-large:100%;--awb-margin-top-large:0px;--awb-spacing-right-large:1.92%;--awb-margin-bottom-large:0px;--awb-spacing-left-large:1.92%;--awb-width-medium:100%;--awb-order-medium:0;--awb-spacing-right-medium:1.92%;--awb-spacing-left-medium:1.92%;--awb-width-small:100%;--awb-order-small:0;--awb-spacing-right-small:1.92%;--awb-spacing-left-small:1.92%;\"><div class=\"fusion-column-wrapper fusion-column-has-shadow fusion-flex-justify-content-flex-start fusion-content-layout-column\"><div class=\"fusion-title title fusion-title-2 fusion-sep-none fusion-title-text fusion-title-size-two\" style=\"--awb-margin-top-small:0px;--awb-margin-right-small:0px;--awb-margin-bottom-small:20px;--awb-margin-left-small:0px;\"><h2 class=\"fusion-title-heading title-heading-left\" style=\"margin:0;\">The Guaranteed French Origin label<\/h2><\/div><\/div><\/div><div class=\"fusion-layout-column fusion_builder_column fusion-builder-column-4 fusion_builder_column_1_2 1_2 fusion-flex-column col-texte\" style=\"--awb-bg-size:cover;--awb-width-large:50%;--awb-margin-top-large:0px;--awb-spacing-right-large:3.84%;--awb-margin-bottom-large:0px;--awb-spacing-left-large:3.84%;--awb-width-medium:100%;--awb-order-medium:0;--awb-spacing-right-medium:1.92%;--awb-spacing-left-medium:1.92%;--awb-width-small:100%;--awb-order-small:0;--awb-spacing-right-small:1.92%;--awb-spacing-left-small:1.92%;\"><div class=\"fusion-column-wrapper fusion-column-has-shadow fusion-flex-justify-content-flex-start fusion-content-layout-column\"><div class=\"fusion-text fusion-text-4\" style=\"--awb-text-transform:none;\"><p>The Label Origine France Garantie was created in June 2010 following the publication of Yves JEGO&#8217;s report devoted to the France Brand.<\/p>\n<p>The label, simple and understandable by all, is the result of a collective approach of actors who wish to work together to promote \u201cproduce in France\u201d and to promote industrial and artisanal know-how. The Pro France association, which promotes Origine France Garantie, is made up of business leaders who support this approach.<br \/>\nThe Label Origine France Garantie stands out from other terms such as &#8220;made in France&#8221;, &#8220;designed in France&#8221;, &#8220;made in France&#8221;&#8230; which are self-declared and do not meet any specific criteria.<br \/>\nOrigine France Garantie is the only label that certifies the French origin of a product.<br \/>\nIt is transversal (all sectors combined) and indisputable (the certification, which is compulsory, is carried out by an independent certifying body). The Origine France Garantie label ensures consumers the traceability of the product by giving a clear and objective indication of origin. Additional information about the label: www.originefrancegarantie.fr<\/p>\n<\/div><\/div><\/div><div class=\"fusion-layout-column fusion_builder_column fusion-builder-column-5 fusion_builder_column_1_2 1_2 fusion-flex-column col-image\" style=\"--awb-bg-size:cover;--awb-width-large:50%;--awb-margin-top-large:0px;--awb-spacing-right-large:3.84%;--awb-margin-bottom-large:0px;--awb-spacing-left-large:3.84%;--awb-width-medium:100%;--awb-order-medium:0;--awb-spacing-right-medium:1.92%;--awb-spacing-left-medium:1.92%;--awb-width-small:100%;--awb-order-small:0;--awb-spacing-right-small:1.92%;--awb-spacing-left-small:1.92%;\"><div class=\"fusion-column-wrapper fusion-column-has-shadow fusion-flex-justify-content-flex-start fusion-content-layout-column\"><div class=\"fusion-image-element \" style=\"text-align:center;--awb-caption-title-font-family:var(--h2_typography-font-family);--awb-caption-title-font-weight:var(--h2_typography-font-weight);--awb-caption-title-font-style:var(--h2_typography-font-style);--awb-caption-title-size:var(--h2_typography-font-size);--awb-caption-title-transform:var(--h2_typography-text-transform);--awb-caption-title-line-height:var(--h2_typography-line-height);--awb-caption-title-letter-spacing:var(--h2_typography-letter-spacing);\"><span class=\" fusion-imageframe imageframe-none imageframe-3 hover-type-none\"><img decoding=\"async\" width=\"471\" height=\"512\" title=\"logo-origine-france-garantie-min\" src=\"https:\/\/bee2beep.com\/wp-content\/uploads\/2021\/12\/logo-origine-france-garantie-min.png\" alt class=\"img-responsive wp-image-3764\" srcset=\"https:\/\/bee2beep.com\/wp-content\/uploads\/2021\/12\/logo-origine-france-garantie-min-200x217.png 200w, https:\/\/bee2beep.com\/wp-content\/uploads\/2021\/12\/logo-origine-france-garantie-min-400x435.png 400w, https:\/\/bee2beep.com\/wp-content\/uploads\/2021\/12\/logo-origine-france-garantie-min.png 471w\" sizes=\"(max-width: 1024px) 100vw, (max-width: 640px) 100vw, 471px\" \/><\/span><\/div><\/div><\/div><\/div><\/div><div class=\"fusion-fullwidth fullwidth-box fusion-builder-row-3 fusion-flex-container nonhundred-percent-fullwidth non-hundred-percent-height-scrolling ctnr-img-gauche\" style=\"--awb-border-radius-top-left:0px;--awb-border-radius-top-right:0px;--awb-border-radius-bottom-right:0px;--awb-border-radius-bottom-left:0px;--awb-flex-wrap:wrap;\" ><div class=\"fusion-builder-row fusion-row fusion-flex-align-items-center fusion-flex-justify-content-center fusion-flex-content-wrap\" style=\"max-width:1144px;margin-left: calc(-4% \/ 2 );margin-right: calc(-4% \/ 2 );\"><div class=\"fusion-layout-column fusion_builder_column fusion-builder-column-6 fusion_builder_column_1_1 1_1 fusion-flex-column col-titre\" style=\"--awb-bg-size:cover;--awb-width-large:100%;--awb-margin-top-large:0px;--awb-spacing-right-large:1.92%;--awb-margin-bottom-large:0px;--awb-spacing-left-large:1.92%;--awb-width-medium:100%;--awb-order-medium:0;--awb-spacing-right-medium:1.92%;--awb-spacing-left-medium:1.92%;--awb-width-small:100%;--awb-order-small:0;--awb-spacing-right-small:1.92%;--awb-spacing-left-small:1.92%;\"><div class=\"fusion-column-wrapper fusion-column-has-shadow fusion-flex-justify-content-flex-start fusion-content-layout-column\"><div class=\"fusion-title title fusion-title-3 fusion-sep-none fusion-title-text fusion-title-size-two\" style=\"--awb-margin-top-small:0px;--awb-margin-right-small:0px;--awb-margin-bottom-small:20px;--awb-margin-left-small:0px;\"><h2 class=\"fusion-title-heading title-heading-left\" style=\"margin:0;\">Our ecological commitments<\/h2><\/div><\/div><\/div><div class=\"fusion-layout-column fusion_builder_column fusion-builder-column-7 fusion_builder_column_1_3 1_3 fusion-flex-column col-image\" style=\"--awb-bg-size:cover;--awb-width-large:33.333333333333%;--awb-margin-top-large:0px;--awb-spacing-right-large:5.76%;--awb-margin-bottom-large:0px;--awb-spacing-left-large:5.76%;--awb-width-medium:100%;--awb-order-medium:0;--awb-spacing-right-medium:1.92%;--awb-spacing-left-medium:1.92%;--awb-width-small:100%;--awb-order-small:0;--awb-spacing-right-small:1.92%;--awb-spacing-left-small:1.92%;\"><div class=\"fusion-column-wrapper fusion-column-has-shadow fusion-flex-justify-content-flex-start fusion-content-layout-column\"><div class=\"fusion-image-element \" style=\"text-align:center;--awb-max-width:180px;--awb-caption-title-font-family:var(--h2_typography-font-family);--awb-caption-title-font-weight:var(--h2_typography-font-weight);--awb-caption-title-font-style:var(--h2_typography-font-style);--awb-caption-title-size:var(--h2_typography-font-size);--awb-caption-title-transform:var(--h2_typography-text-transform);--awb-caption-title-line-height:var(--h2_typography-line-height);--awb-caption-title-letter-spacing:var(--h2_typography-letter-spacing);\"><span class=\" fusion-imageframe imageframe-none imageframe-4 hover-type-none\"><img decoding=\"async\" width=\"468\" height=\"512\" title=\"logo-empreinte_carbone-min\" src=\"https:\/\/bee2beep.com\/wp-content\/uploads\/2021\/12\/logo-empreinte_carbone-min.png\" alt class=\"img-responsive wp-image-3772\" srcset=\"https:\/\/bee2beep.com\/wp-content\/uploads\/2021\/12\/logo-empreinte_carbone-min-200x219.png 200w, https:\/\/bee2beep.com\/wp-content\/uploads\/2021\/12\/logo-empreinte_carbone-min-400x438.png 400w, https:\/\/bee2beep.com\/wp-content\/uploads\/2021\/12\/logo-empreinte_carbone-min.png 468w\" sizes=\"(max-width: 1024px) 100vw, (max-width: 640px) 100vw, 400px\" \/><\/span><\/div><\/div><\/div><div class=\"fusion-layout-column fusion_builder_column fusion-builder-column-8 fusion_builder_column_2_3 2_3 fusion-flex-column col-texte\" style=\"--awb-bg-size:cover;--awb-width-large:66.666666666667%;--awb-margin-top-large:0px;--awb-spacing-right-large:2.88%;--awb-margin-bottom-large:0px;--awb-spacing-left-large:2.88%;--awb-width-medium:100%;--awb-order-medium:0;--awb-spacing-right-medium:1.92%;--awb-spacing-left-medium:1.92%;--awb-width-small:100%;--awb-order-small:0;--awb-spacing-right-small:1.92%;--awb-spacing-left-small:1.92%;\"><div class=\"fusion-column-wrapper fusion-column-has-shadow fusion-flex-justify-content-flex-start fusion-content-layout-column\"><div class=\"fusion-text fusion-text-5\" style=\"--awb-text-transform:none;\"><p>RUBIS the lowest Carbon Footprint on the market<br \/>\nBy design, RUBIS\u00ae has the lowest carbon footprint on the market. This is crucial data, at a time when everyone&#8217;s efforts are needed to reduce the carbon footprint and thus respect the planet and future generations.<br \/>\nIn this, RUBIS\u00ae takes up a global and unprecedented challenge: from its technical characteristics to its price, through its design or its eco-responsible packaging, RUBIS\u00ae is a unique scale, without equal on the market.<\/p>\n<\/div><\/div><\/div><\/div><\/div><div class=\"fusion-fullwidth fullwidth-box fusion-builder-row-4 fusion-flex-container nonhundred-percent-fullwidth non-hundred-percent-height-scrolling ctnr-img-droite\" style=\"--awb-border-radius-top-left:0px;--awb-border-radius-top-right:0px;--awb-border-radius-bottom-right:0px;--awb-border-radius-bottom-left:0px;--awb-flex-wrap:wrap;\" ><div class=\"fusion-builder-row fusion-row fusion-flex-align-items-center fusion-flex-justify-content-center fusion-flex-content-wrap\" style=\"max-width:1144px;margin-left: calc(-4% \/ 2 );margin-right: calc(-4% \/ 2 );\"><div class=\"fusion-layout-column fusion_builder_column fusion-builder-column-9 fusion_builder_column_2_3 2_3 fusion-flex-column col-texte\" style=\"--awb-bg-size:cover;--awb-width-large:66.666666666667%;--awb-margin-top-large:0px;--awb-spacing-right-large:2.88%;--awb-margin-bottom-large:0px;--awb-spacing-left-large:2.88%;--awb-width-medium:100%;--awb-order-medium:0;--awb-spacing-right-medium:1.92%;--awb-spacing-left-medium:1.92%;--awb-width-small:100%;--awb-order-small:0;--awb-spacing-right-small:1.92%;--awb-spacing-left-small:1.92%;\"><div class=\"fusion-column-wrapper fusion-column-has-shadow fusion-flex-justify-content-flex-start fusion-content-layout-column\"><div class=\"fusion-text fusion-text-6\" style=\"--awb-text-transform:none;\"><p>Anxious to be always more efficient, we have just signed a partnership with RECYLUM for the management of waste on a national scale.<br \/>\nWe are therefore committed to recovering the scales that we put on the market, for recycling purposes. For more information: www.recylum.com<\/p>\n<\/div><\/div><\/div><div class=\"fusion-layout-column fusion_builder_column fusion-builder-column-10 fusion_builder_column_1_3 1_3 fusion-flex-column col-image\" style=\"--awb-bg-size:cover;--awb-width-large:33.333333333333%;--awb-margin-top-large:0px;--awb-spacing-right-large:5.76%;--awb-margin-bottom-large:0px;--awb-spacing-left-large:5.76%;--awb-width-medium:100%;--awb-order-medium:0;--awb-spacing-right-medium:1.92%;--awb-spacing-left-medium:1.92%;--awb-width-small:100%;--awb-order-small:0;--awb-spacing-right-small:1.92%;--awb-spacing-left-small:1.92%;\"><div class=\"fusion-column-wrapper fusion-column-has-shadow fusion-flex-justify-content-flex-start fusion-content-layout-column\"><div class=\"fusion-image-element \" style=\"text-align:center;--awb-max-width:180px;--awb-caption-title-font-family:var(--h2_typography-font-family);--awb-caption-title-font-weight:var(--h2_typography-font-weight);--awb-caption-title-font-style:var(--h2_typography-font-style);--awb-caption-title-size:var(--h2_typography-font-size);--awb-caption-title-transform:var(--h2_typography-text-transform);--awb-caption-title-line-height:var(--h2_typography-line-height);--awb-caption-title-letter-spacing:var(--h2_typography-letter-spacing);\"><span class=\" fusion-imageframe imageframe-none imageframe-5 hover-type-none\"><img decoding=\"async\" width=\"512\" height=\"512\" title=\"logo-deee-pro-min\" src=\"https:\/\/bee2beep.com\/wp-content\/uploads\/2021\/12\/logo-deee-pro-min.png\" alt class=\"img-responsive wp-image-3770\" srcset=\"https:\/\/bee2beep.com\/wp-content\/uploads\/2021\/12\/logo-deee-pro-min-200x200.png 200w, https:\/\/bee2beep.com\/wp-content\/uploads\/2021\/12\/logo-deee-pro-min-400x400.png 400w, https:\/\/bee2beep.com\/wp-content\/uploads\/2021\/12\/logo-deee-pro-min.png 512w\" sizes=\"(max-width: 1024px) 100vw, (max-width: 640px) 100vw, 400px\" \/><\/span><\/div><\/div><\/div><\/div><\/div><\/p>\n","protected":false},"excerpt":{"rendered":"","protected":false},"author":1,"featured_media":0,"parent":0,"menu_order":0,"comment_status":"closed","ping_status":"closed","template":"100-width.php","meta":{"footnotes":""},"class_list":["post-4014","page","type-page","status-publish","hentry"],"yoast_head":"<!-- This site is optimized with the Yoast SEO plugin v27.5 - https:\/\/yoast.com\/product\/yoast-seo-wordpress\/ -->\n<title>History and Commitments - Bee2Beep<\/title>\n<meta name=\"description\" content=\"From an idea in 2016 to a robust company specializing in the manufacture and integration of connected objects: discover our story\" \/>\n<meta name=\"robots\" content=\"index, follow, max-snippet:-1, max-image-preview:large, max-video-preview:-1\" \/>\n<link rel=\"canonical\" href=\"https:\/\/bee2beep.com\/en\/story-balance-connected-hive\/\" \/>\n<meta property=\"og:locale\" content=\"en_US\" \/>\n<meta property=\"og:type\" content=\"article\" \/>\n<meta property=\"og:title\" content=\"History and Commitments - Bee2Beep\" \/>\n<meta property=\"og:description\" content=\"From an idea in 2016 to a robust company specializing in the manufacture and integration of connected objects: discover our story\" \/>\n<meta property=\"og:url\" content=\"https:\/\/bee2beep.com\/en\/story-balance-connected-hive\/\" \/>\n<meta property=\"og:site_name\" content=\"Bee2Beep\" \/>\n<meta property=\"article:modified_time\" content=\"2023-02-22T17:54:51+00:00\" \/>\n<meta name=\"twitter:card\" content=\"summary_large_image\" \/>\n<script type=\"application\/ld+json\" class=\"yoast-schema-graph\">{\"@context\":\"https:\\\/\\\/schema.org\",\"@graph\":[{\"@type\":\"WebPage\",\"@id\":\"https:\\\/\\\/bee2beep.com\\\/en\\\/story-balance-connected-hive\\\/\",\"url\":\"https:\\\/\\\/bee2beep.com\\\/en\\\/story-balance-connected-hive\\\/\",\"name\":\"History and Commitments - Bee2Beep\",\"isPartOf\":{\"@id\":\"https:\\\/\\\/bee2beep.com\\\/en\\\/#website\"},\"datePublished\":\"2021-12-06T05:48:25+00:00\",\"dateModified\":\"2023-02-22T17:54:51+00:00\",\"description\":\"From an idea in 2016 to a robust company specializing in the manufacture and integration of connected objects: discover our story\",\"inLanguage\":\"en-US\",\"potentialAction\":[{\"@type\":\"ReadAction\",\"target\":[\"https:\\\/\\\/bee2beep.com\\\/en\\\/story-balance-connected-hive\\\/\"]}]},{\"@type\":\"WebSite\",\"@id\":\"https:\\\/\\\/bee2beep.com\\\/en\\\/#website\",\"url\":\"https:\\\/\\\/bee2beep.com\\\/en\\\/\",\"name\":\"Bee2Beep\",\"description\":\"\",\"potentialAction\":[{\"@type\":\"SearchAction\",\"target\":{\"@type\":\"EntryPoint\",\"urlTemplate\":\"https:\\\/\\\/bee2beep.com\\\/en\\\/?s={search_term_string}\"},\"query-input\":{\"@type\":\"PropertyValueSpecification\",\"valueRequired\":true,\"valueName\":\"search_term_string\"}}],\"inLanguage\":\"en-US\"}]}<\/script>\n<!-- \/ Yoast SEO plugin. -->","yoast_head_json":{"title":"History and Commitments - Bee2Beep","description":"From an idea in 2016 to a robust company specializing in the manufacture and integration of connected objects: discover our story","robots":{"index":"index","follow":"follow","max-snippet":"max-snippet:-1","max-image-preview":"max-image-preview:large","max-video-preview":"max-video-preview:-1"},"canonical":"https:\/\/bee2beep.com\/en\/story-balance-connected-hive\/","og_locale":"en_US","og_type":"article","og_title":"History and Commitments - Bee2Beep","og_description":"From an idea in 2016 to a robust company specializing in the manufacture and integration of connected objects: discover our story","og_url":"https:\/\/bee2beep.com\/en\/story-balance-connected-hive\/","og_site_name":"Bee2Beep","article_modified_time":"2023-02-22T17:54:51+00:00","twitter_card":"summary_large_image","schema":{"@context":"https:\/\/schema.org","@graph":[{"@type":"WebPage","@id":"https:\/\/bee2beep.com\/en\/story-balance-connected-hive\/","url":"https:\/\/bee2beep.com\/en\/story-balance-connected-hive\/","name":"History and Commitments - Bee2Beep","isPartOf":{"@id":"https:\/\/bee2beep.com\/en\/#website"},"datePublished":"2021-12-06T05:48:25+00:00","dateModified":"2023-02-22T17:54:51+00:00","description":"From an idea in 2016 to a robust company specializing in the manufacture and integration of connected objects: discover our story","inLanguage":"en-US","potentialAction":[{"@type":"ReadAction","target":["https:\/\/bee2beep.com\/en\/story-balance-connected-hive\/"]}]},{"@type":"WebSite","@id":"https:\/\/bee2beep.com\/en\/#website","url":"https:\/\/bee2beep.com\/en\/","name":"Bee2Beep","description":"","potentialAction":[{"@type":"SearchAction","target":{"@type":"EntryPoint","urlTemplate":"https:\/\/bee2beep.com\/en\/?s={search_term_string}"},"query-input":{"@type":"PropertyValueSpecification","valueRequired":true,"valueName":"search_term_string"}}],"inLanguage":"en-US"}]}},"_links":{"self":[{"href":"https:\/\/bee2beep.com\/en\/wp-json\/wp\/v2\/pages\/4014","targetHints":{"allow":["GET"]}}],"collection":[{"href":"https:\/\/bee2beep.com\/en\/wp-json\/wp\/v2\/pages"}],"about":[{"href":"https:\/\/bee2beep.com\/en\/wp-json\/wp\/v2\/types\/page"}],"author":[{"embeddable":true,"href":"https:\/\/bee2beep.com\/en\/wp-json\/wp\/v2\/users\/1"}],"replies":[{"embeddable":true,"href":"https:\/\/bee2beep.com\/en\/wp-json\/wp\/v2\/comments?post=4014"}],"version-history":[{"count":5,"href":"https:\/\/bee2beep.com\/en\/wp-json\/wp\/v2\/pages\/4014\/revisions"}],"predecessor-version":[{"id":9553,"href":"https:\/\/bee2beep.com\/en\/wp-json\/wp\/v2\/pages\/4014\/revisions\/9553"}],"wp:attachment":[{"href":"https:\/\/bee2beep.com\/en\/wp-json\/wp\/v2\/media?parent=4014"}],"curies":[{"name":"wp","href":"https:\/\/api.w.org\/{rel}","templated":true}]}}