{"id":4828,"date":"2022-01-19T10:05:31","date_gmt":"2022-01-19T09:05:31","guid":{"rendered":"https:\/\/bee2beep.com\/faq-waage-verbundener-diebstahlschutz-hive\/"},"modified":"2023-02-22T18:54:43","modified_gmt":"2023-02-22T17:54:43","slug":"faq-produkte","status":"publish","type":"page","link":"https:\/\/bee2beep.com\/de\/faq-produkte\/","title":{"rendered":"FAQ BEE2BEEP"},"content":{"rendered":"<div class=\"fusion-fullwidth fullwidth-box fusion-builder-row-1 fusion-flex-container nonhundred-percent-fullwidth non-hundred-percent-height-scrolling\" style=\"--awb-border-radius-top-left:0px;--awb-border-radius-top-right:0px;--awb-border-radius-bottom-right:0px;--awb-border-radius-bottom-left:0px;--awb-flex-wrap:wrap;\" ><div class=\"fusion-builder-row fusion-row fusion-flex-align-items-flex-start fusion-flex-content-wrap\" style=\"max-width:1144px;margin-left: calc(-4% \/ 2 );margin-right: calc(-4% \/ 2 );\"><div class=\"fusion-layout-column fusion_builder_column fusion-builder-column-0 fusion_builder_column_1_1 1_1 fusion-flex-column\" style=\"--awb-bg-size:cover;--awb-width-large:100%;--awb-margin-top-large:0px;--awb-spacing-right-large:1.92%;--awb-margin-bottom-large:0px;--awb-spacing-left-large:1.92%;--awb-width-medium:100%;--awb-order-medium:0;--awb-spacing-right-medium:1.92%;--awb-spacing-left-medium:1.92%;--awb-width-small:100%;--awb-order-small:0;--awb-spacing-right-small:1.92%;--awb-spacing-left-small:1.92%;\"><div class=\"fusion-column-wrapper fusion-column-has-shadow fusion-flex-justify-content-flex-start fusion-content-layout-column\"><div class=\"fusion-title title fusion-title-1 fusion-sep-none fusion-title-text fusion-title-size-one\" style=\"--awb-margin-top-small:0px;--awb-margin-right-small:0px;--awb-margin-bottom-small:20px;--awb-margin-left-small:0px;\"><h1 class=\"fusion-title-heading title-heading-left\" style=\"margin:0;\">H\u00e4ufig gestellte Fragen Verbundene Waage von Beehive<\/h1><\/div><div class=\"fusion-text fusion-text-1\" style=\"--awb-text-transform:none;\"><p><strong><span id=\"p0\">1.<\/span> <span id=\"p1\">Wie lange ist die Akkulaufzeit der angeschlossenen Waage?<\/span><\/strong><\/p>\n<p><span id=\"p2\">Die <span id=\"47\">Waagen Bee2beep<\/span> und <span id=\"48\">Bee2beep<\/span> Pro werden mit einer 3,6- <span id=\"49\">V-<\/span> AA-Batterie betrieben, <span id=\"50\">die<\/span> eine Mindestlebensdauer von 9 Monaten hat.<\/span> <span id=\"p3\">Wenn es leer ist, m\u00fcssen Sie nur die Batterie wechseln.<\/span><\/p>\n<p>&nbsp;<\/p>\n<p><strong><span id=\"p4\">2.<\/span> <span id=\"p76\">Wie oft werden Daten gesendet?<\/span><\/strong><\/p>\n<p><span id=\"p6\">Die Daten werden alle 30 Sekunden an ein Gateway gesendet, das sie direkt verarbeitet.<\/span><\/p>\n<p>&nbsp;<\/p>\n<p><strong><span id=\"p7\">3.<\/span> <span id=\"p8\">Wie greife ich auf die Schnittstelle zu?<\/span><\/strong><\/p>\n<p><span id=\"p78\">Sie k\u00f6nnen sich mit jedem Webbrowser <span id=\"p77\">(Chrome, Safari, Mozilla)<\/span> verbinden, um die Daten Ihrer angeschlossenen Waage abzurufen.<\/span> <span id=\"p11\">Dazu m\u00fcssen Sie zum Gateway gehen:<\/span> <span id=\"p12\"><span id=\"42\" class=\"s-rg-t\">https:\/\/solution<\/span> .<\/span> <span id=\"p13\"><span id=\"43\" class=\"s-rg-t\">bee2beep<\/span> .<\/span> <span id=\"p14\"><span id=\"44\" class=\"s-rg-t\">com\/<\/span> zug\u00e4nglich von der Website.<\/span> <span id=\"p15\">Wir laden Sie ein, es zu Ihren Favoriten hinzuzuf\u00fcgen.<\/span><\/p>\n<p>&nbsp;<\/p>\n<p><strong><span id=\"p17\">4.<\/span> <span id=\"p79\">Sind die Wellen gef\u00e4hrlich f\u00fcr die Kolonie?<\/span><\/strong><\/p>\n<p><span id=\"p80\">Unsere Produkte wurden \u00fcber mehrere Saisons von Imkern getestet.<\/span><span id=\"p20\"> Die von der Waage gesendeten Wellen werden nur beim Senden von Daten gesendet, was nur wenige Sekunden dauert.<\/span><span id=\"p21\"> Den Rest der Zeit befindet sich Ihre Waage im Schlafmodus, um Batterieleistung zu sparen.<\/span><span id=\"p22\"> <\/span><\/p>\n<p>&nbsp;<\/p>\n<p><strong><span id=\"p23\">5.<\/span> <span id=\"p81\">Wie viele Bienenst\u00f6cke kann ich auf meiner Schnittstelle haben?<\/span><\/strong><\/p>\n<p><span id=\"p82\">Ihre Softwareschnittstelle ist nicht eingeschr\u00e4nkt und Sie k\u00f6nnen so viele Bienenst\u00f6cke hosten, wie Sie m\u00f6chten.<\/span><\/p>\n<p>&nbsp;<\/p>\n<p><strong><span id=\"p26\">6.<\/span> <span id=\"p27\">Wie genau sind die Waagen?<\/span><\/strong><\/p>\n<p><span id=\"p28\">Das maximal unterst\u00fctzte Gewicht betr\u00e4gt 200 kg, und ihre Genauigkeit betr\u00e4gt <span id=\"53\" class=\"s-rg-t\">+\/-<\/span> 50 g f\u00fcr die <span id=\"54\" class=\"s-rg-t\">Waage Bee2beep<\/span> PRO &#8211; Origine France <span id=\"55\" class=\"s-bl-t\">Garantie<\/span><\/span><\/p>\n<p><span id=\"p29\">Das von der <span id=\"56\" class=\"s-rg-t\">Bee2beep-<\/span> Waage unterst\u00fctzte H\u00f6chstgewicht betr\u00e4gt <span id=\"57\" class=\"s-bl-t\">150 kg<\/span> mit einer Genauigkeit von ebenfalls + oder &#8211; <span id=\"58\" class=\"s-bl-t\">100 g<\/span><\/span><\/p>\n<p><span id=\"p30\">Unsere Waagen werden alle in Frankreich hergestellt, mit der Origine France Garantie <span id=\"59\">zertifiziert<\/span> und vor der Lagerung messtechnisch getestet.<\/span><\/p>\n<p>&nbsp;<\/p>\n<p><strong><span id=\"p31\">7.<\/span> <span id=\"p32\">Mit welchen Stativen ist die Waage kompatibel?<\/span><\/strong><\/p>\n<p><span id=\"p33\"><span id=\"61\" class=\"s-rg-t\">Bee2beep<\/span> verbundene Waagen sind an alle Arten von Medien anpassbar.<\/span><span id=\"p34\"> Die <span id=\"63\" class=\"s-rg-t\">Bee2beep-<\/span> Waage ist mit ihren 4 Wiegebolzen einfach zu installieren und l\u00e4sst sich schnell auf Paletten, Leichtbetonbl\u00f6cken, Balken, Sparren <span id=\"64\" class=\"s-bl-t\">usw.<\/span> positionieren <span id=\"65\" class=\"s-bl-t\">.<\/span><\/span><span id=\"p35\"> Die <span id=\"66\" class=\"s-rg-t\">Bee2beep<\/span> PRO-Waage hingegen hat einen festen Radstand, der sie bei Dachsparreninstallationen einschr\u00e4nkt, aber perfekt f\u00fcr Paletten oder feste St\u00fctzen geeignet ist.<\/span><span id=\"p36\">  <\/span><\/p>\n<p>&nbsp;<br \/>\n<strong><span id=\"p37\">8.<\/span> <span id=\"p83\">Funktioniert die Waage bei allen Nesselsuchtarten?<\/span><\/strong><\/p>\n<p><span id=\"p39\"><span id=\"71\" class=\"s-rg-t\">Mit Bee2beep<\/span> verbundene Waagen k\u00f6nnen alle herk\u00f6mmlichen Bienenstockformate au\u00dfer kenianischen Bienenst\u00f6cken akzeptieren.<\/span><span id=\"p40\"> <\/span><\/p>\n<\/div><\/div><\/div><\/div><\/div>\n","protected":false},"excerpt":{"rendered":"","protected":false},"author":4,"featured_media":0,"parent":0,"menu_order":0,"comment_status":"closed","ping_status":"closed","template":"","meta":{"footnotes":""},"class_list":["post-4828","page","type-page","status-publish","hentry"],"yoast_head":"<!-- This site is optimized with the Yoast SEO plugin v27.5 - https:\/\/yoast.com\/product\/yoast-seo-wordpress\/ -->\n<title>FAQ BEE2BEEP<\/title>\n<meta name=\"robots\" content=\"index, follow, max-snippet:-1, max-image-preview:large, max-video-preview:-1\" \/>\n<link rel=\"canonical\" href=\"https:\/\/bee2beep.com\/de\/faq-produkte\/\" \/>\n<meta property=\"og:locale\" content=\"de_DE\" \/>\n<meta property=\"og:type\" content=\"article\" \/>\n<meta property=\"og:title\" content=\"FAQ BEE2BEEP\" \/>\n<meta property=\"og:url\" content=\"https:\/\/bee2beep.com\/de\/faq-produkte\/\" \/>\n<meta property=\"og:site_name\" content=\"Bee2Beep\" \/>\n<meta property=\"article:modified_time\" content=\"2023-02-22T17:54:43+00:00\" \/>\n<meta name=\"twitter:card\" content=\"summary_large_image\" \/>\n<script type=\"application\/ld+json\" class=\"yoast-schema-graph\">{\"@context\":\"https:\\\/\\\/schema.org\",\"@graph\":[{\"@type\":\"WebPage\",\"@id\":\"https:\\\/\\\/bee2beep.com\\\/de\\\/faq-produkte\\\/\",\"url\":\"https:\\\/\\\/bee2beep.com\\\/de\\\/faq-produkte\\\/\",\"name\":\"FAQ BEE2BEEP\",\"isPartOf\":{\"@id\":\"https:\\\/\\\/bee2beep.com\\\/de\\\/#website\"},\"datePublished\":\"2022-01-19T09:05:31+00:00\",\"dateModified\":\"2023-02-22T17:54:43+00:00\",\"inLanguage\":\"de\",\"potentialAction\":[{\"@type\":\"ReadAction\",\"target\":[\"https:\\\/\\\/bee2beep.com\\\/de\\\/faq-produkte\\\/\"]}]},{\"@type\":\"WebSite\",\"@id\":\"https:\\\/\\\/bee2beep.com\\\/de\\\/#website\",\"url\":\"https:\\\/\\\/bee2beep.com\\\/de\\\/\",\"name\":\"Bee2Beep\",\"description\":\"\",\"potentialAction\":[{\"@type\":\"SearchAction\",\"target\":{\"@type\":\"EntryPoint\",\"urlTemplate\":\"https:\\\/\\\/bee2beep.com\\\/de\\\/?s={search_term_string}\"},\"query-input\":{\"@type\":\"PropertyValueSpecification\",\"valueRequired\":true,\"valueName\":\"search_term_string\"}}],\"inLanguage\":\"de\"}]}<\/script>\n<!-- \/ Yoast SEO plugin. -->","yoast_head_json":{"title":"FAQ BEE2BEEP","robots":{"index":"index","follow":"follow","max-snippet":"max-snippet:-1","max-image-preview":"max-image-preview:large","max-video-preview":"max-video-preview:-1"},"canonical":"https:\/\/bee2beep.com\/de\/faq-produkte\/","og_locale":"de_DE","og_type":"article","og_title":"FAQ BEE2BEEP","og_url":"https:\/\/bee2beep.com\/de\/faq-produkte\/","og_site_name":"Bee2Beep","article_modified_time":"2023-02-22T17:54:43+00:00","twitter_card":"summary_large_image","schema":{"@context":"https:\/\/schema.org","@graph":[{"@type":"WebPage","@id":"https:\/\/bee2beep.com\/de\/faq-produkte\/","url":"https:\/\/bee2beep.com\/de\/faq-produkte\/","name":"FAQ BEE2BEEP","isPartOf":{"@id":"https:\/\/bee2beep.com\/de\/#website"},"datePublished":"2022-01-19T09:05:31+00:00","dateModified":"2023-02-22T17:54:43+00:00","inLanguage":"de","potentialAction":[{"@type":"ReadAction","target":["https:\/\/bee2beep.com\/de\/faq-produkte\/"]}]},{"@type":"WebSite","@id":"https:\/\/bee2beep.com\/de\/#website","url":"https:\/\/bee2beep.com\/de\/","name":"Bee2Beep","description":"","potentialAction":[{"@type":"SearchAction","target":{"@type":"EntryPoint","urlTemplate":"https:\/\/bee2beep.com\/de\/?s={search_term_string}"},"query-input":{"@type":"PropertyValueSpecification","valueRequired":true,"valueName":"search_term_string"}}],"inLanguage":"de"}]}},"_links":{"self":[{"href":"https:\/\/bee2beep.com\/de\/wp-json\/wp\/v2\/pages\/4828","targetHints":{"allow":["GET"]}}],"collection":[{"href":"https:\/\/bee2beep.com\/de\/wp-json\/wp\/v2\/pages"}],"about":[{"href":"https:\/\/bee2beep.com\/de\/wp-json\/wp\/v2\/types\/page"}],"author":[{"embeddable":true,"href":"https:\/\/bee2beep.com\/de\/wp-json\/wp\/v2\/users\/4"}],"replies":[{"embeddable":true,"href":"https:\/\/bee2beep.com\/de\/wp-json\/wp\/v2\/comments?post=4828"}],"version-history":[{"count":3,"href":"https:\/\/bee2beep.com\/de\/wp-json\/wp\/v2\/pages\/4828\/revisions"}],"predecessor-version":[{"id":9488,"href":"https:\/\/bee2beep.com\/de\/wp-json\/wp\/v2\/pages\/4828\/revisions\/9488"}],"wp:attachment":[{"href":"https:\/\/bee2beep.com\/de\/wp-json\/wp\/v2\/media?parent=4828"}],"curies":[{"name":"wp","href":"https:\/\/api.w.org\/{rel}","templated":true}]}}