{"id":4823,"date":"2021-12-22T00:32:33","date_gmt":"2021-12-21T23:32:33","guid":{"rendered":"https:\/\/bee2beep.com\/lieferung-und-ruecksendung\/"},"modified":"2022-03-25T13:58:54","modified_gmt":"2022-03-25T12:58:54","slug":"lieferung-und-ruecksendung","status":"publish","type":"page","link":"https:\/\/bee2beep.com\/de\/lieferung-und-ruecksendung\/","title":{"rendered":"Lieferung und R\u00fccksendung"},"content":{"rendered":"<div class=\"fusion-fullwidth fullwidth-box fusion-builder-row-1 fusion-flex-container nonhundred-percent-fullwidth non-hundred-percent-height-scrolling ctnr-simple\" style=\"--awb-border-radius-top-left:0px;--awb-border-radius-top-right:0px;--awb-border-radius-bottom-right:0px;--awb-border-radius-bottom-left:0px;--awb-min-height:90vh;--awb-flex-wrap:wrap;\" ><div class=\"fusion-builder-row fusion-row fusion-flex-align-items-flex-start fusion-flex-justify-content-center fusion-flex-content-wrap\" style=\"max-width:1144px;margin-left: calc(-4% \/ 2 );margin-right: calc(-4% \/ 2 );\"><div class=\"fusion-layout-column fusion_builder_column fusion-builder-column-0 fusion_builder_column_1_1 1_1 fusion-flex-column col-inside\" style=\"--awb-bg-size:cover;--awb-width-large:100%;--awb-margin-top-large:0px;--awb-spacing-right-large:1.92%;--awb-margin-bottom-large:0px;--awb-spacing-left-large:1.92%;--awb-width-medium:100%;--awb-order-medium:0;--awb-spacing-right-medium:1.92%;--awb-spacing-left-medium:1.92%;--awb-width-small:100%;--awb-order-small:0;--awb-spacing-right-small:1.92%;--awb-spacing-left-small:1.92%;\"><div class=\"fusion-column-wrapper fusion-column-has-shadow fusion-flex-justify-content-center fusion-content-layout-column\"><div class=\"fusion-title title fusion-title-1 fusion-sep-none fusion-title-text fusion-title-size-one\" style=\"--awb-margin-top-small:0px;--awb-margin-right-small:0px;--awb-margin-bottom-small:20px;--awb-margin-left-small:0px;\"><h1 class=\"fusion-title-heading title-heading-left\" style=\"margin:0;\">Lieferung und R\u00fccksendung: die Bedingungen<\/h1><\/div><div class=\"fusion-text fusion-text-1\" style=\"--awb-content-alignment:left;--awb-text-transform:none;\"><h3>Lieferung Frankreich<\/h3>\n<p>Kostenlose und verfolgte Lieferung in Frankreich f\u00fcr alle unsere Produkte in 4 bis 6 Werktagen.<\/p>\n<h3>Lieferung Europ\u00e4ische Union<\/h3>\n<p>Wir liefern unsere Produkte in die gesamte Europ\u00e4ische Union.<br \/>\nDas Land der Rechnungsstellung ist Frankreich, Sitz des Unternehmens.<\/p>\n<p><strong>Preise und MwSt<\/strong><br \/>\nUnsere Preise beinhalten alle Steuern und sind in Euro (\u20ac) angegeben.<br \/>\nBei einer Lieferung in das franz\u00f6sische Mutterland ber\u00fccksichtigen die Preise die geltende franz\u00f6sische Mehrwertsteuer.<br \/>\nJede \u00c4nderung des Mehrwertsteuersatzes k\u00f6nnte sich sofort in unseren Preisen widerspiegeln.<br \/>\nIm Falle eines Verkaufs au\u00dferhalb des franz\u00f6sischen Hoheitsgebiets an ein Unternehmen erfolgt der Verkauf ohne Mehrwertsteuer.<br \/>\nIn diesem Fall ist zur Erfassung der Bestellung eine innergemeinschaftliche Umsatzsteuer-Identifikationsnummer erforderlich.<br \/>\nIm Falle eines Verkaufs an eine Privatperson erfolgt der Verkauf mit franz\u00f6sischer Mehrwertsteuer (20 %).<\/p>\n<p>Soweit f\u00fcr den Versand nichts anderes vorgeschrieben ist, w\u00e4hlen wir Versandart und Versandweg selbst. Verpackungs-, Fracht-, Hafen-, Zoll- und Versicherungskosten gehen zu Lasten des K\u00e4ufers. Die Verpackung wird zum Selbstkostenpreis berechnet und nicht zur\u00fcckgenommen. Die Versicherung erfolgt nur auf ausdr\u00fccklichen Wunsch des Bestellers.<br \/>\nWir behalten uns das Recht vor, unsere Preise zu \u00e4ndern, insbesondere f\u00fcr den Fall, dass die Einstandspreise haupts\u00e4chlich aus Gehalts- oder Kostengr\u00fcnden oder auch \u00c4nderungen von Verwaltungskosten, Abgaben oder Steuern bis zum Liefertermin ge\u00e4ndert werden.<\/p>\n<p>Unsere Lieferungen erfolgen per UPS, GLS oder Colissimo mit Sendungsverfolgung.<br \/>\nWir haben diese Liefermethoden aufgrund ihrer Effektivit\u00e4t in Bezug auf R\u00fcckverfolgbarkeit und Sicherheit ausgew\u00e4hlt. Jede dieser Versandarten bietet eine Online-Verfolgung des Pakets.<\/p>\n<p>UPS- und Colissimo-Websites:<br \/>\nhttps:\/\/www.ups.com\/track?loc=fr_FR&#038;requester=WT\/<br \/>\nhttps:\/\/www.laposte.fr\/colissimo<\/p>\n<\/div><\/div><\/div><\/div><\/div>\n","protected":false},"excerpt":{"rendered":"","protected":false},"author":1,"featured_media":0,"parent":0,"menu_order":0,"comment_status":"closed","ping_status":"closed","template":"100-width.php","meta":{"footnotes":""},"class_list":["post-4823","page","type-page","status-publish","hentry"],"yoast_head":"<!-- This site is optimized with the Yoast SEO plugin v27.4 - https:\/\/yoast.com\/product\/yoast-seo-wordpress\/ -->\n<title>Lieferung und R\u00fccksendung<\/title>\n<meta name=\"robots\" content=\"index, follow, max-snippet:-1, max-image-preview:large, max-video-preview:-1\" \/>\n<link rel=\"canonical\" href=\"https:\/\/bee2beep.com\/de\/lieferung-und-ruecksendung\/\" \/>\n<meta property=\"og:locale\" content=\"de_DE\" \/>\n<meta property=\"og:type\" content=\"article\" \/>\n<meta property=\"og:title\" content=\"Lieferung und R\u00fccksendung\" \/>\n<meta property=\"og:url\" content=\"https:\/\/bee2beep.com\/de\/lieferung-und-ruecksendung\/\" \/>\n<meta property=\"og:site_name\" content=\"Bee2Beep\" \/>\n<meta property=\"article:modified_time\" content=\"2022-03-25T12:58:54+00:00\" \/>\n<meta name=\"twitter:card\" content=\"summary_large_image\" \/>\n<script type=\"application\/ld+json\" class=\"yoast-schema-graph\">{\"@context\":\"https:\\\/\\\/schema.org\",\"@graph\":[{\"@type\":\"WebPage\",\"@id\":\"https:\\\/\\\/bee2beep.com\\\/de\\\/lieferung-und-ruecksendung\\\/\",\"url\":\"https:\\\/\\\/bee2beep.com\\\/de\\\/lieferung-und-ruecksendung\\\/\",\"name\":\"Lieferung und R\u00fccksendung\",\"isPartOf\":{\"@id\":\"https:\\\/\\\/bee2beep.com\\\/de\\\/#website\"},\"datePublished\":\"2021-12-21T23:32:33+00:00\",\"dateModified\":\"2022-03-25T12:58:54+00:00\",\"inLanguage\":\"de\",\"potentialAction\":[{\"@type\":\"ReadAction\",\"target\":[\"https:\\\/\\\/bee2beep.com\\\/de\\\/lieferung-und-ruecksendung\\\/\"]}]},{\"@type\":\"WebSite\",\"@id\":\"https:\\\/\\\/bee2beep.com\\\/de\\\/#website\",\"url\":\"https:\\\/\\\/bee2beep.com\\\/de\\\/\",\"name\":\"Bee2Beep\",\"description\":\"\",\"potentialAction\":[{\"@type\":\"SearchAction\",\"target\":{\"@type\":\"EntryPoint\",\"urlTemplate\":\"https:\\\/\\\/bee2beep.com\\\/de\\\/?s={search_term_string}\"},\"query-input\":{\"@type\":\"PropertyValueSpecification\",\"valueRequired\":true,\"valueName\":\"search_term_string\"}}],\"inLanguage\":\"de\"}]}<\/script>\n<!-- \/ Yoast SEO plugin. -->","yoast_head_json":{"title":"Lieferung und R\u00fccksendung","robots":{"index":"index","follow":"follow","max-snippet":"max-snippet:-1","max-image-preview":"max-image-preview:large","max-video-preview":"max-video-preview:-1"},"canonical":"https:\/\/bee2beep.com\/de\/lieferung-und-ruecksendung\/","og_locale":"de_DE","og_type":"article","og_title":"Lieferung und R\u00fccksendung","og_url":"https:\/\/bee2beep.com\/de\/lieferung-und-ruecksendung\/","og_site_name":"Bee2Beep","article_modified_time":"2022-03-25T12:58:54+00:00","twitter_card":"summary_large_image","schema":{"@context":"https:\/\/schema.org","@graph":[{"@type":"WebPage","@id":"https:\/\/bee2beep.com\/de\/lieferung-und-ruecksendung\/","url":"https:\/\/bee2beep.com\/de\/lieferung-und-ruecksendung\/","name":"Lieferung und R\u00fccksendung","isPartOf":{"@id":"https:\/\/bee2beep.com\/de\/#website"},"datePublished":"2021-12-21T23:32:33+00:00","dateModified":"2022-03-25T12:58:54+00:00","inLanguage":"de","potentialAction":[{"@type":"ReadAction","target":["https:\/\/bee2beep.com\/de\/lieferung-und-ruecksendung\/"]}]},{"@type":"WebSite","@id":"https:\/\/bee2beep.com\/de\/#website","url":"https:\/\/bee2beep.com\/de\/","name":"Bee2Beep","description":"","potentialAction":[{"@type":"SearchAction","target":{"@type":"EntryPoint","urlTemplate":"https:\/\/bee2beep.com\/de\/?s={search_term_string}"},"query-input":{"@type":"PropertyValueSpecification","valueRequired":true,"valueName":"search_term_string"}}],"inLanguage":"de"}]}},"_links":{"self":[{"href":"https:\/\/bee2beep.com\/de\/wp-json\/wp\/v2\/pages\/4823","targetHints":{"allow":["GET"]}}],"collection":[{"href":"https:\/\/bee2beep.com\/de\/wp-json\/wp\/v2\/pages"}],"about":[{"href":"https:\/\/bee2beep.com\/de\/wp-json\/wp\/v2\/types\/page"}],"author":[{"embeddable":true,"href":"https:\/\/bee2beep.com\/de\/wp-json\/wp\/v2\/users\/1"}],"replies":[{"embeddable":true,"href":"https:\/\/bee2beep.com\/de\/wp-json\/wp\/v2\/comments?post=4823"}],"version-history":[{"count":2,"href":"https:\/\/bee2beep.com\/de\/wp-json\/wp\/v2\/pages\/4823\/revisions"}],"predecessor-version":[{"id":4827,"href":"https:\/\/bee2beep.com\/de\/wp-json\/wp\/v2\/pages\/4823\/revisions\/4827"}],"wp:attachment":[{"href":"https:\/\/bee2beep.com\/de\/wp-json\/wp\/v2\/media?parent=4823"}],"curies":[{"name":"wp","href":"https:\/\/api.w.org\/{rel}","templated":true}]}}