{"id":4752,"date":"2019-09-09T17:06:01","date_gmt":"2019-09-09T15:06:01","guid":{"rendered":"https:\/\/bee2beep.com\/vertraulichkeit\/"},"modified":"2022-03-25T13:58:25","modified_gmt":"2022-03-25T12:58:25","slug":"vertraulichkeit","status":"publish","type":"page","link":"https:\/\/bee2beep.com\/de\/vertraulichkeit\/","title":{"rendered":"Datenschutz und Cookies"},"content":{"rendered":"<div class=\"fusion-fullwidth fullwidth-box fusion-builder-row-1 fusion-flex-container nonhundred-percent-fullwidth non-hundred-percent-height-scrolling\" style=\"--awb-border-radius-top-left:0px;--awb-border-radius-top-right:0px;--awb-border-radius-bottom-right:0px;--awb-border-radius-bottom-left:0px;--awb-flex-wrap:wrap;\" ><div class=\"fusion-builder-row fusion-row fusion-flex-align-items-flex-start fusion-flex-justify-content-center fusion-flex-content-wrap\" style=\"max-width:1144px;margin-left: calc(-4% \/ 2 );margin-right: calc(-4% \/ 2 );\"><div class=\"fusion-layout-column fusion_builder_column fusion-builder-column-0 fusion_builder_column_1_1 1_1 fusion-flex-column\" style=\"--awb-bg-size:cover;--awb-width-large:100%;--awb-margin-top-large:0px;--awb-spacing-right-large:1.92%;--awb-margin-bottom-large:0px;--awb-spacing-left-large:1.92%;--awb-width-medium:100%;--awb-spacing-right-medium:1.92%;--awb-spacing-left-medium:1.92%;--awb-width-small:100%;--awb-spacing-right-small:1.92%;--awb-spacing-left-small:1.92%;\"><div class=\"fusion-column-wrapper fusion-column-has-shadow fusion-flex-justify-content-center fusion-content-layout-column\"><div class=\"fusion-text fusion-text-1\" style=\"--awb-content-alignment:center;--awb-text-transform:none;\"><h1>Datenschutz und Cookies<\/h1>\n<\/div><div class=\"fusion-text fusion-text-2\" style=\"--awb-text-transform:none;\"><div class=\"fusion-text fusion-text-2\">\n<p>Diese Datenschutzrichtlinie definiert und informiert Sie dar\u00fcber, wie Bee2Beep als Datenverantwortlicher die Informationen verwendet und sch\u00fctzt, die Sie \u00fcbermitteln, wenn Sie die Website bee2beep.io (im Folgenden \u201edie Website\u201c) nutzen.<\/p>\n<p>Diese Datenschutzerkl\u00e4rung kann von Bee2Beep jederzeit ge\u00e4ndert oder erg\u00e4nzt werden. Das Datum ihrer Aktualisierung wird dann ausdr\u00fccklich angegeben. Diese \u00c4nderungen sind f\u00fcr Sie verbindlich, sobald sie online gestellt werden, und wir empfehlen Ihnen, sie regelm\u00e4\u00dfig zu konsultieren.<\/p>\n<p>Durch die Nutzung der Website stimmen Sie ausdr\u00fccklich unserer Datenschutzerkl\u00e4rung zu, von der Sie erkl\u00e4ren, dass Sie sie vollst\u00e4ndig gelesen haben.<\/p>\n<p><strong>1. Gesammelte Informationen<\/strong><br \/>\nBee2Beep erhebt personenbezogene Daten \u00fcber Sie, wenn Sie den Newsletter abonnieren oder ein Kontaktformular absenden. Die gesammelten Informationen sind Ihr Name, Vorname, E-Mail-Adresse und Telefonnummer.<br \/>\nSchlie\u00dflich erhalten und speichern wir automatisch Informationen von Ihrem Computer und Browser, einschlie\u00dflich Ihrer IP-Adresse, wenn Sie die Website besuchen.<\/p>\n<p><strong>2. Zweck der Sammlung von Informationen<\/strong><\/p>\n<p>Alle Informationen, die wir von Ihnen sammeln, werden verwendet, um:<\/p>\n<p>\u2022 Sie \u00fcber Produkte, Programme, Dienstleistungen und Werbeaktionen zu informieren, die Sie m\u00f6glicherweise interessieren, vorbehaltlich Ihrer vorherigen Genehmigung,<br \/>\n\u2022 Verbesserung der Leistung unserer Website,<br \/>\n\u2022 Personalisieren Sie Ihre Erfahrung auf der Website und erf\u00fcllen Sie Ihre individuellen Bed\u00fcrfnisse<\/p>\n<p>Diese Verarbeitung ist f\u00fcr die Erf\u00fcllung unserer vertraglichen Verpflichtungen erforderlich und basiert auf unserem berechtigten Interesse, unsere Dienstleistungen zu verbessern und die Erwartungen der Benutzer der Website zu verstehen.<\/p>\n<p><strong>3. Haltbarkeit<\/strong><\/p>\n<p>Bee2Beep speichert personenbezogene Daten nur so lange, wie es f\u00fcr die Vorg\u00e4nge, f\u00fcr die sie erhoben wurden, erforderlich ist.<br \/>\nKonkret:<br \/>\n\u2022 Interessentendaten, dh Personen, die ein Formular eingereicht haben, werden f\u00fcr einen Zeitraum von zwei Jahren ab ihrer Erfassung oder der letzten Verbindung mit der Website des Interessenten aufbewahrt.<br \/>\n\u2022 Auf den Endger\u00e4ten der Benutzer gespeicherte Informationen (Cookies) oder andere Elemente, die dazu dienen, Benutzer zu identifizieren und die R\u00fcckverfolgbarkeit der Benutzer zu erm\u00f6glichen, werden zw\u00f6lf Monate lang aufbewahrt.<\/p>\n<p><strong>4. Vertraulichkeit<\/strong><\/p>\n<p>Bee2Beep ist der alleinige Eigent\u00fcmer der auf der Website gesammelten Informationen. Ihre personenbezogenen Daten werden ohne Ihre Zustimmung nicht zu kommerziellen Zwecken verkauft, ausgetauscht, \u00fcbertragen oder an ein anderes Unternehmen weitergegeben.<\/p>\n<p>Diese Daten k\u00f6nnen jedoch Subunternehmern f\u00fcr die ordnungsgem\u00e4\u00dfe Ausf\u00fchrung der erteilten Auftr\u00e4ge oder Dritten anvertraut werden, die f\u00fcr die Verwaltung und\/oder den Betrieb der Website verantwortlich sind, die in keiner Weise befugt sind, sie f\u00fcr andere Zwecke als den strikten Umfang ihrer Nutzung zu verwenden Auftrag oder Ihre Daten an Dritte zu verkaufen, auszutauschen oder weiterzugeben.<\/p>\n<p>Ihre Daten k\u00f6nnen auch an Dritte weitergegeben werden, jedoch nur innerhalb der zul\u00e4ssigen Grenzen (a) nach geltendem Recht, (b) um rechtlichen Verfahren nachzukommen, (c) um auf Anfragen von Regierungen und Beh\u00f6rden zu reagieren, auch wenn diese sich au\u00dferhalb Ihres Wohnsitzlandes befinden, (d) um die Einhaltung unserer Verkaufs- und Nutzungsbedingungen sicherzustellen, (e) um unsere Rechte und Interessen und die anderer Personen oder Benutzer der Website zu sch\u00fctzen.<\/p>\n<p>Ihre nicht personenbezogenen Daten, dh Daten, die Ihre Identifizierung nicht zulassen, werden m\u00f6glicherweise zu Statistik-, Marketing- oder Werbezwecken an Dritte weitergegeben. Artikel auf dieser Website k\u00f6nnen eingebettete Inhalte enthalten (z. B. Videos, Bilder, Artikel usw.). Von anderen Sites eingebettete Inhalte verhalten sich so, als ob der Besucher zu dieser anderen Site kommen w\u00fcrde. Diese Websites k\u00f6nnen Daten \u00fcber Sie sammeln, Cookies verwenden, Tracking-Tools von Drittanbietern einbetten und Ihre Interaktionen mit diesen eingebetteten Inhalten verfolgen, wenn Sie ein Konto haben, das mit ihrer Website verbunden ist.<\/p>\n<div class=\"fusion-privacy-element fusion-privacy-element-1\">\n<div class=\"fusion-privacy-form-intro\">\n<p>Wir \u00fcberlassen Ihnen die Wahl, ob Sie den Inhalt dieser Anwendungen von Drittanbietern akzeptieren oder nicht. Sie m\u00fcssen lediglich die Kontrollk\u00e4stchen unten deaktivieren und es werden dann keine Daten von diesen Drittanbietern akzeptiert. Sie k\u00f6nnen Ihre Entscheidung jederzeit \u00fcberdenken, indem Sie die K\u00e4stchen unten aktivieren oder deaktivieren und auf die Schaltfl\u00e4che \u201eAktualisieren\u201c klicken.<\/p>\n<\/p>\n<\/div>\n<form id=\"fusion-privacy-form-1\" method=\"post\" class=\"fusion-privacy-form fusion-privacy-form-floated\">\n<ul>\n<li><label for=\"youtube\"><input name=\"consents&#091;&#093;\" type=\"checkbox\" value=\"youtube\" id=\"youtube\">Youtube<\/label><\/li>\n<li><label for=\"gmaps\"><input name=\"consents&#091;&#093;\" type=\"checkbox\" value=\"gmaps\" id=\"gmaps\">Google Maps<\/label><\/li>\n<li><label for=\"tracking\"><input name=\"consents&#091;&#093;\" type=\"checkbox\" value=\"tracking\" id=\"tracking\">Cookie-Verfolgung<\/label><\/li>\n<\/ul>\n<p><input type=\"hidden\" name=\"_wp_http_referer\" value=\"\/confidentialite-et-cookie\/\"><input type=\"hidden\" name=\"privacyformid\" value=\"1\"><input type=\"hidden\" name=\"consents&#091;&#093;\" value=\"consent\"><input class=\"fusion-button fusion-button-default fusion-button-default-size\" type=\"submit\" value=\"Update\"><\/form>\n<\/div>\n<p><strong>5. Schutz von Informationen<\/strong><\/p>\n<p>Wir stellen sicher, dass jeder Dienstleister oder Subunternehmer, den wir im Zusammenhang mit der Erhebung und Verarbeitung der Daten, die Sie uns mitteilen, einsetzen kann, angemessene Garantien in Bezug auf Vertraulichkeit, Verwendung und Datenschutz bietet.<\/p>\n<p>Die Computer und Server, auf denen personenbezogene Daten gespeichert werden, werden in einer sicheren Umgebung aufbewahrt.<\/p>\n<p><strong>6. Recht auf Auskunft, Berichtigung und Widerspruch<\/strong><\/p>\n<p>Sie haben ein Recht auf Auskunft, Einschr\u00e4nkung, Berichtigung, L\u00f6schung und Widerspruch gegen die Nutzung Ihrer an die Website \u00fcbermittelten personenbezogenen Daten.<\/p>\n<p>Jede diesbez\u00fcgliche Anfrage muss an den Site-Controller gerichtet werden, indem eine E-Mail an contact@bee2beep.io gesendet wird<\/p>\n<p>Angesichts unserer Verpflichtung zur Sicherheit und Vertraulichkeit bei der Verarbeitung personenbezogener Daten muss jeder Anfrage eine Fotokopie oder ein Scan Ihres Ausweisdokuments (Personalausweis, Reisepass, F\u00fchrerschein) beiliegen.<\/p>\n<p>Wir werden Ihnen innerhalb von maximal einem Monat nach Eingang Ihrer Anfrage antworten.<\/p>\n<p>Um Sie bei Ihren Verfahren zu unterst\u00fctzen, hat die CNIL Musterbriefe entwickelt, mit denen Sie Folgendes anfordern k\u00f6nnen:<\/p>\n<p>\u2013 Zugriff auf personenbezogene Daten:<br \/>\nhttps:\/\/www.cnil.fr\/fr\/modele\/courrier\/exercer-son-droit-dacces<\/p>\n<p>\u2013 Berichtigung, Aktualisierung, Sperrung oder L\u00f6schung Ihrer personenbezogenen Daten:<br \/>\nhttps:\/\/www.cnil.fr\/fr\/modele\/courrier\/rectifier-des-donnees-inexactes-obsoletes-ou-perimees<\/p>\n<p>\u2013 Widerspruch gegen die Verarbeitung Ihrer personenbezogenen Daten aus einem legitimen Grund oder wenn Ihre Daten f\u00fcr kommerzielle Prospektionszwecke verwendet werden:<br \/>\nhttps:\/\/www.cnil.fr\/fr\/modele\/courrier\/supprimer-des-informations-vous-concernant-dun-site-internet<\/p>\n<p><strong>7. Cookie-Richtlinie<\/strong><br \/>\nWenn Sie sich mit der Website verbinden, kann Bee2Beep mit der Implementierung eines Cookies auf der Festplatte Ihres Endger\u00e4ts fortfahren, um Ihnen eine reibungslose und optimale Navigation auf der Website zu gew\u00e4hrleisten. \u201eCookies\u201c (auch \u201eVerbindungscookies\u201c genannt) erm\u00f6glichen es uns, Ihren Computer, Ihr Tablet oder Ihr Mobiltelefon zu erkennen, um die Dienste, die wir Ihnen \u00fcber die Website anbieten, zu personalisieren.<\/p>\n<p>Um Sie zu informieren, wird unten auf Ihrem Bildschirm ein Banner angezeigt, wenn Sie sich mit der Website verbinden. Sie k\u00f6nnen das Ablegen von Cookies auf Ihrem Endger\u00e4t jederzeit ablehnen, indem Sie Ihren Internetbrowser konfigurieren. In einem solchen Fall k\u00f6nnen wir jedoch das optimale Funktionieren der Website nicht garantieren und k\u00f6nnen nicht f\u00fcr Folgen verantwortlich gemacht werden, die mit der \u00c4nderung Ihrer Navigationsbedingungen auf der Website verbunden sind, die sich aus Ihrer Entscheidung ergeben w\u00fcrden, die daf\u00fcr erforderlichen Cookies abzulehnen oder zu blockieren seine ordnungsgem\u00e4\u00dfe Funktion.<\/p>\n<p>Um Sie bei Ihren Einstellungen zu unterst\u00fctzen, hat die CNIL eine Seite entwickelt, die der Kontrolle von Cookies gewidmet ist und \u00fcber den folgenden Link aufgerufen werden kann: https:\/\/www.cnil.fr\/fr\/cookies-les-outils-pour-les -meistern.<\/p>\n<p>Die mithilfe von Cookies gesammelten Informationen erm\u00f6glichen in keiner Weise, Sie namentlich zu identifizieren, und sollen uns nur dabei helfen, die Leistung der Website zu verbessern.<\/p>\n<p>Gem\u00e4\u00df den Empfehlungen der CNIL unterliegen die f\u00fcr den Betrieb der Website unbedingt erforderlichen Cookies keiner vorherigen Verpflichtung Ihrerseits. Andererseits ist Ihre ausdr\u00fcckliche Zustimmung erforderlich, bevor Cookies von Dritten verwendet werden, die den Vertraulichkeitsrichtlinien der letzteren unterliegen, die auf deren Websites eingesehen werden k\u00f6nnen. Diese Cookies k\u00f6nnen Cookies zur Zielgruppenmessung, Werbe-Cookies oder Cookies zum Teilen in sozialen Netzwerken sein.<\/p>\n<p><strong>8. Abhilfen<\/strong><\/p>\n<p>Wenn Sie der Meinung sind, dass wir unsere Verpflichtungen in Bezug auf die Erhebung und Verarbeitung Ihrer personenbezogenen Daten nicht einhalten, k\u00f6nnen Sie eine Beschwerde per Post oder elektronisch \u00fcber den folgenden Link an die CNIL senden: https:\/\/www.cnil.fr\/fr \/beschwerden\/internet.<\/p>\n<p>\u2013 Juli 2022 \u2013<\/p>\n<\/div>\n<\/div><\/div><\/div><\/div><\/div>\n","protected":false},"excerpt":{"rendered":"","protected":false},"author":1,"featured_media":0,"parent":0,"menu_order":0,"comment_status":"closed","ping_status":"closed","template":"100-width.php","meta":{"footnotes":""},"class_list":["post-4752","page","type-page","status-publish","hentry"],"yoast_head":"<!-- This site is optimized with the Yoast SEO plugin v27.5 - https:\/\/yoast.com\/product\/yoast-seo-wordpress\/ -->\n<title>Datenschutz und Cookies<\/title>\n<meta name=\"robots\" content=\"index, follow, max-snippet:-1, max-image-preview:large, max-video-preview:-1\" \/>\n<link rel=\"canonical\" href=\"https:\/\/bee2beep.com\/de\/vertraulichkeit\/\" \/>\n<meta property=\"og:locale\" content=\"de_DE\" \/>\n<meta property=\"og:type\" content=\"article\" \/>\n<meta property=\"og:title\" content=\"Datenschutz und Cookies\" \/>\n<meta property=\"og:url\" content=\"https:\/\/bee2beep.com\/de\/vertraulichkeit\/\" \/>\n<meta property=\"og:site_name\" content=\"Bee2Beep\" \/>\n<meta property=\"article:modified_time\" content=\"2022-03-25T12:58:25+00:00\" \/>\n<meta name=\"twitter:card\" content=\"summary_large_image\" \/>\n<script type=\"application\/ld+json\" class=\"yoast-schema-graph\">{\"@context\":\"https:\\\/\\\/schema.org\",\"@graph\":[{\"@type\":\"WebPage\",\"@id\":\"https:\\\/\\\/bee2beep.com\\\/de\\\/vertraulichkeit\\\/\",\"url\":\"https:\\\/\\\/bee2beep.com\\\/de\\\/vertraulichkeit\\\/\",\"name\":\"Datenschutz und Cookies\",\"isPartOf\":{\"@id\":\"https:\\\/\\\/bee2beep.com\\\/de\\\/#website\"},\"datePublished\":\"2019-09-09T15:06:01+00:00\",\"dateModified\":\"2022-03-25T12:58:25+00:00\",\"inLanguage\":\"de\",\"potentialAction\":[{\"@type\":\"ReadAction\",\"target\":[\"https:\\\/\\\/bee2beep.com\\\/de\\\/vertraulichkeit\\\/\"]}]},{\"@type\":\"WebSite\",\"@id\":\"https:\\\/\\\/bee2beep.com\\\/de\\\/#website\",\"url\":\"https:\\\/\\\/bee2beep.com\\\/de\\\/\",\"name\":\"Bee2Beep\",\"description\":\"\",\"potentialAction\":[{\"@type\":\"SearchAction\",\"target\":{\"@type\":\"EntryPoint\",\"urlTemplate\":\"https:\\\/\\\/bee2beep.com\\\/de\\\/?s={search_term_string}\"},\"query-input\":{\"@type\":\"PropertyValueSpecification\",\"valueRequired\":true,\"valueName\":\"search_term_string\"}}],\"inLanguage\":\"de\"}]}<\/script>\n<!-- \/ Yoast SEO plugin. -->","yoast_head_json":{"title":"Datenschutz und Cookies","robots":{"index":"index","follow":"follow","max-snippet":"max-snippet:-1","max-image-preview":"max-image-preview:large","max-video-preview":"max-video-preview:-1"},"canonical":"https:\/\/bee2beep.com\/de\/vertraulichkeit\/","og_locale":"de_DE","og_type":"article","og_title":"Datenschutz und Cookies","og_url":"https:\/\/bee2beep.com\/de\/vertraulichkeit\/","og_site_name":"Bee2Beep","article_modified_time":"2022-03-25T12:58:25+00:00","twitter_card":"summary_large_image","schema":{"@context":"https:\/\/schema.org","@graph":[{"@type":"WebPage","@id":"https:\/\/bee2beep.com\/de\/vertraulichkeit\/","url":"https:\/\/bee2beep.com\/de\/vertraulichkeit\/","name":"Datenschutz und Cookies","isPartOf":{"@id":"https:\/\/bee2beep.com\/de\/#website"},"datePublished":"2019-09-09T15:06:01+00:00","dateModified":"2022-03-25T12:58:25+00:00","inLanguage":"de","potentialAction":[{"@type":"ReadAction","target":["https:\/\/bee2beep.com\/de\/vertraulichkeit\/"]}]},{"@type":"WebSite","@id":"https:\/\/bee2beep.com\/de\/#website","url":"https:\/\/bee2beep.com\/de\/","name":"Bee2Beep","description":"","potentialAction":[{"@type":"SearchAction","target":{"@type":"EntryPoint","urlTemplate":"https:\/\/bee2beep.com\/de\/?s={search_term_string}"},"query-input":{"@type":"PropertyValueSpecification","valueRequired":true,"valueName":"search_term_string"}}],"inLanguage":"de"}]}},"_links":{"self":[{"href":"https:\/\/bee2beep.com\/de\/wp-json\/wp\/v2\/pages\/4752","targetHints":{"allow":["GET"]}}],"collection":[{"href":"https:\/\/bee2beep.com\/de\/wp-json\/wp\/v2\/pages"}],"about":[{"href":"https:\/\/bee2beep.com\/de\/wp-json\/wp\/v2\/types\/page"}],"author":[{"embeddable":true,"href":"https:\/\/bee2beep.com\/de\/wp-json\/wp\/v2\/users\/1"}],"replies":[{"embeddable":true,"href":"https:\/\/bee2beep.com\/de\/wp-json\/wp\/v2\/comments?post=4752"}],"version-history":[{"count":2,"href":"https:\/\/bee2beep.com\/de\/wp-json\/wp\/v2\/pages\/4752\/revisions"}],"predecessor-version":[{"id":4757,"href":"https:\/\/bee2beep.com\/de\/wp-json\/wp\/v2\/pages\/4752\/revisions\/4757"}],"wp:attachment":[{"href":"https:\/\/bee2beep.com\/de\/wp-json\/wp\/v2\/media?parent=4752"}],"curies":[{"name":"wp","href":"https:\/\/api.w.org\/{rel}","templated":true}]}}