{"id":4738,"date":"2019-09-09T17:08:43","date_gmt":"2019-09-09T15:08:43","guid":{"rendered":"https:\/\/bee2beep.com\/impressum\/"},"modified":"2025-06-11T14:58:47","modified_gmt":"2025-06-11T12:58:47","slug":"legale-erwaehnungen","status":"publish","type":"page","link":"https:\/\/bee2beep.com\/de\/legale-erwaehnungen\/","title":{"rendered":"Rechtliche Hinweise"},"content":{"rendered":"<div class=\"fusion-fullwidth fullwidth-box fusion-builder-row-1 fusion-flex-container nonhundred-percent-fullwidth non-hundred-percent-height-scrolling lp\" style=\"--awb-border-radius-top-left:0px;--awb-border-radius-top-right:0px;--awb-border-radius-bottom-right:0px;--awb-border-radius-bottom-left:0px;--awb-flex-wrap:wrap;\" ><div class=\"fusion-builder-row fusion-row fusion-flex-align-items-flex-start fusion-flex-justify-content-center fusion-flex-content-wrap\" style=\"max-width:1144px;margin-left: calc(-4% \/ 2 );margin-right: calc(-4% \/ 2 );\"><div class=\"fusion-layout-column fusion_builder_column fusion-builder-column-0 fusion_builder_column_1_1 1_1 fusion-flex-column fusion-flex-align-self-flex-start fusion-column-no-min-height\" style=\"--awb-bg-size:cover;--awb-width-large:100%;--awb-margin-top-large:0px;--awb-spacing-right-large:1.92%;--awb-margin-bottom-large:0px;--awb-spacing-left-large:1.92%;--awb-width-medium:100%;--awb-order-medium:0;--awb-spacing-right-medium:1.92%;--awb-spacing-left-medium:1.92%;--awb-width-small:100%;--awb-order-small:0;--awb-spacing-right-small:1.92%;--awb-spacing-left-small:1.92%;\"><div class=\"fusion-column-wrapper fusion-column-has-shadow fusion-flex-justify-content-flex-start fusion-content-layout-column\"><div class=\"fusion-text fusion-text-1\" style=\"--awb-content-alignment:center;--awb-text-transform:none;\"><h1>Rechtliche Hinweise<\/h1>\n<\/div><div class=\"fusion-text fusion-text-2\" style=\"--awb-text-transform:none;\"><p><strong>1. Vorstellung der Website:<\/strong><br \/>Gem\u00e4\u00df den Bestimmungen der Artikel 6-III und 19 des Gesetzes Nr. 2004-575 vom 21. Juni 2004 \u00fcber das Vertrauen in die digitale Wirtschaft, auch bekannt als L.C.E.N., informieren wir die Nutzer und Besucher der Website: bee2beep.com Verk\u00e4ufer von vernetzten L\u00f6sungen f\u00fcr Imker mit vernetzten Waagen, GPS-Diebstahlsicherung, F\u00fcllstandsanzeige usw.<br \/>Rechtliche Informationen:<br \/>Bee2Beep ist eine Marke, die Eigentum der SAS 4!<br \/>Siren: 821 783 222<br \/>MwSt.: FR06821783222<br \/>E-Mail-Adresse: contact@bee2beep.com<\/p>\n<p>Verantwortlich f\u00fcr die Ver\u00f6ffentlichung &amp; DPO: Capucine DUBREUILLE<\/p>\n<p>Der Ersteller der Website ist <a href=\"https:\/\/adesio.co\/\">die Webagentur Adesio<\/a><br \/>Der Webmaster ist: Adesio<br \/>Kontaktieren Sie den Webmaster: info@adesio.co<br \/>Der Hoster der Website ist: 1&amp;1 internet SARL<br \/><strong>2. Beschreibung der erbrachten Dienstleistungen:<\/strong><br \/>Die Website bee2beep.io soll Informationen \u00fcber alle Aktivit\u00e4ten des Unternehmens liefern.<br \/>Der Eigent\u00fcmer der Website bem\u00fcht sich, auf der Website bee2beep.io so genaue Informationen wie m\u00f6glich zu liefern. Er kann jedoch nicht f\u00fcr Auslassungen, Ungenauigkeiten und M\u00e4ngel in der Aktualisierung haftbar gemacht werden, die von ihm selbst oder von dritten Partnern, die ihm diese Informationen zur Verf\u00fcgung stellen, verursacht werden.<br \/>Alle auf der Website bee2beep.io angebotenen Informationen sind unverbindlich, nicht ersch\u00f6pfend und k\u00f6nnen sich \u00e4ndern.  Sie werden vorbehaltlich von \u00c4nderungen gegeben, die seit ihrer Online-Stellung vorgenommen wurden.<br \/><strong>3. Geistiges Eigentum und F\u00e4lschungen:<\/strong><br \/>Der Eigent\u00fcmer der Website ist Eigent\u00fcmer der Rechte am geistigen Eigentum oder besitzt die Nutzungsrechte f\u00fcr alle auf der Website zug\u00e4nglichen Elemente, insbesondere Texte, Bilder, Grafiken, Logos, Icons, T\u00f6ne, Software.<br \/>Jede Vervielf\u00e4ltigung, Darstellung, \u00c4nderung, Ver\u00f6ffentlichung, vollst\u00e4ndige oder teilweise Anpassung der Elemente der Website, unabh\u00e4ngig von den verwendeten Mitteln oder Verfahren, ist verboten, es sei denn, es liegt eine vorherige schriftliche Genehmigung vor, die an die E-Mail-Adresse contact@bee2beep.io gesendet wird.<br \/>Jede unbefugte Nutzung der Website oder eines dieser Elemente, die sie enth\u00e4lt, wird als Versto\u00df angesehen und gem\u00e4\u00df den Bestimmungen der Artikel L.335-2 und folgende des Gesetzes \u00fcber geistiges Eigentum strafrechtlich verfolgt.<br \/><strong>4. Hyperlinks und Cookies:<\/strong><br \/>Die Website bee2beep.io und bee2beep.com enth\u00e4lt eine Reihe von Hyperlinks zu anderen Websites (Partner, Informationen &#8230;), die mit der Genehmigung des Eigent\u00fcmers der Website eingerichtet wurden. Der Eigent\u00fcmer der Website hat jedoch nicht die M\u00f6glichkeit, den Inhalt der so besuchten Websites zu \u00fcberpr\u00fcfen und lehnt daher jegliche Verantwortung f\u00fcr m\u00f6gliche Risiken illegaler Inhalte ab.<br \/>Der Nutzer wird dar\u00fcber informiert, dass bei seinen Besuchen auf der Website bee2beep.io ein oder mehrere Cookies automatisch auf seinem Computer installiert werden k\u00f6nnen.  Ein Cookie ist eine kleine Datei, die keine Identifizierung des Benutzers erm\u00f6glicht, aber Informationen \u00fcber die Navigation eines Computers auf einer Website aufzeichnet. Die so erhaltenen Daten sollen die sp\u00e4tere Navigation auf der Website erleichtern und dienen auch dazu, verschiedene Messungen der Besucherzahlen zu erm\u00f6glichen.<br \/>Die Parametrierung der Navigationssoftware erm\u00f6glicht es, \u00fcber das Vorhandensein von Cookies zu informieren und diese eventuell abzulehnen, wie unter folgender Adresse beschrieben: www.cnil.fr<br \/>Die Ablehnung der Installation eines Cookies kann dazu f\u00fchren, dass bestimmte Dienste nicht zug\u00e4nglich sind. Der Benutzer kann seinen Computer jedoch wie folgt konfigurieren, um die Installation von Cookies abzulehnen.<br \/><strong>5. Schutz von G\u00fctern und Personen &#8211; Verwaltung pers\u00f6nlicher Daten:<\/strong><br \/>Benutzer: Internetnutzer, der sich mit der oben genannten Website verbindet und diese nutzt: bee2beep.io<br \/>In Frankreich sind pers\u00f6nliche Daten insbesondere durch das Gesetz Nr. 78-87 vom 6. Januar 1978, das Gesetz Nr. 2004-801 vom 6. August 2004, Artikel L. 236 des Strafgesetzbuches und Artikel L. 236 des Strafgesetzbuches gesch\u00fctzt. 226-13 des Strafgesetzbuches und der Europ\u00e4ischen Richtlinie vom 24. Oktober 1995 gesch\u00fctzt.<br \/>Auf der Website bee2beep.io sammelt der Eigent\u00fcmer der Website pers\u00f6nliche Informationen \u00fcber den Benutzer nur f\u00fcr die Zwecke bestimmter Dienstleistungen, die auf der Website bee2beep.io angeboten werden. Der Nutzer stellt diese Informationen in voller Kenntnis der Sachlage zur Verf\u00fcgung, insbesondere wenn er sie selbst eingibt. Der Nutzer der Website bee2beep.io wird dar\u00fcber informiert, ob er verpflichtet ist, diese Informationen zur Verf\u00fcgung zu stellen.<br \/>Gem\u00e4\u00df Artikel 38 ff. des Gesetzes 78-17 vom 6. Januar 1978 \u00fcber Informatik, Dateien und Freiheiten hat jeder Nutzer das Recht auf Zugang, Berichtigung, L\u00f6schung und Widerspruch bez\u00fcglich der ihn betreffenden pers\u00f6nlichen Daten. Um dieses Recht auszu\u00fcben, wenden Sie sich bitte per E-Mail an bee2beep.io oder stellen Sie einen schriftlichen und unterschriebenen Antrag zusammen mit einer Kopie des Personalausweises mit Unterschrift des Inhabers des Dokuments unter Angabe der Adresse, an die die Antwort gesendet werden soll.<br \/>Keine pers\u00f6nlichen Informationen des Nutzers der Website bee2beep.io werden ohne das Wissen des Nutzers ver\u00f6ffentlicht, ausgetauscht, \u00fcbertragen, abgetreten oder auf irgendeinem Datentr\u00e4ger an Dritte verkauft.  Nur die Hypothese des Kaufs der Website bee2beep.io vom Eigent\u00fcmer der Website und ihrer Rechte w\u00fcrde die \u00dcbermittlung dieser Informationen an den potenziellen K\u00e4ufer erm\u00f6glichen, der wiederum an die gleiche Verpflichtung zur Speicherung und \u00c4nderung von Daten gegen\u00fcber gebunden w\u00e4re des Benutzers der Website bee2beep.io.<\/p>\n<\/div><\/div><\/div><\/div><\/div>\n","protected":false},"excerpt":{"rendered":"","protected":false},"author":1,"featured_media":0,"parent":0,"menu_order":0,"comment_status":"closed","ping_status":"closed","template":"100-width.php","meta":{"footnotes":""},"class_list":["post-4738","page","type-page","status-publish","hentry"],"yoast_head":"<!-- This site is optimized with the Yoast SEO plugin v27.4 - https:\/\/yoast.com\/product\/yoast-seo-wordpress\/ -->\n<title>Rechtliche Hinweise<\/title>\n<meta name=\"robots\" content=\"index, follow, max-snippet:-1, max-image-preview:large, max-video-preview:-1\" \/>\n<link rel=\"canonical\" href=\"https:\/\/bee2beep.com\/de\/legale-erwaehnungen\/\" \/>\n<meta property=\"og:locale\" content=\"de_DE\" \/>\n<meta property=\"og:type\" content=\"article\" \/>\n<meta property=\"og:title\" content=\"Rechtliche Hinweise\" \/>\n<meta property=\"og:url\" content=\"https:\/\/bee2beep.com\/de\/legale-erwaehnungen\/\" \/>\n<meta property=\"og:site_name\" content=\"Bee2Beep\" \/>\n<meta property=\"article:modified_time\" content=\"2025-06-11T12:58:47+00:00\" \/>\n<meta name=\"twitter:card\" content=\"summary_large_image\" \/>\n<script type=\"application\/ld+json\" class=\"yoast-schema-graph\">{\"@context\":\"https:\\\/\\\/schema.org\",\"@graph\":[{\"@type\":\"WebPage\",\"@id\":\"https:\\\/\\\/bee2beep.com\\\/de\\\/legale-erwaehnungen\\\/\",\"url\":\"https:\\\/\\\/bee2beep.com\\\/de\\\/legale-erwaehnungen\\\/\",\"name\":\"Rechtliche Hinweise\",\"isPartOf\":{\"@id\":\"https:\\\/\\\/bee2beep.com\\\/de\\\/#website\"},\"datePublished\":\"2019-09-09T15:08:43+00:00\",\"dateModified\":\"2025-06-11T12:58:47+00:00\",\"inLanguage\":\"de\",\"potentialAction\":[{\"@type\":\"ReadAction\",\"target\":[\"https:\\\/\\\/bee2beep.com\\\/de\\\/legale-erwaehnungen\\\/\"]}]},{\"@type\":\"WebSite\",\"@id\":\"https:\\\/\\\/bee2beep.com\\\/de\\\/#website\",\"url\":\"https:\\\/\\\/bee2beep.com\\\/de\\\/\",\"name\":\"Bee2Beep\",\"description\":\"\",\"potentialAction\":[{\"@type\":\"SearchAction\",\"target\":{\"@type\":\"EntryPoint\",\"urlTemplate\":\"https:\\\/\\\/bee2beep.com\\\/de\\\/?s={search_term_string}\"},\"query-input\":{\"@type\":\"PropertyValueSpecification\",\"valueRequired\":true,\"valueName\":\"search_term_string\"}}],\"inLanguage\":\"de\"}]}<\/script>\n<!-- \/ Yoast SEO plugin. -->","yoast_head_json":{"title":"Rechtliche Hinweise","robots":{"index":"index","follow":"follow","max-snippet":"max-snippet:-1","max-image-preview":"max-image-preview:large","max-video-preview":"max-video-preview:-1"},"canonical":"https:\/\/bee2beep.com\/de\/legale-erwaehnungen\/","og_locale":"de_DE","og_type":"article","og_title":"Rechtliche Hinweise","og_url":"https:\/\/bee2beep.com\/de\/legale-erwaehnungen\/","og_site_name":"Bee2Beep","article_modified_time":"2025-06-11T12:58:47+00:00","twitter_card":"summary_large_image","schema":{"@context":"https:\/\/schema.org","@graph":[{"@type":"WebPage","@id":"https:\/\/bee2beep.com\/de\/legale-erwaehnungen\/","url":"https:\/\/bee2beep.com\/de\/legale-erwaehnungen\/","name":"Rechtliche Hinweise","isPartOf":{"@id":"https:\/\/bee2beep.com\/de\/#website"},"datePublished":"2019-09-09T15:08:43+00:00","dateModified":"2025-06-11T12:58:47+00:00","inLanguage":"de","potentialAction":[{"@type":"ReadAction","target":["https:\/\/bee2beep.com\/de\/legale-erwaehnungen\/"]}]},{"@type":"WebSite","@id":"https:\/\/bee2beep.com\/de\/#website","url":"https:\/\/bee2beep.com\/de\/","name":"Bee2Beep","description":"","potentialAction":[{"@type":"SearchAction","target":{"@type":"EntryPoint","urlTemplate":"https:\/\/bee2beep.com\/de\/?s={search_term_string}"},"query-input":{"@type":"PropertyValueSpecification","valueRequired":true,"valueName":"search_term_string"}}],"inLanguage":"de"}]}},"_links":{"self":[{"href":"https:\/\/bee2beep.com\/de\/wp-json\/wp\/v2\/pages\/4738","targetHints":{"allow":["GET"]}}],"collection":[{"href":"https:\/\/bee2beep.com\/de\/wp-json\/wp\/v2\/pages"}],"about":[{"href":"https:\/\/bee2beep.com\/de\/wp-json\/wp\/v2\/types\/page"}],"author":[{"embeddable":true,"href":"https:\/\/bee2beep.com\/de\/wp-json\/wp\/v2\/users\/1"}],"replies":[{"embeddable":true,"href":"https:\/\/bee2beep.com\/de\/wp-json\/wp\/v2\/comments?post=4738"}],"version-history":[{"count":5,"href":"https:\/\/bee2beep.com\/de\/wp-json\/wp\/v2\/pages\/4738\/revisions"}],"predecessor-version":[{"id":11159,"href":"https:\/\/bee2beep.com\/de\/wp-json\/wp\/v2\/pages\/4738\/revisions\/11159"}],"wp:attachment":[{"href":"https:\/\/bee2beep.com\/de\/wp-json\/wp\/v2\/media?parent=4738"}],"curies":[{"name":"wp","href":"https:\/\/api.w.org\/{rel}","templated":true}]}}