{"id":4737,"date":"2021-12-06T07:01:47","date_gmt":"2021-12-06T06:01:47","guid":{"rendered":"https:\/\/bee2beep.com\/verwendet\/"},"modified":"2022-03-25T13:58:22","modified_gmt":"2022-03-25T12:58:22","slug":"verwendet","status":"publish","type":"page","link":"https:\/\/bee2beep.com\/de\/verwendet\/","title":{"rendered":"Verwendet"},"content":{"rendered":"<div class=\"fusion-fullwidth fullwidth-box fusion-builder-row-1 fusion-flex-container nonhundred-percent-fullwidth non-hundred-percent-height-scrolling ctnr-simple\" style=\"--awb-border-radius-top-left:0px;--awb-border-radius-top-right:0px;--awb-border-radius-bottom-right:0px;--awb-border-radius-bottom-left:0px;--awb-flex-wrap:wrap;\" ><div class=\"fusion-builder-row fusion-row fusion-flex-align-items-flex-start fusion-flex-justify-content-center fusion-flex-content-wrap\" style=\"max-width:1144px;margin-left: calc(-4% \/ 2 );margin-right: calc(-4% \/ 2 );\"><div class=\"fusion-layout-column fusion_builder_column fusion-builder-column-0 fusion_builder_column_1_1 1_1 fusion-flex-column col-inside\" style=\"--awb-bg-size:cover;--awb-width-large:100%;--awb-margin-top-large:0px;--awb-spacing-right-large:1.92%;--awb-margin-bottom-large:0px;--awb-spacing-left-large:1.92%;--awb-width-medium:100%;--awb-order-medium:0;--awb-spacing-right-medium:1.92%;--awb-spacing-left-medium:1.92%;--awb-width-small:100%;--awb-order-small:0;--awb-spacing-right-small:1.92%;--awb-spacing-left-small:1.92%;\"><div class=\"fusion-column-wrapper fusion-column-has-shadow fusion-flex-justify-content-center fusion-content-layout-column\"><div class=\"fusion-title title fusion-title-1 fusion-sep-none fusion-title-text fusion-title-size-one\" style=\"--awb-margin-top-small:0px;--awb-margin-right-small:0px;--awb-margin-bottom-small:20px;--awb-margin-left-small:0px;\"><h1 class=\"fusion-title-heading title-heading-left\" style=\"margin:0;\">Verwendet<\/h1><\/div><div class=\"fusion-text fusion-text-1\" style=\"--awb-text-transform:none;\"><p style=\"text-align: center;\">Mit einer vernetzten Waage f\u00fcr Bienenst\u00f6cke k\u00f6nnen <strong>Sie in Echtzeit und Tag f\u00fcr Tag die Anf\u00e4nge des Honigflusses verfolgen:<\/strong><br \/>Der Beginn des Honigflusses, der im Allgemeinen durch eine starke Gewichtszunahme gekennzeichnet ist, stellt den Beginn der Bl\u00fcte um Ihre Bienenst\u00f6cke herum dar. Mit unserer vernetzten Stockwaage k\u00f6nnen Sie die Entwicklung dieser wichtigen Zeit in Echtzeit und Tag f\u00fcr Tag verfolgen!<\/p>\n<\/div><\/div><\/div><div class=\"fusion-layout-column fusion_builder_column fusion-builder-column-1 fusion_builder_column_1_2 1_2 fusion-flex-column\" style=\"--awb-bg-size:cover;--awb-width-large:50%;--awb-margin-top-large:0px;--awb-spacing-right-large:3.84%;--awb-margin-bottom-large:0px;--awb-spacing-left-large:3.84%;--awb-width-medium:100%;--awb-order-medium:0;--awb-spacing-right-medium:1.92%;--awb-spacing-left-medium:1.92%;--awb-width-small:100%;--awb-order-small:0;--awb-spacing-right-small:1.92%;--awb-spacing-left-small:1.92%;\"><div class=\"fusion-column-wrapper fusion-column-has-shadow fusion-flex-justify-content-flex-start fusion-content-layout-column\"><div class=\"fusion-image-element \" style=\"text-align:center;--awb-caption-title-font-family:var(--h2_typography-font-family);--awb-caption-title-font-weight:var(--h2_typography-font-weight);--awb-caption-title-font-style:var(--h2_typography-font-style);--awb-caption-title-size:var(--h2_typography-font-size);--awb-caption-title-transform:var(--h2_typography-text-transform);--awb-caption-title-line-height:var(--h2_typography-line-height);--awb-caption-title-letter-spacing:var(--h2_typography-letter-spacing);\"><span class=\" fusion-imageframe imageframe-none imageframe-1 hover-type-none\"><img decoding=\"async\" width=\"300\" height=\"200\" title=\"pexels-david-habl\u00c3\u00bctzel-7181196\" src=\"https:\/\/bee2beep.com\/wp-content\/uploads\/2022\/01\/pexels-david-hablA\u00bctzel-7181196-300x200.jpg\" alt class=\"img-responsive wp-image-4585\" srcset=\"https:\/\/bee2beep.com\/wp-content\/uploads\/2022\/01\/pexels-david-hablA\u00bctzel-7181196-200x133.jpg 200w, https:\/\/bee2beep.com\/wp-content\/uploads\/2022\/01\/pexels-david-hablA\u00bctzel-7181196-400x267.jpg 400w, https:\/\/bee2beep.com\/wp-content\/uploads\/2022\/01\/pexels-david-hablA\u00bctzel-7181196-600x400.jpg 600w, https:\/\/bee2beep.com\/wp-content\/uploads\/2022\/01\/pexels-david-hablA\u00bctzel-7181196-800x533.jpg 800w, https:\/\/bee2beep.com\/wp-content\/uploads\/2022\/01\/pexels-david-hablA\u00bctzel-7181196-1200x800.jpg 1200w\" sizes=\"(max-width: 1024px) 100vw, (max-width: 640px) 100vw, 600px\" \/><\/span><\/div><div class=\"fusion-title title fusion-title-2 fusion-sep-none fusion-title-text fusion-title-size-three\" style=\"--awb-margin-top-small:0px;--awb-margin-right-small:0px;--awb-margin-bottom-small:20px;--awb-margin-left-small:0px;\"><h3 class=\"fusion-title-heading title-heading-left\" style=\"margin:0;\">\u00dcberwachung von Honigstr\u00f6men<\/h3><\/div><div class=\"fusion-text fusion-text-2 description\" style=\"--awb-text-transform:none;\"><p>Der Beginn des Honigflusses ist im Allgemeinen durch eine starke Gewichtszunahme gekennzeichnet und zeigt den Beginn der Bl\u00fcte um Ihre Bienenst\u00f6cke an.<\/p>\n<\/div><\/div><\/div><div class=\"fusion-layout-column fusion_builder_column fusion-builder-column-2 fusion_builder_column_1_2 1_2 fusion-flex-column\" style=\"--awb-bg-size:cover;--awb-width-large:50%;--awb-margin-top-large:0px;--awb-spacing-right-large:3.84%;--awb-margin-bottom-large:0px;--awb-spacing-left-large:3.84%;--awb-width-medium:100%;--awb-order-medium:0;--awb-spacing-right-medium:1.92%;--awb-spacing-left-medium:1.92%;--awb-width-small:100%;--awb-order-small:0;--awb-spacing-right-small:1.92%;--awb-spacing-left-small:1.92%;\"><div class=\"fusion-column-wrapper fusion-column-has-shadow fusion-flex-justify-content-flex-start fusion-content-layout-column\"><div class=\"fusion-image-element \" style=\"text-align:center;--awb-caption-title-font-family:var(--h2_typography-font-family);--awb-caption-title-font-weight:var(--h2_typography-font-weight);--awb-caption-title-font-style:var(--h2_typography-font-style);--awb-caption-title-size:var(--h2_typography-font-size);--awb-caption-title-transform:var(--h2_typography-text-transform);--awb-caption-title-line-height:var(--h2_typography-line-height);--awb-caption-title-letter-spacing:var(--h2_typography-letter-spacing);\"><span class=\" fusion-imageframe imageframe-none imageframe-2 hover-type-none\"><img decoding=\"async\" width=\"300\" height=\"200\" title=\"pexels-dmitry-glazunov-4247171\" src=\"https:\/\/bee2beep.com\/wp-content\/uploads\/2022\/01\/pexels-dmitry-glazunov-4247171-300x200.jpg\" alt class=\"img-responsive wp-image-4587\" srcset=\"https:\/\/bee2beep.com\/wp-content\/uploads\/2022\/01\/pexels-dmitry-glazunov-4247171-200x133.jpg 200w, https:\/\/bee2beep.com\/wp-content\/uploads\/2022\/01\/pexels-dmitry-glazunov-4247171-400x267.jpg 400w, https:\/\/bee2beep.com\/wp-content\/uploads\/2022\/01\/pexels-dmitry-glazunov-4247171-600x400.jpg 600w, https:\/\/bee2beep.com\/wp-content\/uploads\/2022\/01\/pexels-dmitry-glazunov-4247171-800x533.jpg 800w, https:\/\/bee2beep.com\/wp-content\/uploads\/2022\/01\/pexels-dmitry-glazunov-4247171-1200x800.jpg 1200w\" sizes=\"(max-width: 1024px) 100vw, (max-width: 640px) 100vw, 600px\" \/><\/span><\/div><div class=\"fusion-title title fusion-title-3 fusion-sep-none fusion-title-text fusion-title-size-three\" style=\"--awb-margin-top-small:0px;--awb-margin-right-small:0px;--awb-margin-bottom-small:20px;--awb-margin-left-small:0px;\"><h3 class=\"fusion-title-heading title-heading-left\" style=\"margin:0;\">Kontrolle reservieren<\/h3><\/div><div class=\"fusion-text fusion-text-3 description\" style=\"--awb-text-transform:none;\"><p>Verfolgen Sie dank unseres F\u00fcllstands-Tools im Handumdrehen den Reservestand Ihrer Kolonien, damit Sie jedes Hungerrisiko vermeiden k\u00f6nnen.<\/p>\n<\/div><\/div><\/div><div class=\"fusion-layout-column fusion_builder_column fusion-builder-column-3 fusion_builder_column_1_2 1_2 fusion-flex-column\" style=\"--awb-bg-size:cover;--awb-width-large:50%;--awb-margin-top-large:0px;--awb-spacing-right-large:3.84%;--awb-margin-bottom-large:0px;--awb-spacing-left-large:3.84%;--awb-width-medium:100%;--awb-order-medium:0;--awb-spacing-right-medium:1.92%;--awb-spacing-left-medium:1.92%;--awb-width-small:100%;--awb-order-small:0;--awb-spacing-right-small:1.92%;--awb-spacing-left-small:1.92%;\"><div class=\"fusion-column-wrapper fusion-column-has-shadow fusion-flex-justify-content-flex-start fusion-content-layout-column\"><div class=\"fusion-image-element \" style=\"text-align:center;--awb-caption-title-font-family:var(--h2_typography-font-family);--awb-caption-title-font-weight:var(--h2_typography-font-weight);--awb-caption-title-font-style:var(--h2_typography-font-style);--awb-caption-title-size:var(--h2_typography-font-size);--awb-caption-title-transform:var(--h2_typography-text-transform);--awb-caption-title-line-height:var(--h2_typography-line-height);--awb-caption-title-letter-spacing:var(--h2_typography-letter-spacing);\"><span class=\" fusion-imageframe imageframe-none imageframe-3 hover-type-none\"><img decoding=\"async\" width=\"300\" height=\"200\" title=\"pexels-memoryslashvision-6844494\" src=\"https:\/\/bee2beep.com\/wp-content\/uploads\/2022\/01\/pexels-memoryslashvision-6844494-300x200.jpg\" alt class=\"img-responsive wp-image-4575\" srcset=\"https:\/\/bee2beep.com\/wp-content\/uploads\/2022\/01\/pexels-memoryslashvision-6844494-200x133.jpg 200w, https:\/\/bee2beep.com\/wp-content\/uploads\/2022\/01\/pexels-memoryslashvision-6844494-400x267.jpg 400w, https:\/\/bee2beep.com\/wp-content\/uploads\/2022\/01\/pexels-memoryslashvision-6844494-600x400.jpg 600w, https:\/\/bee2beep.com\/wp-content\/uploads\/2022\/01\/pexels-memoryslashvision-6844494-800x533.jpg 800w, https:\/\/bee2beep.com\/wp-content\/uploads\/2022\/01\/pexels-memoryslashvision-6844494-1200x800.jpg 1200w\" sizes=\"(max-width: 1024px) 100vw, (max-width: 640px) 100vw, 600px\" \/><\/span><\/div><div class=\"fusion-title title fusion-title-4 fusion-sep-none fusion-title-text fusion-title-size-three\" style=\"--awb-margin-top-small:0px;--awb-margin-right-small:0px;--awb-margin-bottom-small:20px;--awb-margin-left-small:0px;\"><h3 class=\"fusion-title-heading title-heading-left\" style=\"margin:0;\">Schwarmerkennung<\/h3><\/div><div class=\"fusion-text fusion-text-4 description\" style=\"--awb-text-transform:none;\"><p>Werden die Temperaturschwankungen im Bienenstock und eine starke Gewichtsschwankung im Herzen des Fr\u00fchlings festgestellt, werden Sie mit einem Schwarmalarm informiert und erholen Sie Ihren Schwarm schnell.<\/p>\n<\/div><\/div><\/div><div class=\"fusion-layout-column fusion_builder_column fusion-builder-column-4 fusion_builder_column_1_2 1_2 fusion-flex-column fusion-flex-align-self-flex-start\" style=\"--awb-bg-size:cover;--awb-width-large:50%;--awb-margin-top-large:0px;--awb-spacing-right-large:3.84%;--awb-margin-bottom-large:0px;--awb-spacing-left-large:3.84%;--awb-width-medium:100%;--awb-order-medium:0;--awb-spacing-right-medium:1.92%;--awb-spacing-left-medium:1.92%;--awb-width-small:100%;--awb-order-small:0;--awb-spacing-right-small:1.92%;--awb-spacing-left-small:1.92%;\"><div class=\"fusion-column-wrapper fusion-column-has-shadow fusion-flex-justify-content-flex-start fusion-content-layout-column\"><div class=\"fusion-image-element \" style=\"text-align:center;--awb-caption-title-font-family:var(--h2_typography-font-family);--awb-caption-title-font-weight:var(--h2_typography-font-weight);--awb-caption-title-font-style:var(--h2_typography-font-style);--awb-caption-title-size:var(--h2_typography-font-size);--awb-caption-title-transform:var(--h2_typography-text-transform);--awb-caption-title-line-height:var(--h2_typography-line-height);--awb-caption-title-letter-spacing:var(--h2_typography-letter-spacing);\"><span class=\" fusion-imageframe imageframe-none imageframe-4 hover-type-none\"><img decoding=\"async\" width=\"300\" height=\"214\" title=\"pexels-casia-charlie-2421956\" src=\"https:\/\/bee2beep.com\/wp-content\/uploads\/2022\/01\/pexels-casia-charlie-2421956-300x214.jpg\" alt class=\"img-responsive wp-image-4583\" srcset=\"https:\/\/bee2beep.com\/wp-content\/uploads\/2022\/01\/pexels-casia-charlie-2421956-200x143.jpg 200w, https:\/\/bee2beep.com\/wp-content\/uploads\/2022\/01\/pexels-casia-charlie-2421956-400x285.jpg 400w, https:\/\/bee2beep.com\/wp-content\/uploads\/2022\/01\/pexels-casia-charlie-2421956-600x428.jpg 600w, https:\/\/bee2beep.com\/wp-content\/uploads\/2022\/01\/pexels-casia-charlie-2421956-800x570.jpg 800w, https:\/\/bee2beep.com\/wp-content\/uploads\/2022\/01\/pexels-casia-charlie-2421956-1200x855.jpg 1200w\" sizes=\"(max-width: 1024px) 100vw, (max-width: 640px) 100vw, 600px\" \/><\/span><\/div><div class=\"fusion-title title fusion-title-5 fusion-sep-none fusion-title-text fusion-title-size-three\" style=\"--awb-margin-top-small:0px;--awb-margin-right-small:0px;--awb-margin-bottom-small:20px;--awb-margin-left-small:0px;\"><h3 class=\"fusion-title-heading title-heading-left\" style=\"margin:0;\">Schutz vor Diebstahl<\/h3><\/div><div class=\"fusion-text fusion-text-5 description\" style=\"--awb-text-transform:none;\"><p>Wenn die Waage eine anormale Bewegung Ihres Bienenstocks erkennt, erhalten Sie sofort eine Benachrichtigung, um Sie auf eine verd\u00e4chtige Aktion aufmerksam zu machen.<\/p>\n<\/div><\/div><\/div><\/div><\/div>\n","protected":false},"excerpt":{"rendered":"","protected":false},"author":1,"featured_media":0,"parent":0,"menu_order":0,"comment_status":"closed","ping_status":"closed","template":"100-width.php","meta":{"footnotes":""},"class_list":["post-4737","page","type-page","status-publish","hentry"],"yoast_head":"<!-- This site is optimized with the Yoast SEO plugin v27.5 - https:\/\/yoast.com\/product\/yoast-seo-wordpress\/ -->\n<title>Verbundene Waage: verwendet | Honigfluss\u00fcberwachung, Diebstahlerkennung, ...<\/title>\n<meta name=\"description\" content=\"Entdecken Sie die verschiedenen Einsatzm\u00f6glichkeiten. Mit einer angeschlossenen Waage k\u00f6nnen Sie in Echtzeit und Tag f\u00fcr Tag den Beginn des Honigflusses verfolgen.\" \/>\n<meta name=\"robots\" content=\"index, follow, max-snippet:-1, max-image-preview:large, max-video-preview:-1\" \/>\n<link rel=\"canonical\" href=\"https:\/\/bee2beep.com\/de\/verwendet\/\" \/>\n<meta property=\"og:locale\" content=\"de_DE\" \/>\n<meta property=\"og:type\" content=\"article\" \/>\n<meta property=\"og:title\" content=\"Verbundene Waage: verwendet | Honigfluss\u00fcberwachung, Diebstahlerkennung, ...\" \/>\n<meta property=\"og:description\" content=\"Entdecken Sie die verschiedenen Einsatzm\u00f6glichkeiten. Mit einer angeschlossenen Waage k\u00f6nnen Sie in Echtzeit und Tag f\u00fcr Tag den Beginn des Honigflusses verfolgen.\" \/>\n<meta property=\"og:url\" content=\"https:\/\/bee2beep.com\/de\/verwendet\/\" \/>\n<meta property=\"og:site_name\" content=\"Bee2Beep\" \/>\n<meta property=\"article:modified_time\" content=\"2022-03-25T12:58:22+00:00\" \/>\n<meta name=\"twitter:card\" content=\"summary_large_image\" \/>\n<script type=\"application\/ld+json\" class=\"yoast-schema-graph\">{\"@context\":\"https:\\\/\\\/schema.org\",\"@graph\":[{\"@type\":\"WebPage\",\"@id\":\"https:\\\/\\\/bee2beep.com\\\/de\\\/verwendet\\\/\",\"url\":\"https:\\\/\\\/bee2beep.com\\\/de\\\/verwendet\\\/\",\"name\":\"Verbundene Waage: verwendet | Honigfluss\u00fcberwachung, Diebstahlerkennung, ...\",\"isPartOf\":{\"@id\":\"https:\\\/\\\/bee2beep.com\\\/de\\\/#website\"},\"datePublished\":\"2021-12-06T06:01:47+00:00\",\"dateModified\":\"2022-03-25T12:58:22+00:00\",\"description\":\"Entdecken Sie die verschiedenen Einsatzm\u00f6glichkeiten. Mit einer angeschlossenen Waage k\u00f6nnen Sie in Echtzeit und Tag f\u00fcr Tag den Beginn des Honigflusses verfolgen.\",\"inLanguage\":\"de\",\"potentialAction\":[{\"@type\":\"ReadAction\",\"target\":[\"https:\\\/\\\/bee2beep.com\\\/de\\\/verwendet\\\/\"]}]},{\"@type\":\"WebSite\",\"@id\":\"https:\\\/\\\/bee2beep.com\\\/de\\\/#website\",\"url\":\"https:\\\/\\\/bee2beep.com\\\/de\\\/\",\"name\":\"Bee2Beep\",\"description\":\"\",\"potentialAction\":[{\"@type\":\"SearchAction\",\"target\":{\"@type\":\"EntryPoint\",\"urlTemplate\":\"https:\\\/\\\/bee2beep.com\\\/de\\\/?s={search_term_string}\"},\"query-input\":{\"@type\":\"PropertyValueSpecification\",\"valueRequired\":true,\"valueName\":\"search_term_string\"}}],\"inLanguage\":\"de\"}]}<\/script>\n<!-- \/ Yoast SEO plugin. -->","yoast_head_json":{"title":"Verbundene Waage: verwendet | Honigfluss\u00fcberwachung, Diebstahlerkennung, ...","description":"Entdecken Sie die verschiedenen Einsatzm\u00f6glichkeiten. Mit einer angeschlossenen Waage k\u00f6nnen Sie in Echtzeit und Tag f\u00fcr Tag den Beginn des Honigflusses verfolgen.","robots":{"index":"index","follow":"follow","max-snippet":"max-snippet:-1","max-image-preview":"max-image-preview:large","max-video-preview":"max-video-preview:-1"},"canonical":"https:\/\/bee2beep.com\/de\/verwendet\/","og_locale":"de_DE","og_type":"article","og_title":"Verbundene Waage: verwendet | Honigfluss\u00fcberwachung, Diebstahlerkennung, ...","og_description":"Entdecken Sie die verschiedenen Einsatzm\u00f6glichkeiten. Mit einer angeschlossenen Waage k\u00f6nnen Sie in Echtzeit und Tag f\u00fcr Tag den Beginn des Honigflusses verfolgen.","og_url":"https:\/\/bee2beep.com\/de\/verwendet\/","og_site_name":"Bee2Beep","article_modified_time":"2022-03-25T12:58:22+00:00","twitter_card":"summary_large_image","schema":{"@context":"https:\/\/schema.org","@graph":[{"@type":"WebPage","@id":"https:\/\/bee2beep.com\/de\/verwendet\/","url":"https:\/\/bee2beep.com\/de\/verwendet\/","name":"Verbundene Waage: verwendet | Honigfluss\u00fcberwachung, Diebstahlerkennung, ...","isPartOf":{"@id":"https:\/\/bee2beep.com\/de\/#website"},"datePublished":"2021-12-06T06:01:47+00:00","dateModified":"2022-03-25T12:58:22+00:00","description":"Entdecken Sie die verschiedenen Einsatzm\u00f6glichkeiten. Mit einer angeschlossenen Waage k\u00f6nnen Sie in Echtzeit und Tag f\u00fcr Tag den Beginn des Honigflusses verfolgen.","inLanguage":"de","potentialAction":[{"@type":"ReadAction","target":["https:\/\/bee2beep.com\/de\/verwendet\/"]}]},{"@type":"WebSite","@id":"https:\/\/bee2beep.com\/de\/#website","url":"https:\/\/bee2beep.com\/de\/","name":"Bee2Beep","description":"","potentialAction":[{"@type":"SearchAction","target":{"@type":"EntryPoint","urlTemplate":"https:\/\/bee2beep.com\/de\/?s={search_term_string}"},"query-input":{"@type":"PropertyValueSpecification","valueRequired":true,"valueName":"search_term_string"}}],"inLanguage":"de"}]}},"_links":{"self":[{"href":"https:\/\/bee2beep.com\/de\/wp-json\/wp\/v2\/pages\/4737","targetHints":{"allow":["GET"]}}],"collection":[{"href":"https:\/\/bee2beep.com\/de\/wp-json\/wp\/v2\/pages"}],"about":[{"href":"https:\/\/bee2beep.com\/de\/wp-json\/wp\/v2\/types\/page"}],"author":[{"embeddable":true,"href":"https:\/\/bee2beep.com\/de\/wp-json\/wp\/v2\/users\/1"}],"replies":[{"embeddable":true,"href":"https:\/\/bee2beep.com\/de\/wp-json\/wp\/v2\/comments?post=4737"}],"version-history":[{"count":2,"href":"https:\/\/bee2beep.com\/de\/wp-json\/wp\/v2\/pages\/4737\/revisions"}],"predecessor-version":[{"id":4740,"href":"https:\/\/bee2beep.com\/de\/wp-json\/wp\/v2\/pages\/4737\/revisions\/4740"}],"wp:attachment":[{"href":"https:\/\/bee2beep.com\/de\/wp-json\/wp\/v2\/media?parent=4737"}],"curies":[{"name":"wp","href":"https:\/\/api.w.org\/{rel}","templated":true}]}}