{"id":4723,"date":"2019-12-04T19:57:50","date_gmt":"2019-12-04T18:57:50","guid":{"rendered":"https:\/\/bee2beep.com\/bloggen\/"},"modified":"2022-03-25T13:58:20","modified_gmt":"2022-03-25T12:58:20","slug":"bloggen","status":"publish","type":"page","link":"https:\/\/bee2beep.com\/de\/bloggen\/","title":{"rendered":"Bloggen"},"content":{"rendered":"<div class=\"fusion-fullwidth fullwidth-box fusion-builder-row-1 fusion-flex-container nonhundred-percent-fullwidth non-hundred-percent-height-scrolling\" style=\"--awb-border-radius-top-left:0px;--awb-border-radius-top-right:0px;--awb-border-radius-bottom-right:0px;--awb-border-radius-bottom-left:0px;--awb-flex-wrap:wrap;\" ><div class=\"fusion-builder-row fusion-row fusion-flex-align-items-stretch fusion-flex-content-wrap\" style=\"max-width:1144px;margin-left: calc(-4% \/ 2 );margin-right: calc(-4% \/ 2 );\"><div class=\"fusion-layout-column fusion_builder_column fusion-builder-column-0 fusion_builder_column_1_1 1_1 fusion-flex-column fusion-flex-align-self-flex-start fusion-column-no-min-height\" style=\"--awb-bg-size:cover;--awb-width-large:100%;--awb-margin-top-large:0px;--awb-spacing-right-large:1.92%;--awb-margin-bottom-large:0px;--awb-spacing-left-large:1.92%;--awb-width-medium:100%;--awb-spacing-right-medium:1.92%;--awb-spacing-left-medium:1.92%;--awb-width-small:100%;--awb-spacing-right-small:1.92%;--awb-spacing-left-small:1.92%;\"><div class=\"fusion-column-wrapper fusion-column-has-shadow fusion-flex-justify-content-flex-start fusion-content-layout-column\"><div class=\"fusion-title title fusion-title-1 fusion-sep-none fusion-title-center fusion-title-text fusion-title-size-two\" style=\"--awb-margin-top-small:0px;--awb-margin-right-small:0px;--awb-margin-bottom-small:20px;--awb-margin-left-small:0px;\"><h2 class=\"fusion-title-heading title-heading-center\" style=\"margin:0;\">Der Bee2Beep-Blog<\/h2><\/div><div class=\"fusion-text fusion-text-1 ss-titre\" style=\"--awb-content-alignment:center;--awb-text-transform:none;\"><p>Aktuelles &#8211; Publikationen &#8211; Vertiefung<\/p>\n<\/div><div class=\"fusion-blog-shortcode fusion-blog-shortcode-1 fusion-blog-archive fusion-blog-layout-grid-wrapper fusion-blog-infinite\"><style type=\"text\/css\">.fusion-blog-shortcode-1 .fusion-blog-layout-grid .fusion-post-grid{padding:20px;}.fusion-blog-shortcode-1 .fusion-posts-container{margin-left: -20px !important; margin-right:-20px !important;}<\/style><div class=\"fusion-posts-container fusion-posts-container-infinite fusion-blog-layout-grid fusion-blog-layout-grid-3 isotope\" data-pages=\"3\" data-grid-col-space=\"40\" style=\"margin: -20px -20px 0;min-height:500px;\"><article id=\"blog-1-post-10835\" class=\"fusion-post-grid post-10835 post type-post status-publish format-standard has-post-thumbnail hentry category-nachrichten\">\n<div class=\"fusion-post-wrapper\" style=\"background-color:rgba(255,255,255,0);border:1px solid #ebeaea;border-bottom-width:3px;\">\n\n\t\t\t<div class=\"fusion-flexslider flexslider fusion-flexslider-loading fusion-post-slideshow\" style=\"border-color:#ebeaea;\">\n\t\t<ul class=\"slides\">\n\t\t\t\n\t\t\t\t\t\t\t\t\t\t\t\t\t\t<li><div  class=\"fusion-image-wrapper\" aria-haspopup=\"true\">\n\t\t\t\t\t\t\t<a href=\"https:\/\/bee2beep.com\/de\/anschlussfaehige-waagen-frankreichagrimer-la-revolution-apicole\/\" aria-label=\"Vernetzte Waagen F\u00f6rderf\u00e4hig FranceAgriMer : Die Revolution in der Imkerei\">\n\t\t\t\t\t\t\t<img decoding=\"async\" width=\"900\" height=\"514\" src=\"https:\/\/bee2beep.com\/wp-content\/uploads\/2023\/12\/balance-connectee-pour-ruche-bee2beep-eligible-france-agrimer.jpg\" class=\"attachment-full size-full wp-post-image\" alt=\"balance-connectee-pour-ruche-bee2beep-eligible-france-agrimer\" srcset=\"https:\/\/bee2beep.com\/wp-content\/uploads\/2023\/12\/balance-connectee-pour-ruche-bee2beep-eligible-france-agrimer-200x114.jpg 200w, https:\/\/bee2beep.com\/wp-content\/uploads\/2023\/12\/balance-connectee-pour-ruche-bee2beep-eligible-france-agrimer-400x228.jpg 400w, https:\/\/bee2beep.com\/wp-content\/uploads\/2023\/12\/balance-connectee-pour-ruche-bee2beep-eligible-france-agrimer-600x343.jpg 600w, https:\/\/bee2beep.com\/wp-content\/uploads\/2023\/12\/balance-connectee-pour-ruche-bee2beep-eligible-france-agrimer-800x457.jpg 800w, https:\/\/bee2beep.com\/wp-content\/uploads\/2023\/12\/balance-connectee-pour-ruche-bee2beep-eligible-france-agrimer.jpg 900w\" sizes=\"(min-width: 2200px) 100vw, (min-width: 784px) 340px, (min-width: 712px) 510px, (min-width: 640px) 712px, \" \/>\t\t\t<\/a>\n\t\t\t\t\t\t\t<\/div>\n<\/li>\n\t\t\t\n\t\t\t\n\t\t\t\t\t\t\t\t\t\t\t\t\t\t\t\t\t\t\t\t\t\t\t\t\t\t\t\t\t\t\t\t\t\t\t\t\t\t\t\t\t\t\t\t\t\t\t\t\t\t\t\t\t\t\t\t\t\t\t\t\t\t\t\t\t\t\t\t<\/ul>\n\t<\/div>\n\t<div class=\"fusion-post-content-wrapper\" style=\"padding:30px 25px 20px 25px;\"><div class=\"fusion-post-content post-content\"><h2 class=\"blog-shortcode-post-title entry-title\">Vernetzte Waagen F\u00f6rderf\u00e4hig FranceAgriMer : Die Revolution in der Imkerei<\/h2><p class=\"fusion-single-line-meta\"><span class=\"updated\" style=\"display:none;\">2023-12-15T16:53:33+01:00<\/span><span>15 Dezember 2023<\/span><span class=\"fusion-inline-sep\">|<\/span><a href=\"https:\/\/bee2beep.com\/de\/category\/nachrichten\/\" rel=\"category tag\">Nachrichten<\/a><span class=\"fusion-inline-sep\">|<\/span><\/p><div class=\"fusion-content-sep sep-double sep-solid\"><\/div><div class=\"fusion-post-content-container\"><p> In der Welt der modernen Imkerei ist der Einsatz von Technologie zur Optimierung der Bienenstockverwaltung zu einem Schl\u00fcsselelement geworden. Mit der wertvollen Hilfe von FranceAgriMer haben Imker nun die M\u00f6glichkeit, ihre T\u00e4tigkeit mithilfe [...]<\/p><\/div><\/div><div class=\"fusion-meta-info\"><div class=\"fusion-alignleft\"><a class=\"fusion-read-more\" href=\"https:\/\/bee2beep.com\/de\/anschlussfaehige-waagen-frankreichagrimer-la-revolution-apicole\/\" aria-label=\"More on Vernetzte Waagen F\u00f6rderf\u00e4hig FranceAgriMer : Die Revolution in der Imkerei\">Read More<\/a><\/div><\/div><\/div><div class=\"fusion-clearfix\"><\/div><\/div>\n<\/article>\n<article id=\"blog-1-post-9884\" class=\"fusion-post-grid post-9884 post type-post status-publish format-standard has-post-thumbnail hentry category-nachrichten\">\n<div class=\"fusion-post-wrapper\" style=\"background-color:rgba(255,255,255,0);border:1px solid #ebeaea;border-bottom-width:3px;\">\n\n\t\t\t<div class=\"fusion-flexslider flexslider fusion-flexslider-loading fusion-post-slideshow\" style=\"border-color:#ebeaea;\">\n\t\t<ul class=\"slides\">\n\t\t\t\n\t\t\t\t\t\t\t\t\t\t\t\t\t\t<li><div  class=\"fusion-image-wrapper\" aria-haspopup=\"true\">\n\t\t\t\t\t\t\t<a href=\"https:\/\/bee2beep.com\/de\/wie-man-gut-in-die-bienensaison-2023-startet-tipps-fuer-den-monat-april\/\" aria-label=\"Ein guter Start in die Bienensaison 2023: Tipps f\u00fcr den April\">\n\t\t\t\t\t\t\t<img decoding=\"async\" width=\"600\" height=\"500\" src=\"https:\/\/bee2beep.com\/wp-content\/uploads\/2022\/08\/Saison-apicole-2023.jpg\" class=\"attachment-full size-full wp-post-image\" alt=\"Saison apicole 2023\" srcset=\"https:\/\/bee2beep.com\/wp-content\/uploads\/2022\/08\/Saison-apicole-2023-200x167.jpg 200w, https:\/\/bee2beep.com\/wp-content\/uploads\/2022\/08\/Saison-apicole-2023-400x333.jpg 400w, https:\/\/bee2beep.com\/wp-content\/uploads\/2022\/08\/Saison-apicole-2023.jpg 600w\" sizes=\"(min-width: 2200px) 100vw, (min-width: 784px) 340px, (min-width: 712px) 510px, (min-width: 640px) 712px, \" \/>\t\t\t<\/a>\n\t\t\t\t\t\t\t<\/div>\n<\/li>\n\t\t\t\n\t\t\t\n\t\t\t\t\t\t\t\t\t\t\t\t\t\t\t\t\t\t\t\t\t\t\t\t\t\t\t\t\t\t\t\t\t\t\t\t\t\t\t\t\t\t\t\t\t\t\t\t\t\t\t\t\t\t\t\t\t\t\t\t\t\t\t\t\t\t\t\t<\/ul>\n\t<\/div>\n\t<div class=\"fusion-post-content-wrapper\" style=\"padding:30px 25px 20px 25px;\"><div class=\"fusion-post-content post-content\"><h2 class=\"blog-shortcode-post-title entry-title\">Ein guter Start in die Bienensaison 2023: Tipps f\u00fcr den April<\/h2><p class=\"fusion-single-line-meta\"><span class=\"updated\" style=\"display:none;\">2023-04-03T16:29:52+02:00<\/span><span>3 April 2023<\/span><span class=\"fusion-inline-sep\">|<\/span><a href=\"https:\/\/bee2beep.com\/de\/category\/nachrichten\/\" rel=\"category tag\">Nachrichten<\/a><span class=\"fusion-inline-sep\">|<\/span><\/p><div class=\"fusion-content-sep sep-double sep-solid\"><\/div><div class=\"fusion-post-content-container\"><p> Der April markiert f\u00fcr viele Imker den Beginn der Bienensaison. Dies ist der Zeitpunkt, an dem die Bienen beginnen, aus ihrem Stock zu kommen, um Pollen zu sammeln und mitzubringen, um ihr Volk [...]<\/p><\/div><\/div><div class=\"fusion-meta-info\"><div class=\"fusion-alignleft\"><a class=\"fusion-read-more\" href=\"https:\/\/bee2beep.com\/de\/wie-man-gut-in-die-bienensaison-2023-startet-tipps-fuer-den-monat-april\/\" aria-label=\"More on Ein guter Start in die Bienensaison 2023: Tipps f\u00fcr den April\">Read More<\/a><\/div><\/div><\/div><div class=\"fusion-clearfix\"><\/div><\/div>\n<\/article>\n<article id=\"blog-1-post-9559\" class=\"fusion-post-grid post-9559 post type-post status-publish format-standard has-post-thumbnail hentry category-vertiefung\">\n<div class=\"fusion-post-wrapper\" style=\"background-color:rgba(255,255,255,0);border:1px solid #ebeaea;border-bottom-width:3px;\">\n\n\t\t\t<div class=\"fusion-flexslider flexslider fusion-flexslider-loading fusion-post-slideshow\" style=\"border-color:#ebeaea;\">\n\t\t<ul class=\"slides\">\n\t\t\t\n\t\t\t\t\t\t\t\t\t\t\t\t\t\t<li><div  class=\"fusion-image-wrapper\" aria-haspopup=\"true\">\n\t\t\t\t\t\t\t<a href=\"https:\/\/bee2beep.com\/de\/die-vernetzte-bienenstockwaage-ein-unverzichtbares-werkzeug-fuer-alle-im-honig-und-im-winter\/\" aria-label=\"Die angeschlossene Bienenstockwaage ein unentbehrliches Werkzeug das ganze Jahr \u00fcber: Verfolgung der Honigernte und \u00dcberwinterung\">\n\t\t\t\t\t\t\t<img decoding=\"async\" width=\"600\" height=\"500\" src=\"https:\/\/bee2beep.com\/wp-content\/uploads\/2022\/08\/Sans-titre-23-1.jpg\" class=\"attachment-full size-full wp-post-image\" alt=\"la balance connect\u00e9e pour ruche : article bee2beep beekeeper\" srcset=\"https:\/\/bee2beep.com\/wp-content\/uploads\/2022\/08\/Sans-titre-23-1-200x167.jpg 200w, https:\/\/bee2beep.com\/wp-content\/uploads\/2022\/08\/Sans-titre-23-1-400x333.jpg 400w, https:\/\/bee2beep.com\/wp-content\/uploads\/2022\/08\/Sans-titre-23-1.jpg 600w\" sizes=\"(min-width: 2200px) 100vw, (min-width: 784px) 340px, (min-width: 712px) 510px, (min-width: 640px) 712px, \" \/>\t\t\t<\/a>\n\t\t\t\t\t\t\t<\/div>\n<\/li>\n\t\t\t\n\t\t\t\n\t\t\t\t\t\t\t\t\t\t\t\t\t\t\t\t\t\t\t\t\t\t\t\t\t\t\t\t\t\t\t\t\t\t\t\t\t\t\t\t\t\t\t\t\t\t\t\t\t\t\t\t\t\t\t\t\t\t\t\t\t\t\t\t\t\t\t\t<\/ul>\n\t<\/div>\n\t<div class=\"fusion-post-content-wrapper\" style=\"padding:30px 25px 20px 25px;\"><div class=\"fusion-post-content post-content\"><h2 class=\"blog-shortcode-post-title entry-title\">Die angeschlossene Bienenstockwaage ein unentbehrliches Werkzeug das ganze Jahr \u00fcber: Verfolgung der Honigernte und \u00dcberwinterung<\/h2><p class=\"fusion-single-line-meta\"><span class=\"updated\" style=\"display:none;\">2023-02-22T18:54:55+01:00<\/span><span>11 August 2022<\/span><span class=\"fusion-inline-sep\">|<\/span><a href=\"https:\/\/bee2beep.com\/de\/category\/vertiefung\/\" rel=\"category tag\">Vertiefung<\/a><span class=\"fusion-inline-sep\">|<\/span><\/p><div class=\"fusion-content-sep sep-double sep-solid\"><\/div><div class=\"fusion-post-content-container\"><p>   N\u00fctzliche Informationen \u00fcber Ihren Bienenstock das ganze Jahr \u00fcber!  Die vernetzte Bienenstockwaage, ein Werkzeug f\u00fcr alle Imker! Ob sie praktiziert wird in Amateur oder als ProfiDie Imkerei ist ein vielseitiges [...]<\/p><\/div><\/div><div class=\"fusion-meta-info\"><div class=\"fusion-alignleft\"><a class=\"fusion-read-more\" href=\"https:\/\/bee2beep.com\/de\/die-vernetzte-bienenstockwaage-ein-unverzichtbares-werkzeug-fuer-alle-im-honig-und-im-winter\/\" aria-label=\"More on Die angeschlossene Bienenstockwaage ein unentbehrliches Werkzeug das ganze Jahr \u00fcber: Verfolgung der Honigernte und \u00dcberwinterung\">Read More<\/a><\/div><\/div><\/div><div class=\"fusion-clearfix\"><\/div><\/div>\n<\/article>\n<article id=\"blog-1-post-4882\" class=\"fusion-post-grid post-4882 post type-post status-publish format-standard has-post-thumbnail hentry category-nachrichten\">\n<div class=\"fusion-post-wrapper\" style=\"background-color:rgba(255,255,255,0);border:1px solid #ebeaea;border-bottom-width:3px;\">\n\n\t\t\t<div class=\"fusion-flexslider flexslider fusion-flexslider-loading fusion-post-slideshow\" style=\"border-color:#ebeaea;\">\n\t\t<ul class=\"slides\">\n\t\t\t\n\t\t\t\t\t\t\t\t\t\t\t\t\t\t<li><div  class=\"fusion-image-wrapper\" aria-haspopup=\"true\">\n\t\t\t\t\t\t\t<a href=\"https:\/\/bee2beep.com\/de\/events-connected-balance-2022\/\" aria-label=\"Die Events der vernetzten Waage Bee2beep im Jahr 2022\">\n\t\t\t\t\t\t\t<img decoding=\"async\" width=\"800\" height=\"534\" src=\"https:\/\/bee2beep.com\/wp-content\/uploads\/2022\/03\/Les-evenements-de-la-balance-connectee-Bee2beep-en-2022.png\" class=\"attachment-full size-full wp-post-image\" alt=\"\" srcset=\"https:\/\/bee2beep.com\/wp-content\/uploads\/2022\/03\/Les-evenements-de-la-balance-connectee-Bee2beep-en-2022-200x134.png 200w, https:\/\/bee2beep.com\/wp-content\/uploads\/2022\/03\/Les-evenements-de-la-balance-connectee-Bee2beep-en-2022-400x267.png 400w, https:\/\/bee2beep.com\/wp-content\/uploads\/2022\/03\/Les-evenements-de-la-balance-connectee-Bee2beep-en-2022-600x401.png 600w, https:\/\/bee2beep.com\/wp-content\/uploads\/2022\/03\/Les-evenements-de-la-balance-connectee-Bee2beep-en-2022.png 800w\" sizes=\"(min-width: 2200px) 100vw, (min-width: 784px) 340px, (min-width: 712px) 510px, (min-width: 640px) 712px, \" \/>\t\t\t<\/a>\n\t\t\t\t\t\t\t<\/div>\n<\/li>\n\t\t\t\n\t\t\t\n\t\t\t\t\t\t\t\t\t\t\t\t\t\t\t\t\t\t\t\t\t\t\t\t\t\t\t\t\t\t\t\t\t\t\t\t\t\t\t\t\t\t\t\t\t\t\t\t\t\t\t\t\t\t\t\t\t\t\t\t\t\t\t\t\t\t\t\t<\/ul>\n\t<\/div>\n\t<div class=\"fusion-post-content-wrapper\" style=\"padding:30px 25px 20px 25px;\"><div class=\"fusion-post-content post-content\"><h2 class=\"blog-shortcode-post-title entry-title\">Die Events der vernetzten Waage Bee2beep im Jahr 2022<\/h2><p class=\"fusion-single-line-meta\"><span class=\"updated\" style=\"display:none;\">2022-03-25T13:59:12+01:00<\/span><span>24 M\u00e4rz 2022<\/span><span class=\"fusion-inline-sep\">|<\/span><a href=\"https:\/\/bee2beep.com\/de\/category\/nachrichten\/\" rel=\"category tag\">Nachrichten<\/a><span class=\"fusion-inline-sep\">|<\/span><\/p><div class=\"fusion-content-sep sep-double sep-solid\"><\/div><div class=\"fusion-post-content-container\"><p> Die vernetzte Bee2beep-Waage wird dieses Jahr auf mehreren Veranstaltungen pr\u00e4sent sein!     Verbundene Gro\u00dfveranstaltungen: Messen &amp; Ausstellungen.   Im Jahr 2022 m\u00f6chte Bee2beep seine vernetzten Waagen auf mehreren franz\u00f6sischen [...]<\/p><\/div><\/div><div class=\"fusion-meta-info\"><div class=\"fusion-alignleft\"><a class=\"fusion-read-more\" href=\"https:\/\/bee2beep.com\/de\/events-connected-balance-2022\/\" aria-label=\"More on Die Events der vernetzten Waage Bee2beep im Jahr 2022\">Read More<\/a><\/div><\/div><\/div><div class=\"fusion-clearfix\"><\/div><\/div>\n<\/article>\n<article id=\"blog-1-post-4973\" class=\"fusion-post-grid post-4973 post type-post status-publish format-standard hentry category-vertiefung\">\n<div class=\"fusion-post-wrapper\" style=\"background-color:rgba(255,255,255,0);border:1px solid #ebeaea;border-bottom-width:3px;\">\n\n<div class=\"fusion-post-content-wrapper\" style=\"padding:30px 25px 20px 25px;\"><div class=\"fusion-post-content post-content\"><h2 class=\"blog-shortcode-post-title entry-title\">Die Website f\u00fcr verbundene Waagen entwickelt sich weiter<\/h2><p class=\"fusion-single-line-meta\"><span class=\"updated\" style=\"display:none;\">2022-03-25T13:59:08+01:00<\/span><span>26 Januar 2022<\/span><span class=\"fusion-inline-sep\">|<\/span><a href=\"https:\/\/bee2beep.com\/de\/category\/vertiefung\/\" rel=\"category tag\">Vertiefung<\/a><span class=\"fusion-inline-sep\">|<\/span><\/p><div class=\"fusion-content-sep sep-double sep-solid\"><\/div><div class=\"fusion-post-content-container\"><p> Neue Bee2Beep-Website f\u00fcr vernetzte Waagenl\u00f6sungen Neues digitales Spin-off mit der Ver\u00f6ffentlichung der neuen Version der Bee2Beep-Website f\u00fcr vernetzte Bienenst\u00f6cke und Bienenstock-Biomonitoring. Nach mehreren Wochen Arbeit ist die neue Website f\u00fcr Amateur- und Berufsimker [...]<\/p><\/div><\/div><div class=\"fusion-meta-info\"><div class=\"fusion-alignleft\"><a class=\"fusion-read-more\" href=\"https:\/\/bee2beep.com\/de\/scale-connected-site\/\" aria-label=\"More on Die Website f\u00fcr verbundene Waagen entwickelt sich weiter\">Read More<\/a><\/div><\/div><\/div><div class=\"fusion-clearfix\"><\/div><\/div>\n<\/article>\n<article id=\"blog-1-post-4881\" class=\"fusion-post-grid post-4881 post type-post status-publish format-standard has-post-thumbnail hentry category-vertiefung\">\n<div class=\"fusion-post-wrapper\" style=\"background-color:rgba(255,255,255,0);border:1px solid #ebeaea;border-bottom-width:3px;\">\n\n\t\t\t<div class=\"fusion-flexslider flexslider fusion-flexslider-loading fusion-post-slideshow\" style=\"border-color:#ebeaea;\">\n\t\t<ul class=\"slides\">\n\t\t\t\n\t\t\t\t\t\t\t\t\t\t\t\t\t\t<li><div  class=\"fusion-image-wrapper\" aria-haspopup=\"true\">\n\t\t\t\t\t\t\t<a href=\"https:\/\/bee2beep.com\/de\/funktionierende-bienenstocksaison\/\" aria-label=\"Was passiert im Bienenstock je nach Jahreszeit?\">\n\t\t\t\t\t\t\t<img decoding=\"async\" width=\"1350\" height=\"901\" src=\"https:\/\/bee2beep.com\/wp-content\/uploads\/2022\/01\/ruche-hiver.jpg\" class=\"attachment-full size-full wp-post-image\" alt=\"\" srcset=\"https:\/\/bee2beep.com\/wp-content\/uploads\/2022\/01\/ruche-hiver-200x133.jpg 200w, https:\/\/bee2beep.com\/wp-content\/uploads\/2022\/01\/ruche-hiver-400x267.jpg 400w, https:\/\/bee2beep.com\/wp-content\/uploads\/2022\/01\/ruche-hiver-600x400.jpg 600w, https:\/\/bee2beep.com\/wp-content\/uploads\/2022\/01\/ruche-hiver-800x534.jpg 800w, https:\/\/bee2beep.com\/wp-content\/uploads\/2022\/01\/ruche-hiver-1200x801.jpg 1200w, https:\/\/bee2beep.com\/wp-content\/uploads\/2022\/01\/ruche-hiver.jpg 1350w\" sizes=\"(min-width: 2200px) 100vw, (min-width: 784px) 340px, (min-width: 712px) 510px, (min-width: 640px) 712px, \" \/>\t\t\t<\/a>\n\t\t\t\t\t\t\t<\/div>\n<\/li>\n\t\t\t\n\t\t\t\n\t\t\t\t\t\t\t\t\t\t\t\t\t\t\t\t\t\t\t\t\t\t\t\t\t\t\t\t\t\t\t\t\t\t\t\t\t\t\t\t\t\t\t\t\t\t\t\t\t\t\t\t\t\t\t\t\t\t\t\t\t\t\t\t\t\t\t\t<\/ul>\n\t<\/div>\n\t<div class=\"fusion-post-content-wrapper\" style=\"padding:30px 25px 20px 25px;\"><div class=\"fusion-post-content post-content\"><h2 class=\"blog-shortcode-post-title entry-title\">Was passiert im Bienenstock je nach Jahreszeit?<\/h2><p class=\"fusion-single-line-meta\"><span class=\"updated\" style=\"display:none;\">2022-03-25T13:59:08+01:00<\/span><span>19 November 2021<\/span><span class=\"fusion-inline-sep\">|<\/span><a href=\"https:\/\/bee2beep.com\/de\/category\/vertiefung\/\" rel=\"category tag\">Vertiefung<\/a><span class=\"fusion-inline-sep\">|<\/span><\/p><div class=\"fusion-content-sep sep-double sep-solid\"><\/div><div class=\"fusion-post-content-container\"><p>Was passiert im Winter im Bienenstock? Diese Phase kann zwischen drei und sechs Monaten dauern, sie beginnt in der Regel am Ende des Honigflusses. Die Aktivit\u00e4t wird dann erheblich reduziert, die K\u00f6nigin h\u00f6rt dann [...]<\/p><\/div><\/div><div class=\"fusion-meta-info\"><div class=\"fusion-alignleft\"><a class=\"fusion-read-more\" href=\"https:\/\/bee2beep.com\/de\/funktionierende-bienenstocksaison\/\" aria-label=\"More on Was passiert im Bienenstock je nach Jahreszeit?\">Read More<\/a><\/div><\/div><\/div><div class=\"fusion-clearfix\"><\/div><\/div>\n<\/article>\n<div class=\"fusion-clearfix\"><\/div><\/div><div class=\"fusion-infinite-scroll-trigger\"><\/div><div class=\"pagination infinite-scroll clearfix\" style=\"display:none;\"><span class=\"current\">1<\/span><a href=\"https:\/\/bee2beep.com\/de\/wp-json\/wp\/v2\/pages\/4723\/page\/2\/\" class=\"inactive\">2<\/a><a class=\"pagination-next\" rel=\"next\" href=\"https:\/\/bee2beep.com\/de\/wp-json\/wp\/v2\/pages\/4723\/page\/2\/\"><span class=\"page-text\">Next<\/span><span class=\"page-next\"><\/span><\/a><\/div><div class=\"fusion-clearfix\"><\/div><\/div><\/div><\/div><\/div><\/div>\n","protected":false},"excerpt":{"rendered":"","protected":false},"author":1,"featured_media":0,"parent":0,"menu_order":0,"comment_status":"closed","ping_status":"closed","template":"","meta":{"footnotes":""},"class_list":["post-4723","page","type-page","status-publish","hentry"],"yoast_head":"<!-- This site is optimized with the Yoast SEO plugin v27.5 - https:\/\/yoast.com\/product\/yoast-seo-wordpress\/ -->\n<title>Bloggen<\/title>\n<meta name=\"robots\" content=\"index, follow, max-snippet:-1, max-image-preview:large, max-video-preview:-1\" \/>\n<link rel=\"canonical\" href=\"https:\/\/bee2beep.com\/de\/bloggen\/\" \/>\n<meta property=\"og:locale\" content=\"de_DE\" \/>\n<meta property=\"og:type\" content=\"article\" \/>\n<meta property=\"og:title\" content=\"Bloggen\" \/>\n<meta property=\"og:url\" content=\"https:\/\/bee2beep.com\/de\/bloggen\/\" \/>\n<meta property=\"og:site_name\" content=\"Bee2Beep\" \/>\n<meta property=\"article:modified_time\" content=\"2022-03-25T12:58:20+00:00\" \/>\n<meta name=\"twitter:card\" content=\"summary_large_image\" \/>\n<script type=\"application\/ld+json\" class=\"yoast-schema-graph\">{\"@context\":\"https:\\\/\\\/schema.org\",\"@graph\":[{\"@type\":\"WebPage\",\"@id\":\"https:\\\/\\\/bee2beep.com\\\/de\\\/bloggen\\\/\",\"url\":\"https:\\\/\\\/bee2beep.com\\\/de\\\/bloggen\\\/\",\"name\":\"Bloggen\",\"isPartOf\":{\"@id\":\"https:\\\/\\\/bee2beep.com\\\/de\\\/#website\"},\"datePublished\":\"2019-12-04T18:57:50+00:00\",\"dateModified\":\"2022-03-25T12:58:20+00:00\",\"inLanguage\":\"de\",\"potentialAction\":[{\"@type\":\"ReadAction\",\"target\":[\"https:\\\/\\\/bee2beep.com\\\/de\\\/bloggen\\\/\"]}]},{\"@type\":\"WebSite\",\"@id\":\"https:\\\/\\\/bee2beep.com\\\/de\\\/#website\",\"url\":\"https:\\\/\\\/bee2beep.com\\\/de\\\/\",\"name\":\"Bee2Beep\",\"description\":\"\",\"potentialAction\":[{\"@type\":\"SearchAction\",\"target\":{\"@type\":\"EntryPoint\",\"urlTemplate\":\"https:\\\/\\\/bee2beep.com\\\/de\\\/?s={search_term_string}\"},\"query-input\":{\"@type\":\"PropertyValueSpecification\",\"valueRequired\":true,\"valueName\":\"search_term_string\"}}],\"inLanguage\":\"de\"}]}<\/script>\n<!-- \/ Yoast SEO plugin. -->","yoast_head_json":{"title":"Bloggen","robots":{"index":"index","follow":"follow","max-snippet":"max-snippet:-1","max-image-preview":"max-image-preview:large","max-video-preview":"max-video-preview:-1"},"canonical":"https:\/\/bee2beep.com\/de\/bloggen\/","og_locale":"de_DE","og_type":"article","og_title":"Bloggen","og_url":"https:\/\/bee2beep.com\/de\/bloggen\/","og_site_name":"Bee2Beep","article_modified_time":"2022-03-25T12:58:20+00:00","twitter_card":"summary_large_image","schema":{"@context":"https:\/\/schema.org","@graph":[{"@type":"WebPage","@id":"https:\/\/bee2beep.com\/de\/bloggen\/","url":"https:\/\/bee2beep.com\/de\/bloggen\/","name":"Bloggen","isPartOf":{"@id":"https:\/\/bee2beep.com\/de\/#website"},"datePublished":"2019-12-04T18:57:50+00:00","dateModified":"2022-03-25T12:58:20+00:00","inLanguage":"de","potentialAction":[{"@type":"ReadAction","target":["https:\/\/bee2beep.com\/de\/bloggen\/"]}]},{"@type":"WebSite","@id":"https:\/\/bee2beep.com\/de\/#website","url":"https:\/\/bee2beep.com\/de\/","name":"Bee2Beep","description":"","potentialAction":[{"@type":"SearchAction","target":{"@type":"EntryPoint","urlTemplate":"https:\/\/bee2beep.com\/de\/?s={search_term_string}"},"query-input":{"@type":"PropertyValueSpecification","valueRequired":true,"valueName":"search_term_string"}}],"inLanguage":"de"}]}},"_links":{"self":[{"href":"https:\/\/bee2beep.com\/de\/wp-json\/wp\/v2\/pages\/4723","targetHints":{"allow":["GET"]}}],"collection":[{"href":"https:\/\/bee2beep.com\/de\/wp-json\/wp\/v2\/pages"}],"about":[{"href":"https:\/\/bee2beep.com\/de\/wp-json\/wp\/v2\/types\/page"}],"author":[{"embeddable":true,"href":"https:\/\/bee2beep.com\/de\/wp-json\/wp\/v2\/users\/1"}],"replies":[{"embeddable":true,"href":"https:\/\/bee2beep.com\/de\/wp-json\/wp\/v2\/comments?post=4723"}],"version-history":[{"count":2,"href":"https:\/\/bee2beep.com\/de\/wp-json\/wp\/v2\/pages\/4723\/revisions"}],"predecessor-version":[{"id":4730,"href":"https:\/\/bee2beep.com\/de\/wp-json\/wp\/v2\/pages\/4723\/revisions\/4730"}],"wp:attachment":[{"href":"https:\/\/bee2beep.com\/de\/wp-json\/wp\/v2\/media?parent=4723"}],"curies":[{"name":"wp","href":"https:\/\/api.w.org\/{rel}","templated":true}]}}